{"id":530,"date":"2017-03-03T16:24:52","date_gmt":"2017-03-03T15:24:52","guid":{"rendered":"http:\/\/skalkabenecko.cz\/hotel\/"},"modified":"2017-07-17T16:31:59","modified_gmt":"2017-07-17T14:31:59","slug":"hotel","status":"publish","type":"page","link":"https:\/\/skalkabenecko.cz\/de\/hotel\/","title":{"rendered":"Hotel"},"content":{"rendered":"<div class=\"fusion-fullwidth fullwidth-box fusion-builder-row-1 nonhundred-percent-fullwidth non-hundred-percent-height-scrolling\" style=\"background-color: rgba(255,255,255,0);background-position: center center;background-repeat: no-repeat;padding-top:20px;padding-right:0px;padding-bottom:20px;padding-left:0px;margin-bottom: 0px;margin-top: 0px;border-width: 0px 0px 0px 0px;border-color:#eae9e9;border-style:solid;\" ><div class=\"fusion-builder-row fusion-row\"><div class=\"fusion-layout-column fusion_builder_column fusion-builder-column-0 fusion_builder_column_1_1 1_1 fusion-one-full fusion-column-first fusion-column-last\" style=\"margin-top:0px;margin-bottom:20px;\"><div class=\"fusion-column-wrapper fusion-flex-column-wrapper-legacy\" style=\"background-position:left top;background-repeat:no-repeat;-webkit-background-size:cover;-moz-background-size:cover;-o-background-size:cover;background-size:cover;padding: 0px 0px 0px 0px;\"><style type=\"text\/css\"><\/style><div class=\"fusion-title title fusion-title-1 fusion-sep-none fusion-title-center fusion-title-text fusion-title-size-two\" style=\"margin-top:0px;margin-right:0px;margin-bottom:31px;margin-left:0px;\"><h2 class=\"title-heading-center\" style=\"margin:0;\">Hotel<\/h2><\/div><div class=\"fusion-sep-clear\"><\/div><div class=\"fusion-separator fusion-has-icon fusion-full-width-sep\" style=\"margin-left: auto;margin-right: auto;width:100%;\"><div class=\"fusion-separator-border sep-single sep-solid\" style=\"border-color:#474040;border-top-width:1px;\"><\/div><span class=\"icon-wrapper\" style=\"border-color:#474040;background-color:rgba(255,255,255,0);font-size:16px;width: 1.75em; height: 1.75em;border-width:1px;padding:1px;margin-top:-0.5px\"><i class=\" fa fa-building-o\" style=\"font-size: inherit;color:#474040;\" aria-hidden=\"true\"><\/i><\/span><div class=\"fusion-separator-border sep-single sep-solid\" style=\"border-color:#474040;border-top-width:1px;\"><\/div><\/div><div class=\"fusion-sep-clear\"><\/div><div class=\"fusion-sep-clear\"><\/div><div class=\"fusion-separator fusion-full-width-sep\" style=\"margin-left: auto;margin-right: auto;margin-top:20px;margin-bottom:20px;width:100%;\"><\/div><div class=\"fusion-sep-clear\"><\/div><div class=\"fusion-tabs fusion-tabs-1 clean vertical-tabs icon-position-left\"><style type=\"text\/css\">#wrapper .fusion-tabs.fusion-tabs-1.clean .nav-tabs li a.tab-link{border-color:#ebeaea;}.fusion-tabs.fusion-tabs-1 .nav-tabs li a.tab-link{background-color:#ebeaea;}.fusion-tabs.fusion-tabs-1 .nav-tabs li.active a.tab-link,.fusion-tabs.fusion-tabs-1 .nav-tabs li.active a.tab-link:hover,.fusion-tabs.fusion-tabs-1 .nav-tabs li.active a.tab-link:focus{background-color:#ffffff;}.fusion-tabs.fusion-tabs-1 .nav-tabs li a:hover{background-color:#ffffff;border-top-color:#ffffff;}.fusion-tabs.fusion-tabs-1 .tab-pane{background-color:#ffffff;}.fusion-tabs.fusion-tabs-1 .nav,.fusion-tabs.fusion-tabs-1 .nav-tabs,.fusion-tabs.fusion-tabs-1 .tab-content .tab-pane{border-color:#ebeaea;}<\/style><div class=\"nav\"><ul class=\"nav-tabs\" role=\"tablist\"><li class=\"active\"><a class=\"tab-link\" data-toggle=\"tab\" role=\"tab\" aria-controls=\"tab-c5c11fcdca9f8553405\" aria-selected=\"true\" id=\"fusion-tab-unterk\u00fcnfteinbeneckodasganzejahrhindurch\" href=\"#tab-c5c11fcdca9f8553405\"><h4 class=\"fusion-tab-heading\">Unterk\u00fcnfte in Benecko das ganze Jahr hindurch<\/h4><\/a><\/li><li><a class=\"tab-link\" data-toggle=\"tab\" role=\"tab\" aria-controls=\"tab-a8c6ea994851f924792\" aria-selected=\"false\" tabindex=\"-1\" id=\"fusion-tab-ausstattungvonhotelzimmern\" href=\"#tab-a8c6ea994851f924792\"><h4 class=\"fusion-tab-heading\">Ausstattung von Hotelzimmern<\/h4><\/a><\/li><li><a class=\"tab-link\" data-toggle=\"tab\" role=\"tab\" aria-controls=\"tab-1df9cb2ffc9e198bf48\" aria-selected=\"false\" tabindex=\"-1\" id=\"fusion-tab-bewahrungderprivatsph\u00e4ref\u00fcrhotelg\u00e4ste\" href=\"#tab-1df9cb2ffc9e198bf48\"><h4 class=\"fusion-tab-heading\">Bewahrung der Privatsph\u00e4re f\u00fcr Hotelg\u00e4ste<\/h4><\/a><\/li><li><a class=\"tab-link\" data-toggle=\"tab\" role=\"tab\" aria-controls=\"tab-900ff5eb1e11e78c5be\" aria-selected=\"false\" tabindex=\"-1\" id=\"fusion-tab-parkplatz\" href=\"#tab-900ff5eb1e11e78c5be\"><h4 class=\"fusion-tab-heading\">Parkplatz<\/h4><\/a><\/li><\/ul><\/div><div class=\"tab-content\"><div class=\"nav fusion-mobile-tab-nav\"><ul class=\"nav-tabs\"><li class=\"active\"><a class=\"tab-link\" data-toggle=\"tab\" role=\"tab\" aria-controls=\"tab-c5c11fcdca9f8553405\" aria-selected=\"true\" id=\"mobile-fusion-tab-unterk\u00fcnfteinbeneckodasganzejahrhindurch\" href=\"#tab-c5c11fcdca9f8553405\"><h4 class=\"fusion-tab-heading\">Unterk\u00fcnfte in Benecko das ganze Jahr hindurch<\/h4><\/a><\/li><\/ul><\/div><div class=\"tab-pane fade fusion-clearfix in active\" role=\"tabpanel\" tabindex=\"0\" aria-labelledby=\"fusion-tab-unterk\u00fcnfteinbeneckodasganzejahrhindurch\" id=\"tab-c5c11fcdca9f8553405\">Das Wellness-Hotel Skalka bietet die Unterk\u00fcnfte in 1-4 Bettzimmern mit der Gesamtkapazit\u00e4t  40 Betten an. Das Hotel ist mit seiner Lage, der Innen- und Au\u00dfenausstattung in Bezug auf die sportliche und aktive Entspannung f\u00fcr ein breites Kundenspektrum geeignet. Sowohl f\u00fcr Familien mit Kindern, Einzelpersonen oder sportliche Teams als auch f\u00fcr Firmenkunden oder Gruppen von Freunden, die eine Woche oder ein Wochenende im Gebirge gemeinschaftlich verbringen wollen.<\/p>\n\r\n\t\t\t\t\t\n\r\n\t\t\t\t\t<!-- START UNITE GALLERY LITE 1.7.54 -->\r\n\t\t\t\t\t\r\n\t\t\t\t\n\t\t\t<div id='unitegallery_1_1' class='unite-gallery' style='margin:0px auto;'>\n\t\t\t\t\n\n\t\t\t\t\t\t<img alt=\"skalka-slide-1\"\n\t\t\t\t\t\t     src=\"\" data-image=\"https:\/\/skalkabenecko.cz\/wp-content\/uploads\/2017\/03\/skalka-slide-1.jpg\"\n\t\t\t\t\t\t     data-thumb=\"https:\/\/skalkabenecko.cz\/wp-content\/uploads\/2017\/03\/skalka-slide-1-300x200.jpg\"\n\t\t\t\t\t\t     title=\"\"\n\t\t\t\t\t\t     style=\"display:none\">\n\n\t\t\t\t\t\t<img alt=\"skalka-slide-3\"\n\t\t\t\t\t\t     src=\"\" data-image=\"https:\/\/skalkabenecko.cz\/wp-content\/uploads\/2017\/03\/skalka-slide-3.jpg\"\n\t\t\t\t\t\t     data-thumb=\"https:\/\/skalkabenecko.cz\/wp-content\/uploads\/2017\/03\/skalka-slide-3-300x200.jpg\"\n\t\t\t\t\t\t     title=\"\"\n\t\t\t\t\t\t     style=\"display:none\">\n\n\t\t\t\t\t\t<img alt=\"skalka-slide-4\"\n\t\t\t\t\t\t     src=\"\" data-image=\"https:\/\/skalkabenecko.cz\/wp-content\/uploads\/2017\/03\/skalka-slide-4.jpg\"\n\t\t\t\t\t\t     data-thumb=\"https:\/\/skalkabenecko.cz\/wp-content\/uploads\/2017\/03\/skalka-slide-4-300x200.jpg\"\n\t\t\t\t\t\t     title=\"\"\n\t\t\t\t\t\t     style=\"display:none\">\n\n\t\t\t\t\t\t<img alt=\"skalka-slide-5\"\n\t\t\t\t\t\t     src=\"\" data-image=\"https:\/\/skalkabenecko.cz\/wp-content\/uploads\/2017\/03\/skalka-slide-5.jpg\"\n\t\t\t\t\t\t     data-thumb=\"https:\/\/skalkabenecko.cz\/wp-content\/uploads\/2017\/03\/skalka-slide-5-300x200.jpg\"\n\t\t\t\t\t\t     title=\"\"\n\t\t\t\t\t\t     style=\"display:none\">\n\t\t\t<\/div>\n\n\t\t\t<script type='text\/javascript'>\n\t\t\t\twindow.onload = function(e) {\n\t\t\t\t\tif(typeof ugCheckForErrors == \"undefined\"){\n\t\t\t\t\t\tdocument.getElementById(\"unitegallery_1_1\").innerHTML = \"<span style='color:red'>Unite Gallery Error - gallery js and css files not included in the footer. Please make sure that wp_footer() function is added to your theme.<\/span>\";}\n\t\t\t\t\telse{ ugCheckForErrors(\"unitegallery_1_1\", \"jquery\");}\n\t\t\t\t};\n\t\t\t<\/script>\n\n\t\t\t<!-- END UNITEGALLERY LITE--><\/div><div class=\"nav fusion-mobile-tab-nav\"><ul class=\"nav-tabs\"><li><a class=\"tab-link\" data-toggle=\"tab\" role=\"tab\" aria-controls=\"tab-a8c6ea994851f924792\" aria-selected=\"false\" tabindex=\"-1\" id=\"mobile-fusion-tab-ausstattungvonhotelzimmern\" href=\"#tab-a8c6ea994851f924792\"><h4 class=\"fusion-tab-heading\">Ausstattung von Hotelzimmern<\/h4><\/a><\/li><\/ul><\/div><div class=\"tab-pane fade fusion-clearfix\" role=\"tabpanel\" tabindex=\"0\" aria-labelledby=\"fusion-tab-ausstattungvonhotelzimmern\" id=\"tab-a8c6ea994851f924792\">Jedes Zimmer hat eine Vorhalle, Sanit\u00e4reinrichtung und einen TV-Apparat, fast jedes verf\u00fcgt \u00fcber  einen Balkon.  WiFi ebenso wie auch ein Satellitenempfang von ausl\u00e4ndischen  Fernsehprogrammen sind eine Selbstverst\u00e4ndlichkeit. Und f\u00fcr jeden Hotelgast sind ein Badetuch, Handtuch und eine Seife vorbereitet.<\/p>\n\r\n\t\t\t\t\t\n\r\n\t\t\t\t\t<!-- START UNITE GALLERY LITE 1.7.54 -->\r\n\t\t\t\t\t\r\n\t\t\t\t\n\t\t\t<div id='unitegallery_5_2' class='unite-gallery' style='margin:0px auto;'>\n\t\t\t\t\n\n\t\t\t\t\t\t<img alt=\"pokoj1\"\n\t\t\t\t\t\t     src=\"\" data-image=\"https:\/\/skalkabenecko.cz\/wp-content\/uploads\/2017\/03\/pokoj1.jpg\"\n\t\t\t\t\t\t     data-thumb=\"https:\/\/skalkabenecko.cz\/wp-content\/uploads\/2017\/03\/pokoj1-300x200.jpg\"\n\t\t\t\t\t\t     title=\"\"\n\t\t\t\t\t\t     style=\"display:none\">\n\n\t\t\t\t\t\t<img alt=\"pokoj2\"\n\t\t\t\t\t\t     src=\"\" data-image=\"https:\/\/skalkabenecko.cz\/wp-content\/uploads\/2017\/03\/pokoj2.jpg\"\n\t\t\t\t\t\t     data-thumb=\"https:\/\/skalkabenecko.cz\/wp-content\/uploads\/2017\/03\/pokoj2-300x214.jpg\"\n\t\t\t\t\t\t     title=\"\"\n\t\t\t\t\t\t     style=\"display:none\">\n\t\t\t<\/div>\n\n\n\t\t\t<!-- END UNITEGALLERY LITE--><\/div><div class=\"nav fusion-mobile-tab-nav\"><ul class=\"nav-tabs\"><li><a class=\"tab-link\" data-toggle=\"tab\" role=\"tab\" aria-controls=\"tab-1df9cb2ffc9e198bf48\" aria-selected=\"false\" tabindex=\"-1\" id=\"mobile-fusion-tab-bewahrungderprivatsph\u00e4ref\u00fcrhotelg\u00e4ste\" href=\"#tab-1df9cb2ffc9e198bf48\"><h4 class=\"fusion-tab-heading\">Bewahrung der Privatsph\u00e4re f\u00fcr Hotelg\u00e4ste<\/h4><\/a><\/li><\/ul><\/div><div class=\"tab-pane fade fusion-clearfix\" role=\"tabpanel\" tabindex=\"0\" aria-labelledby=\"fusion-tab-bewahrungderprivatsph\u00e4ref\u00fcrhotelg\u00e4ste\" id=\"tab-1df9cb2ffc9e198bf48\">Das Hotel Skalka liegt im Zentrum von Benecko. Sein Gel\u00e4nde, Hochwinkel sowie eine ausgedehnte Rasenfl\u00e4che ist ideal daf\u00fcr, den untergebrachten G\u00e4sten eine ausreichende Privatsph\u00e4re anzubieten. Der Schwimmbecken und der Raum f\u00fcr den Au\u00dfengrill,  die Attraktionen  f\u00fcr die Kinder sowie die Terrasse im s\u00fcdlichen Teil des Hotels sind lediglich f\u00fcr die G\u00e4ste unseres Hotels zug\u00e4nglich.<\/p>\n\r\n\t\t\t\t\t\n\r\n\t\t\t\t\t<!-- START UNITE GALLERY LITE 1.7.54 -->\r\n\t\t\t\t\t\r\n\t\t\t\t\n\t\t\t<div id='unitegallery_21_3' class='unite-gallery' style='margin:0px auto;'>\n\t\t\t\t\n\n\t\t\t\t\t\t<img alt=\"Soukrom\u00ed pro hotelov\u00e9 hosty\"\n\t\t\t\t\t\t     src=\"\" data-image=\"https:\/\/skalkabenecko.cz\/wp-content\/uploads\/2017\/07\/soukromi-pro-hotelove-hosty.jpg\"\n\t\t\t\t\t\t     data-thumb=\"https:\/\/skalkabenecko.cz\/wp-content\/uploads\/2017\/07\/soukromi-pro-hotelove-hosty-300x169.jpg\"\n\t\t\t\t\t\t     title=\"\"\n\t\t\t\t\t\t     style=\"display:none\">\n\t\t\t<\/div>\n\n\n\t\t\t<!-- END UNITEGALLERY LITE--><\/div><div class=\"nav fusion-mobile-tab-nav\"><ul class=\"nav-tabs\"><li><a class=\"tab-link\" data-toggle=\"tab\" role=\"tab\" aria-controls=\"tab-900ff5eb1e11e78c5be\" aria-selected=\"false\" tabindex=\"-1\" id=\"mobile-fusion-tab-parkplatz\" href=\"#tab-900ff5eb1e11e78c5be\"><h4 class=\"fusion-tab-heading\">Parkplatz<\/h4><\/a><\/li><\/ul><\/div><div class=\"tab-pane fade fusion-clearfix\" role=\"tabpanel\" tabindex=\"0\" aria-labelledby=\"fusion-tab-parkplatz\" id=\"tab-900ff5eb1e11e78c5be\">Neben dem Hotel befindet sich ein Parkplatz, wo die im Hotel Skalka Untergebrachten parken k\u00f6nnen. Im Sommer unentgeltlich, im Winter f\u00fcr ein vern\u00fcnftiges Entgelt. Vor dem Hotel kann man nur kurzfristig parken, und zwar w\u00e4hrend des Restaurantbesuchs.<\/p>\n\r\n\t\t\t\t\t\n\r\n\t\t\t\t\t<!-- START UNITE GALLERY LITE 1.7.54 -->\r\n\t\t\t\t\t\r\n\t\t\t\t\n\t\t\t<div id='unitegallery_20_4' class='unite-gallery' style='margin:0px auto;'>\n\t\t\t\t\n\n\t\t\t\t\t\t<img alt=\"parkovani\"\n\t\t\t\t\t\t     src=\"\" data-image=\"https:\/\/skalkabenecko.cz\/wp-content\/uploads\/2017\/07\/parkovani.jpg\"\n\t\t\t\t\t\t     data-thumb=\"https:\/\/skalkabenecko.cz\/wp-content\/uploads\/2017\/07\/parkovani-300x169.jpg\"\n\t\t\t\t\t\t     title=\"\"\n\t\t\t\t\t\t     style=\"display:none\">\n\t\t\t<\/div>\n\n\n\t\t\t<!-- END UNITEGALLERY LITE--><\/div><\/div><\/div><div class=\"fusion-clearfix\"><\/div><\/div><\/div><\/div><\/div>\n","protected":false},"excerpt":{"rendered":"","protected":false},"author":3,"featured_media":0,"parent":0,"menu_order":0,"comment_status":"closed","ping_status":"closed","template":"100-width.php","meta":[],"yoast_head":"<!-- This site is optimized with the Yoast SEO plugin v17.7.1 - https:\/\/yoast.com\/wordpress\/plugins\/seo\/ -->\n<title>Hotel - Wellness hotel SKALKA<\/title>\n<meta name=\"robots\" content=\"index, follow, max-snippet:-1, max-image-preview:large, max-video-preview:-1\" \/>\n<link rel=\"canonical\" href=\"https:\/\/skalkabenecko.cz\/de\/hotel\/\" \/>\n<meta property=\"og:locale\" content=\"de_DE\" \/>\n<meta property=\"og:type\" content=\"article\" \/>\n<meta property=\"og:title\" content=\"Hotel - Wellness hotel SKALKA\" \/>\n<meta property=\"og:url\" content=\"https:\/\/skalkabenecko.cz\/de\/hotel\/\" \/>\n<meta property=\"og:site_name\" content=\"Wellness hotel SKALKA\" \/>\n<meta property=\"article:modified_time\" content=\"2017-07-17T14:31:59+00:00\" \/>\n<meta property=\"og:image\" content=\"http:\/\/skalkabenecko.cz\/wp-content\/uploads\/2017\/02\/nahled_for_fb_skalka.jpg\" \/>\n<meta name=\"twitter:card\" content=\"summary\" \/>\n<meta name=\"twitter:label1\" content=\"Gesch\u00e4tzte Lesezeit\" \/>\n\t<meta name=\"twitter:data1\" content=\"3 Minuten\" \/>\n<script type=\"application\/ld+json\" class=\"yoast-schema-graph\">{\"@context\":\"https:\/\/schema.org\",\"@graph\":[{\"@type\":\"WebSite\",\"@id\":\"https:\/\/skalkabenecko.cz\/#website\",\"url\":\"https:\/\/skalkabenecko.cz\/\",\"name\":\"Wellness hotel SKALKA\",\"description\":\"Wellness, ubytov\\u00e1n\\u00ed, restaurace, sport\",\"potentialAction\":[{\"@type\":\"SearchAction\",\"target\":{\"@type\":\"EntryPoint\",\"urlTemplate\":\"https:\/\/skalkabenecko.cz\/?s={search_term_string}\"},\"query-input\":\"required name=search_term_string\"}],\"inLanguage\":\"de-DE\"},{\"@type\":\"WebPage\",\"@id\":\"https:\/\/skalkabenecko.cz\/de\/hotel\/#webpage\",\"url\":\"https:\/\/skalkabenecko.cz\/de\/hotel\/\",\"name\":\"Hotel - Wellness hotel SKALKA\",\"isPartOf\":{\"@id\":\"https:\/\/skalkabenecko.cz\/#website\"},\"datePublished\":\"2017-03-03T15:24:52+00:00\",\"dateModified\":\"2017-07-17T14:31:59+00:00\",\"breadcrumb\":{\"@id\":\"https:\/\/skalkabenecko.cz\/de\/hotel\/#breadcrumb\"},\"inLanguage\":\"de-DE\",\"potentialAction\":[{\"@type\":\"ReadAction\",\"target\":[\"https:\/\/skalkabenecko.cz\/de\/hotel\/\"]}]},{\"@type\":\"BreadcrumbList\",\"@id\":\"https:\/\/skalkabenecko.cz\/de\/hotel\/#breadcrumb\",\"itemListElement\":[{\"@type\":\"ListItem\",\"position\":1,\"name\":\"Home\",\"item\":\"https:\/\/skalkabenecko.cz\/de\/\"},{\"@type\":\"ListItem\",\"position\":2,\"name\":\"Hotel\"}]}]}<\/script>\n<!-- \/ Yoast SEO plugin. -->","yoast_head_json":{"title":"Hotel - Wellness hotel SKALKA","robots":{"index":"index","follow":"follow","max-snippet":"max-snippet:-1","max-image-preview":"max-image-preview:large","max-video-preview":"max-video-preview:-1"},"canonical":"https:\/\/skalkabenecko.cz\/de\/hotel\/","og_locale":"de_DE","og_type":"article","og_title":"Hotel - Wellness hotel SKALKA","og_url":"https:\/\/skalkabenecko.cz\/de\/hotel\/","og_site_name":"Wellness hotel SKALKA","article_modified_time":"2017-07-17T14:31:59+00:00","og_image":[{"url":"http:\/\/skalkabenecko.cz\/wp-content\/uploads\/2017\/02\/nahled_for_fb_skalka.jpg"}],"twitter_card":"summary","twitter_misc":{"Gesch\u00e4tzte Lesezeit":"3 Minuten"},"schema":{"@context":"https:\/\/schema.org","@graph":[{"@type":"WebSite","@id":"https:\/\/skalkabenecko.cz\/#website","url":"https:\/\/skalkabenecko.cz\/","name":"Wellness hotel SKALKA","description":"Wellness, ubytov\u00e1n\u00ed, restaurace, sport","potentialAction":[{"@type":"SearchAction","target":{"@type":"EntryPoint","urlTemplate":"https:\/\/skalkabenecko.cz\/?s={search_term_string}"},"query-input":"required name=search_term_string"}],"inLanguage":"de-DE"},{"@type":"WebPage","@id":"https:\/\/skalkabenecko.cz\/de\/hotel\/#webpage","url":"https:\/\/skalkabenecko.cz\/de\/hotel\/","name":"Hotel - Wellness hotel SKALKA","isPartOf":{"@id":"https:\/\/skalkabenecko.cz\/#website"},"datePublished":"2017-03-03T15:24:52+00:00","dateModified":"2017-07-17T14:31:59+00:00","breadcrumb":{"@id":"https:\/\/skalkabenecko.cz\/de\/hotel\/#breadcrumb"},"inLanguage":"de-DE","potentialAction":[{"@type":"ReadAction","target":["https:\/\/skalkabenecko.cz\/de\/hotel\/"]}]},{"@type":"BreadcrumbList","@id":"https:\/\/skalkabenecko.cz\/de\/hotel\/#breadcrumb","itemListElement":[{"@type":"ListItem","position":1,"name":"Home","item":"https:\/\/skalkabenecko.cz\/de\/"},{"@type":"ListItem","position":2,"name":"Hotel"}]}]}},"_links":{"self":[{"href":"https:\/\/skalkabenecko.cz\/de\/wp-json\/wp\/v2\/pages\/530"}],"collection":[{"href":"https:\/\/skalkabenecko.cz\/de\/wp-json\/wp\/v2\/pages"}],"about":[{"href":"https:\/\/skalkabenecko.cz\/de\/wp-json\/wp\/v2\/types\/page"}],"author":[{"embeddable":true,"href":"https:\/\/skalkabenecko.cz\/de\/wp-json\/wp\/v2\/users\/3"}],"replies":[{"embeddable":true,"href":"https:\/\/skalkabenecko.cz\/de\/wp-json\/wp\/v2\/comments?post=530"}],"version-history":[{"count":1,"href":"https:\/\/skalkabenecko.cz\/de\/wp-json\/wp\/v2\/pages\/530\/revisions"}],"predecessor-version":[{"id":531,"href":"https:\/\/skalkabenecko.cz\/de\/wp-json\/wp\/v2\/pages\/530\/revisions\/531"}],"wp:attachment":[{"href":"https:\/\/skalkabenecko.cz\/de\/wp-json\/wp\/v2\/media?parent=530"}],"curies":[{"name":"wp","href":"https:\/\/api.w.org\/{rel}","templated":true}]}}