{"id":532,"date":"2017-03-06T08:54:13","date_gmt":"2017-03-06T07:54:13","guid":{"rendered":"http:\/\/skalkabenecko.cz\/restaurant\/"},"modified":"2021-12-07T12:36:27","modified_gmt":"2021-12-07T11:36:27","slug":"restaurant","status":"publish","type":"page","link":"https:\/\/skalkabenecko.cz\/de\/restaurant\/","title":{"rendered":"Restaurant"},"content":{"rendered":"<div class=\"fusion-fullwidth fullwidth-box fusion-builder-row-1 nonhundred-percent-fullwidth non-hundred-percent-height-scrolling\" style=\"background-color: rgba(255,255,255,0);background-position: center center;background-repeat: no-repeat;padding-top:20px;padding-right:0px;padding-bottom:20px;padding-left:0px;margin-bottom: 0px;margin-top: 0px;border-width: 0px 0px 0px 0px;border-color:#eae9e9;border-style:solid;\" ><div class=\"fusion-builder-row fusion-row\"><div class=\"fusion-layout-column fusion_builder_column fusion-builder-column-0 fusion_builder_column_1_1 1_1 fusion-one-full fusion-column-first fusion-column-last\" style=\"margin-top:0px;margin-bottom:20px;\"><div class=\"fusion-column-wrapper fusion-flex-column-wrapper-legacy\" style=\"background-position:left top;background-repeat:no-repeat;-webkit-background-size:cover;-moz-background-size:cover;-o-background-size:cover;background-size:cover;padding: 0px 0px 0px 0px;\"><style type=\"text\/css\"><\/style><div class=\"fusion-title title fusion-title-1 fusion-sep-none fusion-title-center fusion-title-text fusion-title-size-two\" style=\"margin-top:0px;margin-right:0px;margin-bottom:31px;margin-left:0px;\"><h2 class=\"title-heading-center\" style=\"margin:0;\">Restaurant<\/h2><\/div><div class=\"fusion-sep-clear\"><\/div><div class=\"fusion-separator fusion-has-icon fusion-full-width-sep\" style=\"margin-left: auto;margin-right: auto;width:100%;\"><div class=\"fusion-separator-border sep-single sep-solid\" style=\"border-color:#474040;border-top-width:1px;\"><\/div><span class=\"icon-wrapper\" style=\"border-color:#474040;background-color:rgba(255,255,255,0);font-size:16px;width: 1.75em; height: 1.75em;border-width:1px;padding:1px;margin-top:-0.5px\"><i class=\" fa fa-cutlery\" style=\"font-size: inherit;color:#474040;\" aria-hidden=\"true\"><\/i><\/span><div class=\"fusion-separator-border sep-single sep-solid\" style=\"border-color:#474040;border-top-width:1px;\"><\/div><\/div><div class=\"fusion-sep-clear\"><\/div><div class=\"fusion-sep-clear\"><\/div><div class=\"fusion-separator fusion-full-width-sep\" style=\"margin-left: auto;margin-right: auto;margin-top:20px;margin-bottom:20px;width:100%;\"><\/div><div class=\"fusion-sep-clear\"><\/div><div class=\"fusion-tabs fusion-tabs-1 clean vertical-tabs icon-position-left\"><style type=\"text\/css\">#wrapper .fusion-tabs.fusion-tabs-1.clean .nav-tabs li a.tab-link{border-color:#ebeaea;}.fusion-tabs.fusion-tabs-1 .nav-tabs li a.tab-link{background-color:#ebeaea;}.fusion-tabs.fusion-tabs-1 .nav-tabs li.active a.tab-link,.fusion-tabs.fusion-tabs-1 .nav-tabs li.active a.tab-link:hover,.fusion-tabs.fusion-tabs-1 .nav-tabs li.active a.tab-link:focus{background-color:#ffffff;}.fusion-tabs.fusion-tabs-1 .nav-tabs li a:hover{background-color:#ffffff;border-top-color:#ffffff;}.fusion-tabs.fusion-tabs-1 .tab-pane{background-color:#ffffff;}.fusion-tabs.fusion-tabs-1 .nav,.fusion-tabs.fusion-tabs-1 .nav-tabs,.fusion-tabs.fusion-tabs-1 .tab-content .tab-pane{border-color:#ebeaea;}<\/style><div class=\"nav\"><ul class=\"nav-tabs\" role=\"tablist\"><li class=\"active\"><a class=\"tab-link\" data-toggle=\"tab\" role=\"tab\" aria-controls=\"tab-e456046252442be91c5\" aria-selected=\"true\" id=\"fusion-tab-restaurantundempfangsraum\" href=\"#tab-e456046252442be91c5\"><h4 class=\"fusion-tab-heading\">Restaurant und Empfangsraum<\/h4><\/a><\/li><li><a class=\"tab-link\" data-toggle=\"tab\" role=\"tab\" aria-controls=\"tab-1c9f074d1300a379a99\" aria-selected=\"false\" tabindex=\"-1\" id=\"fusion-tab-bierkeller\" href=\"#tab-1c9f074d1300a379a99\"><h4 class=\"fusion-tab-heading\">Bierkeller<\/h4><\/a><\/li><li><a class=\"tab-link\" data-toggle=\"tab\" role=\"tab\" aria-controls=\"tab-b0c7d78dcecba88cf40\" aria-selected=\"false\" tabindex=\"-1\" id=\"fusion-tab-au\u00dfengrillundterrassen\" href=\"#tab-b0c7d78dcecba88cf40\"><h4 class=\"fusion-tab-heading\">Au\u00dfengrill und Terrassen<\/h4><\/a><\/li><li><a class=\"tab-link\" data-toggle=\"tab\" role=\"tab\" aria-controls=\"tab-dcef5965c8b1a97b671\" aria-selected=\"false\" tabindex=\"-1\" id=\"fusion-tab-hochzeitfeiernundfirmenparties\" href=\"#tab-dcef5965c8b1a97b671\"><h4 class=\"fusion-tab-heading\">Hochzeitfeiern und Firmenparties<\/h4><\/a><\/li><\/ul><\/div><div class=\"tab-content\"><div class=\"nav fusion-mobile-tab-nav\"><ul class=\"nav-tabs\"><li class=\"active\"><a class=\"tab-link\" data-toggle=\"tab\" role=\"tab\" aria-controls=\"tab-e456046252442be91c5\" aria-selected=\"true\" id=\"mobile-fusion-tab-restaurantundempfangsraum\" href=\"#tab-e456046252442be91c5\"><h4 class=\"fusion-tab-heading\">Restaurant und Empfangsraum<\/h4><\/a><\/li><\/ul><\/div><div class=\"tab-pane fade fusion-clearfix in active\" role=\"tabpanel\" tabindex=\"0\" aria-labelledby=\"fusion-tab-restaurantundempfangsraum\" id=\"tab-e456046252442be91c5\">Ein stilecht eingerichtetes Restaurant mit dem Empfangsraum f\u00fcr ca. 80 Personen. Verglaste W\u00e4nde entlang des Restaurants lichten den ganzen Raum auf und vermitteln einen herrlichen Ausblick sowohl auf das Panorama des Riesengebirges als auch des Tschechischen Paradieses. Das Restaurant ist mit der Terrasse im Norden und S\u00fcden des Hotels verbunden und dem Weinkeller mit der Selbstbedienung.<\/p>\n<p>F\u00fcr Kleinkinder sind die Kinderecke, Kindersitze und Hocker da.<\/p>\n\r\n\t\t\t\t\t\n\r\n\t\t\t\t\t<!-- START UNITE GALLERY LITE 1.7.54 -->\r\n\t\t\t\t\t\r\n\t\t\t\t\n\t\t\t<div id='unitegallery_2_1' class='unite-gallery' style='margin:0px auto;'>\n\t\t\t\t\n\n\t\t\t\t\t\t<img alt=\"restaurace-1\"\n\t\t\t\t\t\t     src=\"\" data-image=\"https:\/\/skalkabenecko.cz\/wp-content\/uploads\/2017\/03\/restaurace-1.jpg\"\n\t\t\t\t\t\t     data-thumb=\"https:\/\/skalkabenecko.cz\/wp-content\/uploads\/2017\/03\/restaurace-1-300x200.jpg\"\n\t\t\t\t\t\t     title=\"\"\n\t\t\t\t\t\t     style=\"display:none\">\n\n\t\t\t\t\t\t<img alt=\"restaurace-3\"\n\t\t\t\t\t\t     src=\"\" data-image=\"https:\/\/skalkabenecko.cz\/wp-content\/uploads\/2017\/03\/restaurace-3.jpg\"\n\t\t\t\t\t\t     data-thumb=\"https:\/\/skalkabenecko.cz\/wp-content\/uploads\/2017\/03\/restaurace-3-300x200.jpg\"\n\t\t\t\t\t\t     title=\"\"\n\t\t\t\t\t\t     style=\"display:none\">\n\n\t\t\t\t\t\t<img alt=\"restaurace-5\"\n\t\t\t\t\t\t     src=\"\" data-image=\"https:\/\/skalkabenecko.cz\/wp-content\/uploads\/2017\/03\/restaurace-5.jpg\"\n\t\t\t\t\t\t     data-thumb=\"https:\/\/skalkabenecko.cz\/wp-content\/uploads\/2017\/03\/restaurace-5-300x200.jpg\"\n\t\t\t\t\t\t     title=\"\"\n\t\t\t\t\t\t     style=\"display:none\">\n\n\t\t\t\t\t\t<img alt=\"restaurace-8\"\n\t\t\t\t\t\t     src=\"\" data-image=\"https:\/\/skalkabenecko.cz\/wp-content\/uploads\/2017\/03\/restaurace-8.jpg\"\n\t\t\t\t\t\t     data-thumb=\"https:\/\/skalkabenecko.cz\/wp-content\/uploads\/2017\/03\/restaurace-8-300x201.jpg\"\n\t\t\t\t\t\t     title=\"\"\n\t\t\t\t\t\t     style=\"display:none\">\n\t\t\t<\/div>\n\n\t\t\t<script type='text\/javascript'>\n\t\t\t\twindow.onload = function(e) {\n\t\t\t\t\tif(typeof ugCheckForErrors == \"undefined\"){\n\t\t\t\t\t\tdocument.getElementById(\"unitegallery_2_1\").innerHTML = \"<span style='color:red'>Unite Gallery Error - gallery js and css files not included in the footer. Please make sure that wp_footer() function is added to your theme.<\/span>\";}\n\t\t\t\t\telse{ ugCheckForErrors(\"unitegallery_2_1\", \"jquery\");}\n\t\t\t\t};\n\t\t\t<\/script>\n\n\t\t\t<!-- END UNITEGALLERY LITE--><\/div><div class=\"nav fusion-mobile-tab-nav\"><ul class=\"nav-tabs\"><li><a class=\"tab-link\" data-toggle=\"tab\" role=\"tab\" aria-controls=\"tab-1c9f074d1300a379a99\" aria-selected=\"false\" tabindex=\"-1\" id=\"mobile-fusion-tab-bierkeller\" href=\"#tab-1c9f074d1300a379a99\"><h4 class=\"fusion-tab-heading\">Bierkeller<\/h4><\/a><\/li><\/ul><\/div><div class=\"tab-pane fade fusion-clearfix\" role=\"tabpanel\" tabindex=\"0\" aria-labelledby=\"fusion-tab-bierkeller\" id=\"tab-1c9f074d1300a379a99\">Stilechter Bierkeller mit dem Kamin und Selbstbedienungszapfen inmitten des Tisches.<br \/>\nBegehen Sie Ihre Jubil\u00e4en so wie zu Hause.<\/p>\n<p>Sie werden ganz bezaubert von der intimen und unwiederholbaren Atmosph\u00e4re sein.<\/p>\n<p>Die Kapazit\u00e4t bis 16 Personen.<\/div><div class=\"nav fusion-mobile-tab-nav\"><ul class=\"nav-tabs\"><li><a class=\"tab-link\" data-toggle=\"tab\" role=\"tab\" aria-controls=\"tab-b0c7d78dcecba88cf40\" aria-selected=\"false\" tabindex=\"-1\" id=\"mobile-fusion-tab-au\u00dfengrillundterrassen\" href=\"#tab-b0c7d78dcecba88cf40\"><h4 class=\"fusion-tab-heading\">Au\u00dfengrill und Terrassen<\/h4><\/a><\/li><\/ul><\/div><div class=\"tab-pane fade fusion-clearfix\" role=\"tabpanel\" tabindex=\"0\" aria-labelledby=\"fusion-tab-au\u00dfengrillundterrassen\" id=\"tab-b0c7d78dcecba88cf40\">Die Sommerterrassen mit herrlichem Ausblick auf die Koteln\u00ed J\u00e1my und Zlat\u00e9 n\u00e1vr\u0161\u00ed im Riesengebirge.<\/p>\n<p>Der Au\u00dfengrill f\u00fcr das abendliche Gruppenbeisammensein.<\/p>\n\r\n\t\t\t\t\t\n\r\n\t\t\t\t\t<!-- START UNITE GALLERY LITE 1.7.54 -->\r\n\t\t\t\t\t\r\n\t\t\t\t\n\t\t\t<div id='unitegallery_4_2' class='unite-gallery' style='margin:0px auto;'>\n\t\t\t\t\n\n\t\t\t\t\t\t<img alt=\"terasa1\"\n\t\t\t\t\t\t     src=\"\" data-image=\"https:\/\/skalkabenecko.cz\/wp-content\/uploads\/2017\/03\/terasa1.jpg\"\n\t\t\t\t\t\t     data-thumb=\"https:\/\/skalkabenecko.cz\/wp-content\/uploads\/2017\/03\/terasa1-300x225.jpg\"\n\t\t\t\t\t\t     title=\"\"\n\t\t\t\t\t\t     style=\"display:none\">\n\n\t\t\t\t\t\t<img alt=\"terasa2\"\n\t\t\t\t\t\t     src=\"\" data-image=\"https:\/\/skalkabenecko.cz\/wp-content\/uploads\/2017\/03\/terasa2.jpg\"\n\t\t\t\t\t\t     data-thumb=\"https:\/\/skalkabenecko.cz\/wp-content\/uploads\/2017\/03\/terasa2-300x225.jpg\"\n\t\t\t\t\t\t     title=\"\"\n\t\t\t\t\t\t     style=\"display:none\">\n\n\t\t\t\t\t\t<img alt=\"terasa3\"\n\t\t\t\t\t\t     src=\"\" data-image=\"https:\/\/skalkabenecko.cz\/wp-content\/uploads\/2017\/03\/terasa3.jpg\"\n\t\t\t\t\t\t     data-thumb=\"https:\/\/skalkabenecko.cz\/wp-content\/uploads\/2017\/03\/terasa3-300x225.jpg\"\n\t\t\t\t\t\t     title=\"\"\n\t\t\t\t\t\t     style=\"display:none\">\n\n\t\t\t\t\t\t<img alt=\"terasa4\"\n\t\t\t\t\t\t     src=\"\" data-image=\"https:\/\/skalkabenecko.cz\/wp-content\/uploads\/2017\/03\/terasa4.jpg\"\n\t\t\t\t\t\t     data-thumb=\"https:\/\/skalkabenecko.cz\/wp-content\/uploads\/2017\/03\/terasa4-300x225.jpg\"\n\t\t\t\t\t\t     title=\"\"\n\t\t\t\t\t\t     style=\"display:none\">\n\t\t\t<\/div>\n\n\n\t\t\t<!-- END UNITEGALLERY LITE--><\/div><div class=\"nav fusion-mobile-tab-nav\"><ul class=\"nav-tabs\"><li><a class=\"tab-link\" data-toggle=\"tab\" role=\"tab\" aria-controls=\"tab-dcef5965c8b1a97b671\" aria-selected=\"false\" tabindex=\"-1\" id=\"mobile-fusion-tab-hochzeitfeiernundfirmenparties\" href=\"#tab-dcef5965c8b1a97b671\"><h4 class=\"fusion-tab-heading\">Hochzeitfeiern und Firmenparties<\/h4><\/a><\/li><\/ul><\/div><div class=\"tab-pane fade fusion-clearfix\" role=\"tabpanel\" tabindex=\"0\" aria-labelledby=\"fusion-tab-hochzeitfeiernundfirmenparties\" id=\"tab-dcef5965c8b1a97b671\">Wir sind bereit, f\u00fcr die Feiern, Hochzeiten oder Firmenparties fast jede Forderung zu erf\u00fcllen. F\u00fcr den Fall einer gr\u00f6\u00dferen Anzahl von Teilnehmern steht neben dem Restaurant auch der Empfangsraum zur Verf\u00fcgung. In der Sommerzeit ist die Hochzeittafel drau\u00dfen im Anschluss an den \u00fcberdachten Grill. Unsere K\u00f6che bereiten ein feierliches Men\u00fc f\u00fcr Sie ganz nach Ihrem Wunsch vor und helfen Ihnen mit dessen Zusammensetzung.<\/div><\/div><\/div><div class=\"fusion-clearfix\"><\/div><\/div><\/div><\/div><\/div>\n","protected":false},"excerpt":{"rendered":"","protected":false},"author":3,"featured_media":0,"parent":0,"menu_order":0,"comment_status":"closed","ping_status":"closed","template":"100-width.php","meta":[],"yoast_head":"<!-- This site is optimized with the Yoast SEO plugin v17.7.1 - https:\/\/yoast.com\/wordpress\/plugins\/seo\/ -->\n<title>Restaurant - Wellness hotel SKALKA<\/title>\n<meta name=\"robots\" content=\"index, follow, max-snippet:-1, max-image-preview:large, max-video-preview:-1\" \/>\n<link rel=\"canonical\" href=\"https:\/\/skalkabenecko.cz\/de\/restaurant\/\" \/>\n<meta property=\"og:locale\" content=\"de_DE\" \/>\n<meta property=\"og:type\" content=\"article\" \/>\n<meta property=\"og:title\" content=\"Restaurant - Wellness hotel SKALKA\" \/>\n<meta property=\"og:url\" content=\"https:\/\/skalkabenecko.cz\/de\/restaurant\/\" \/>\n<meta property=\"og:site_name\" content=\"Wellness hotel SKALKA\" \/>\n<meta property=\"article:modified_time\" content=\"2021-12-07T11:36:27+00:00\" \/>\n<meta property=\"og:image\" content=\"http:\/\/skalkabenecko.cz\/wp-content\/uploads\/2017\/02\/nahled_for_fb_skalka.jpg\" \/>\n<meta name=\"twitter:card\" content=\"summary\" \/>\n<meta name=\"twitter:label1\" content=\"Gesch\u00e4tzte Lesezeit\" \/>\n\t<meta name=\"twitter:data1\" content=\"2 Minuten\" \/>\n<script type=\"application\/ld+json\" class=\"yoast-schema-graph\">{\"@context\":\"https:\/\/schema.org\",\"@graph\":[{\"@type\":\"WebSite\",\"@id\":\"https:\/\/skalkabenecko.cz\/#website\",\"url\":\"https:\/\/skalkabenecko.cz\/\",\"name\":\"Wellness hotel SKALKA\",\"description\":\"Wellness, ubytov\\u00e1n\\u00ed, restaurace, sport\",\"potentialAction\":[{\"@type\":\"SearchAction\",\"target\":{\"@type\":\"EntryPoint\",\"urlTemplate\":\"https:\/\/skalkabenecko.cz\/?s={search_term_string}\"},\"query-input\":\"required name=search_term_string\"}],\"inLanguage\":\"de-DE\"},{\"@type\":\"WebPage\",\"@id\":\"https:\/\/skalkabenecko.cz\/de\/restaurant\/#webpage\",\"url\":\"https:\/\/skalkabenecko.cz\/de\/restaurant\/\",\"name\":\"Restaurant - Wellness hotel SKALKA\",\"isPartOf\":{\"@id\":\"https:\/\/skalkabenecko.cz\/#website\"},\"datePublished\":\"2017-03-06T07:54:13+00:00\",\"dateModified\":\"2021-12-07T11:36:27+00:00\",\"breadcrumb\":{\"@id\":\"https:\/\/skalkabenecko.cz\/de\/restaurant\/#breadcrumb\"},\"inLanguage\":\"de-DE\",\"potentialAction\":[{\"@type\":\"ReadAction\",\"target\":[\"https:\/\/skalkabenecko.cz\/de\/restaurant\/\"]}]},{\"@type\":\"BreadcrumbList\",\"@id\":\"https:\/\/skalkabenecko.cz\/de\/restaurant\/#breadcrumb\",\"itemListElement\":[{\"@type\":\"ListItem\",\"position\":1,\"name\":\"Home\",\"item\":\"https:\/\/skalkabenecko.cz\/de\/\"},{\"@type\":\"ListItem\",\"position\":2,\"name\":\"Restaurant\"}]}]}<\/script>\n<!-- \/ Yoast SEO plugin. -->","yoast_head_json":{"title":"Restaurant - Wellness hotel SKALKA","robots":{"index":"index","follow":"follow","max-snippet":"max-snippet:-1","max-image-preview":"max-image-preview:large","max-video-preview":"max-video-preview:-1"},"canonical":"https:\/\/skalkabenecko.cz\/de\/restaurant\/","og_locale":"de_DE","og_type":"article","og_title":"Restaurant - Wellness hotel SKALKA","og_url":"https:\/\/skalkabenecko.cz\/de\/restaurant\/","og_site_name":"Wellness hotel SKALKA","article_modified_time":"2021-12-07T11:36:27+00:00","og_image":[{"url":"http:\/\/skalkabenecko.cz\/wp-content\/uploads\/2017\/02\/nahled_for_fb_skalka.jpg"}],"twitter_card":"summary","twitter_misc":{"Gesch\u00e4tzte Lesezeit":"2 Minuten"},"schema":{"@context":"https:\/\/schema.org","@graph":[{"@type":"WebSite","@id":"https:\/\/skalkabenecko.cz\/#website","url":"https:\/\/skalkabenecko.cz\/","name":"Wellness hotel SKALKA","description":"Wellness, ubytov\u00e1n\u00ed, restaurace, sport","potentialAction":[{"@type":"SearchAction","target":{"@type":"EntryPoint","urlTemplate":"https:\/\/skalkabenecko.cz\/?s={search_term_string}"},"query-input":"required name=search_term_string"}],"inLanguage":"de-DE"},{"@type":"WebPage","@id":"https:\/\/skalkabenecko.cz\/de\/restaurant\/#webpage","url":"https:\/\/skalkabenecko.cz\/de\/restaurant\/","name":"Restaurant - Wellness hotel SKALKA","isPartOf":{"@id":"https:\/\/skalkabenecko.cz\/#website"},"datePublished":"2017-03-06T07:54:13+00:00","dateModified":"2021-12-07T11:36:27+00:00","breadcrumb":{"@id":"https:\/\/skalkabenecko.cz\/de\/restaurant\/#breadcrumb"},"inLanguage":"de-DE","potentialAction":[{"@type":"ReadAction","target":["https:\/\/skalkabenecko.cz\/de\/restaurant\/"]}]},{"@type":"BreadcrumbList","@id":"https:\/\/skalkabenecko.cz\/de\/restaurant\/#breadcrumb","itemListElement":[{"@type":"ListItem","position":1,"name":"Home","item":"https:\/\/skalkabenecko.cz\/de\/"},{"@type":"ListItem","position":2,"name":"Restaurant"}]}]}},"_links":{"self":[{"href":"https:\/\/skalkabenecko.cz\/de\/wp-json\/wp\/v2\/pages\/532"}],"collection":[{"href":"https:\/\/skalkabenecko.cz\/de\/wp-json\/wp\/v2\/pages"}],"about":[{"href":"https:\/\/skalkabenecko.cz\/de\/wp-json\/wp\/v2\/types\/page"}],"author":[{"embeddable":true,"href":"https:\/\/skalkabenecko.cz\/de\/wp-json\/wp\/v2\/users\/3"}],"replies":[{"embeddable":true,"href":"https:\/\/skalkabenecko.cz\/de\/wp-json\/wp\/v2\/comments?post=532"}],"version-history":[{"count":7,"href":"https:\/\/skalkabenecko.cz\/de\/wp-json\/wp\/v2\/pages\/532\/revisions"}],"predecessor-version":[{"id":1011,"href":"https:\/\/skalkabenecko.cz\/de\/wp-json\/wp\/v2\/pages\/532\/revisions\/1011"}],"wp:attachment":[{"href":"https:\/\/skalkabenecko.cz\/de\/wp-json\/wp\/v2\/media?parent=532"}],"curies":[{"name":"wp","href":"https:\/\/api.w.org\/{rel}","templated":true}]}}