{"id":535,"date":"2017-03-09T13:21:06","date_gmt":"2017-03-09T12:21:06","guid":{"rendered":"http:\/\/skalkabenecko.cz\/wellness-spa\/"},"modified":"2017-08-15T11:14:46","modified_gmt":"2017-08-15T09:14:46","slug":"wellness-spa","status":"publish","type":"page","link":"https:\/\/skalkabenecko.cz\/de\/wellness-spa\/","title":{"rendered":"Wellness + Spa"},"content":{"rendered":"<div class=\"fusion-fullwidth fullwidth-box fusion-builder-row-1 nonhundred-percent-fullwidth non-hundred-percent-height-scrolling\" style=\"background-color: rgba(255,255,255,0);background-position: center center;background-repeat: no-repeat;padding-top:20px;padding-right:0px;padding-bottom:20px;padding-left:0px;margin-bottom: 0px;margin-top: 0px;border-width: 0px 0px 0px 0px;border-color:#eae9e9;border-style:solid;\" ><div class=\"fusion-builder-row fusion-row\"><div class=\"fusion-layout-column fusion_builder_column fusion-builder-column-0 fusion_builder_column_1_1 1_1 fusion-one-full fusion-column-first fusion-column-last\" style=\"margin-top:0px;margin-bottom:20px;\"><div class=\"fusion-column-wrapper fusion-flex-column-wrapper-legacy\" style=\"background-position:left top;background-repeat:no-repeat;-webkit-background-size:cover;-moz-background-size:cover;-o-background-size:cover;background-size:cover;padding: 0px 0px 0px 0px;\"><style type=\"text\/css\"><\/style><div class=\"fusion-title title fusion-title-1 fusion-sep-none fusion-title-center fusion-title-text fusion-title-size-two\" style=\"margin-top:0px;margin-right:0px;margin-bottom:31px;margin-left:0px;\"><h2 class=\"title-heading-center\" style=\"margin:0;\">Wellness + Spa<\/h2><\/div><div class=\"fusion-sep-clear\"><\/div><div class=\"fusion-separator fusion-has-icon fusion-full-width-sep\" style=\"margin-left: auto;margin-right: auto;width:100%;\"><div class=\"fusion-separator-border sep-single sep-solid\" style=\"border-color:#474040;border-top-width:1px;\"><\/div><span class=\"icon-wrapper\" style=\"border-color:#474040;background-color:rgba(255,255,255,0);font-size:16px;width: 1.75em; height: 1.75em;border-width:1px;padding:1px;margin-top:-0.5px\"><i class=\" fa fa-child\" style=\"font-size: inherit;color:#474040;\" aria-hidden=\"true\"><\/i><\/span><div class=\"fusion-separator-border sep-single sep-solid\" style=\"border-color:#474040;border-top-width:1px;\"><\/div><\/div><div class=\"fusion-sep-clear\"><\/div><div class=\"fusion-sep-clear\"><\/div><div class=\"fusion-separator fusion-full-width-sep\" style=\"margin-left: auto;margin-right: auto;margin-top:20px;margin-bottom:20px;width:100%;\"><\/div><div class=\"fusion-sep-clear\"><\/div><div class=\"fusion-tabs fusion-tabs-1 clean vertical-tabs icon-position-left\"><style type=\"text\/css\">#wrapper .fusion-tabs.fusion-tabs-1.clean .nav-tabs li a.tab-link{border-color:#ebeaea;}.fusion-tabs.fusion-tabs-1 .nav-tabs li a.tab-link{background-color:#ebeaea;}.fusion-tabs.fusion-tabs-1 .nav-tabs li.active a.tab-link,.fusion-tabs.fusion-tabs-1 .nav-tabs li.active a.tab-link:hover,.fusion-tabs.fusion-tabs-1 .nav-tabs li.active a.tab-link:focus{background-color:#ffffff;}.fusion-tabs.fusion-tabs-1 .nav-tabs li a:hover{background-color:#ffffff;border-top-color:#ffffff;}.fusion-tabs.fusion-tabs-1 .tab-pane{background-color:#ffffff;}.fusion-tabs.fusion-tabs-1 .nav,.fusion-tabs.fusion-tabs-1 .nav-tabs,.fusion-tabs.fusion-tabs-1 .tab-content .tab-pane{border-color:#ebeaea;}<\/style><div class=\"nav\"><ul class=\"nav-tabs\" role=\"tablist\"><li class=\"active\"><a class=\"tab-link\" data-toggle=\"tab\" role=\"tab\" aria-controls=\"tab-86848cfba79edbf0ec1\" aria-selected=\"true\" id=\"fusion-tab-schwimmbecken\" href=\"#tab-86848cfba79edbf0ec1\"><h4 class=\"fusion-tab-heading\">Schwimmbecken<\/h4><\/a><\/li><li><a class=\"tab-link\" data-toggle=\"tab\" role=\"tab\" aria-controls=\"tab-18e4c21a188aae56a55\" aria-selected=\"false\" tabindex=\"-1\" id=\"fusion-tab-wellness\" href=\"#tab-18e4c21a188aae56a55\"><h4 class=\"fusion-tab-heading\">Wellness<\/h4><\/a><\/li><li><a class=\"tab-link\" data-toggle=\"tab\" role=\"tab\" aria-controls=\"tab-d664f51d2172f6bf619\" aria-selected=\"false\" tabindex=\"-1\" id=\"fusion-tab-whirpool\" href=\"#tab-d664f51d2172f6bf619\"><h4 class=\"fusion-tab-heading\">Whirpool<\/h4><\/a><\/li><li><a class=\"tab-link\" data-toggle=\"tab\" role=\"tab\" aria-controls=\"tab-1a5e25875385115d905\" aria-selected=\"false\" tabindex=\"-1\" id=\"fusion-tab-finnischesauna\" href=\"#tab-1a5e25875385115d905\"><h4 class=\"fusion-tab-heading\">Finnische Sauna<\/h4><\/a><\/li><li><a class=\"tab-link\" data-toggle=\"tab\" role=\"tab\" aria-controls=\"tab-a3d9997f354dc213569\" aria-selected=\"false\" tabindex=\"-1\" id=\"fusion-tab-dampfsauna\" href=\"#tab-a3d9997f354dc213569\"><h4 class=\"fusion-tab-heading\">Dampfsauna<\/h4><\/a><\/li><li><a class=\"tab-link\" data-toggle=\"tab\" role=\"tab\" aria-controls=\"tab-53861fd64fd3381e401\" aria-selected=\"false\" tabindex=\"-1\" id=\"fusion-tab-derkneipp-steg\" href=\"#tab-53861fd64fd3381e401\"><h4 class=\"fusion-tab-heading\">Der Kneipp-Steg<\/h4><\/a><\/li><li><a class=\"tab-link\" data-toggle=\"tab\" role=\"tab\" aria-controls=\"tab-2b0f0eb65f13b35a715\" aria-selected=\"false\" tabindex=\"-1\" id=\"fusion-tab-relax+massagen\" href=\"#tab-2b0f0eb65f13b35a715\"><h4 class=\"fusion-tab-heading\">Relax + Massagen<\/h4><\/a><\/li><\/ul><\/div><div class=\"tab-content\"><div class=\"nav fusion-mobile-tab-nav\"><ul class=\"nav-tabs\"><li class=\"active\"><a class=\"tab-link\" data-toggle=\"tab\" role=\"tab\" aria-controls=\"tab-86848cfba79edbf0ec1\" aria-selected=\"true\" id=\"mobile-fusion-tab-schwimmbecken\" href=\"#tab-86848cfba79edbf0ec1\"><h4 class=\"fusion-tab-heading\">Schwimmbecken<\/h4><\/a><\/li><\/ul><\/div><div class=\"tab-pane fade fusion-clearfix in active\" role=\"tabpanel\" tabindex=\"0\" aria-labelledby=\"fusion-tab-schwimmbecken\" id=\"tab-86848cfba79edbf0ec1\">F\u00fcr die Klubmitglieder steht ein \u00fcberdachter Innenschwimmbecken zur Verf\u00fcgung mit den Ma\u00dfen 7m x 4m x 1,5m, die Wassertemperatur betr\u00e4gt 28\u00b0C, die Lufttemperatur 31\u00b0C.<\/p>\n\r\n\t\t\t\t\t\n\r\n\t\t\t\t\t<!-- START UNITE GALLERY LITE 1.7.54 -->\r\n\t\t\t\t\t\r\n\t\t\t\t\n\t\t\t<div id='unitegallery_6_1' class='unite-gallery' style='margin:0px auto;'>\n\t\t\t\t\n\n\t\t\t\t\t\t<img alt=\"bazen-1\"\n\t\t\t\t\t\t     src=\"\" data-image=\"https:\/\/skalkabenecko.cz\/wp-content\/uploads\/2017\/03\/bazen-1.jpg\"\n\t\t\t\t\t\t     data-thumb=\"https:\/\/skalkabenecko.cz\/wp-content\/uploads\/2017\/03\/bazen-1-300x200.jpg\"\n\t\t\t\t\t\t     title=\"\"\n\t\t\t\t\t\t     style=\"display:none\">\n\n\t\t\t\t\t\t<img alt=\"bazen-2\"\n\t\t\t\t\t\t     src=\"\" data-image=\"https:\/\/skalkabenecko.cz\/wp-content\/uploads\/2017\/03\/bazen-2.jpg\"\n\t\t\t\t\t\t     data-thumb=\"https:\/\/skalkabenecko.cz\/wp-content\/uploads\/2017\/03\/bazen-2-300x200.jpg\"\n\t\t\t\t\t\t     title=\"\"\n\t\t\t\t\t\t     style=\"display:none\">\n\n\t\t\t\t\t\t<img alt=\"bazen-3\"\n\t\t\t\t\t\t     src=\"\" data-image=\"https:\/\/skalkabenecko.cz\/wp-content\/uploads\/2017\/03\/bazen-3.jpg\"\n\t\t\t\t\t\t     data-thumb=\"https:\/\/skalkabenecko.cz\/wp-content\/uploads\/2017\/03\/bazen-3-300x200.jpg\"\n\t\t\t\t\t\t     title=\"\"\n\t\t\t\t\t\t     style=\"display:none\">\n\n\t\t\t\t\t\t<img alt=\"bazen-4\"\n\t\t\t\t\t\t     src=\"\" data-image=\"https:\/\/skalkabenecko.cz\/wp-content\/uploads\/2017\/03\/bazen-4.jpg\"\n\t\t\t\t\t\t     data-thumb=\"https:\/\/skalkabenecko.cz\/wp-content\/uploads\/2017\/03\/bazen-4-300x200.jpg\"\n\t\t\t\t\t\t     title=\"\"\n\t\t\t\t\t\t     style=\"display:none\">\n\t\t\t<\/div>\n\n\t\t\t<script type='text\/javascript'>\n\t\t\t\twindow.onload = function(e) {\n\t\t\t\t\tif(typeof ugCheckForErrors == \"undefined\"){\n\t\t\t\t\t\tdocument.getElementById(\"unitegallery_6_1\").innerHTML = \"<span style='color:red'>Unite Gallery Error - gallery js and css files not included in the footer. Please make sure that wp_footer() function is added to your theme.<\/span>\";}\n\t\t\t\t\telse{ ugCheckForErrors(\"unitegallery_6_1\", \"jquery\");}\n\t\t\t\t};\n\t\t\t<\/script>\n\n\t\t\t<!-- END UNITEGALLERY LITE--><\/div><div class=\"nav fusion-mobile-tab-nav\"><ul class=\"nav-tabs\"><li><a class=\"tab-link\" data-toggle=\"tab\" role=\"tab\" aria-controls=\"tab-18e4c21a188aae56a55\" aria-selected=\"false\" tabindex=\"-1\" id=\"mobile-fusion-tab-wellness\" href=\"#tab-18e4c21a188aae56a55\"><h4 class=\"fusion-tab-heading\">Wellness<\/h4><\/a><\/li><\/ul><\/div><div class=\"tab-pane fade fusion-clearfix\" role=\"tabpanel\" tabindex=\"0\" aria-labelledby=\"fusion-tab-wellness\" id=\"tab-18e4c21a188aae56a55\">\n<p>Sie erleben damit einen ungew\u00f6hnlichen Eindruck, da es sich um ein neues ganzheitliches Studio f\u00fcr Relaxen handelt, erstes seiner Art in Benecko und Umgebung.<\/p>\n<p>Zehn Gebote im Wellness<\/p>\n<ol>\n<li>In den Wellness-Raum geht man ohne Badekleidung<\/li>\n<li>Vor Betreten des Wellness-Raumes duschen Sie richtig und waschen Sie sich mit Seife ab<\/li>\n<li>Vor Betreten des Whirlpools duschen Sie immer<\/li>\n<li>Kindern bis 2 Jahre Wellness verboten<\/li>\n<li>Kindern bis 18 Jahre Eintritt in Begleitung vom Erwachsenen gestattet<\/li>\n<li>Wellness, Massagen und sonstige Prozeduren lediglich f\u00fcr denjenigen, der gesund und an keine Hauterkrankung leidet<\/li>\n<li>Jeder Gast erh\u00e4lt je ein Handtuch und Wellness-Laken, beim Verlassen des Wellness-Raumes in der Garderobe liegen lassen !!!<\/li>\n<li>In den Wellness-Raum eigene Getr\u00e4nke und Speisen hineinzutragen ist streng verboten<\/li>\n<li>Der Sachschaden, den der Gast aus Fahrl\u00e4ssigkeit verursacht, hat er in voller H\u00f6he zu ersetzen<\/li>\n<li>Wellness \u2013 das ist eine Oase der Ruhe, bitte, seien Sie r\u00fccksichtsvoll zu anderen G\u00e4sten<\/li>\n<\/ol>\n<\/div><div class=\"nav fusion-mobile-tab-nav\"><ul class=\"nav-tabs\"><li><a class=\"tab-link\" data-toggle=\"tab\" role=\"tab\" aria-controls=\"tab-d664f51d2172f6bf619\" aria-selected=\"false\" tabindex=\"-1\" id=\"mobile-fusion-tab-whirpool\" href=\"#tab-d664f51d2172f6bf619\"><h4 class=\"fusion-tab-heading\">Whirpool<\/h4><\/a><\/li><\/ul><\/div><div class=\"tab-pane fade fusion-clearfix\" role=\"tabpanel\" tabindex=\"0\" aria-labelledby=\"fusion-tab-whirpool\" id=\"tab-d664f51d2172f6bf619\">Dies sei einfach g\u00f6ttlich. 36\u00b0C<\/p>\n<p>Professioneller Whirlpool , eigentlich das Herz unseres Wellness f\u00fcr 4-5 Personen. Hier ruhen Sie sich tats\u00e4chlich aus und Sie kommen den Wassermassagen zur Entspannung auf den Geschmack.<\/p>\n\r\n\t\t\t\t\t\n\r\n\t\t\t\t\t<!-- START UNITE GALLERY LITE 1.7.54 -->\r\n\t\t\t\t\t\r\n\t\t\t\t\n\t\t\t<div id='unitegallery_8_2' class='unite-gallery' style='margin:0px auto;'>\n\t\t\t\t\n\n\t\t\t\t\t\t<img alt=\"V\u00fd\u0159ivka\"\n\t\t\t\t\t\t     src=\"\" data-image=\"https:\/\/skalkabenecko.cz\/wp-content\/uploads\/2017\/03\/vyrivka-8.jpg\"\n\t\t\t\t\t\t     data-thumb=\"https:\/\/skalkabenecko.cz\/wp-content\/uploads\/2017\/03\/vyrivka-8-300x200.jpg\"\n\t\t\t\t\t\t     title=\"\"\n\t\t\t\t\t\t     style=\"display:none\">\n\n\t\t\t\t\t\t<img alt=\"V\u00fd\u0159ivka\"\n\t\t\t\t\t\t     src=\"\" data-image=\"https:\/\/skalkabenecko.cz\/wp-content\/uploads\/2017\/03\/vyrivka-9.jpg\"\n\t\t\t\t\t\t     data-thumb=\"https:\/\/skalkabenecko.cz\/wp-content\/uploads\/2017\/03\/vyrivka-9-300x200.jpg\"\n\t\t\t\t\t\t     title=\"\"\n\t\t\t\t\t\t     style=\"display:none\">\n\n\t\t\t\t\t\t<img alt=\"V\u00fd\u0159ivka\"\n\t\t\t\t\t\t     src=\"\" data-image=\"https:\/\/skalkabenecko.cz\/wp-content\/uploads\/2017\/03\/vyrivka-10.jpg\"\n\t\t\t\t\t\t     data-thumb=\"https:\/\/skalkabenecko.cz\/wp-content\/uploads\/2017\/03\/vyrivka-10-300x200.jpg\"\n\t\t\t\t\t\t     title=\"\"\n\t\t\t\t\t\t     style=\"display:none\">\n\t\t\t<\/div>\n\n\n\t\t\t<!-- END UNITEGALLERY LITE--><\/div><div class=\"nav fusion-mobile-tab-nav\"><ul class=\"nav-tabs\"><li><a class=\"tab-link\" data-toggle=\"tab\" role=\"tab\" aria-controls=\"tab-1a5e25875385115d905\" aria-selected=\"false\" tabindex=\"-1\" id=\"mobile-fusion-tab-finnischesauna\" href=\"#tab-1a5e25875385115d905\"><h4 class=\"fusion-tab-heading\">Finnische Sauna<\/h4><\/a><\/li><\/ul><\/div><div class=\"tab-pane fade fusion-clearfix\" role=\"tabpanel\" tabindex=\"0\" aria-labelledby=\"fusion-tab-finnischesauna\" id=\"tab-1a5e25875385115d905\">Dieser Saunabesuch beeinflusst eine ganze Reihe von K\u00f6rperorganen, z.B. die Haut, das kardiovaskulare System und das neurovegetative System, den Bewegungsapparat, aber auch und insbesondere die Atmungswege und die Psyche \u2013 erleichtert und lockert die Spannung, baut die Beklommenheit und Aggressivit\u00e4t.<\/p>\n\r\n\t\t\t\t\t\n\r\n\t\t\t\t\t<!-- START UNITE GALLERY LITE 1.7.54 -->\r\n\t\t\t\t\t\r\n\t\t\t\t\n\t\t\t<div id='unitegallery_9_3' class='unite-gallery' style='margin:0px auto;'>\n\t\t\t\t\n\n\t\t\t\t\t\t<img alt=\"Sauna\"\n\t\t\t\t\t\t     src=\"\" data-image=\"https:\/\/skalkabenecko.cz\/wp-content\/uploads\/2017\/03\/sauna-2.jpg\"\n\t\t\t\t\t\t     data-thumb=\"https:\/\/skalkabenecko.cz\/wp-content\/uploads\/2017\/03\/sauna-2-300x200.jpg\"\n\t\t\t\t\t\t     title=\"\"\n\t\t\t\t\t\t     style=\"display:none\">\n\n\t\t\t\t\t\t<img alt=\"Sauna\"\n\t\t\t\t\t\t     src=\"\" data-image=\"https:\/\/skalkabenecko.cz\/wp-content\/uploads\/2017\/03\/sauna-5.jpg\"\n\t\t\t\t\t\t     data-thumb=\"https:\/\/skalkabenecko.cz\/wp-content\/uploads\/2017\/03\/sauna-5-300x200.jpg\"\n\t\t\t\t\t\t     title=\"\"\n\t\t\t\t\t\t     style=\"display:none\">\n\n\t\t\t\t\t\t<img alt=\"Sauna\"\n\t\t\t\t\t\t     src=\"\" data-image=\"https:\/\/skalkabenecko.cz\/wp-content\/uploads\/2017\/03\/sauna-6.jpg\"\n\t\t\t\t\t\t     data-thumb=\"https:\/\/skalkabenecko.cz\/wp-content\/uploads\/2017\/03\/sauna-6-300x200.jpg\"\n\t\t\t\t\t\t     title=\"\"\n\t\t\t\t\t\t     style=\"display:none\">\n\t\t\t<\/div>\n\n\n\t\t\t<!-- END UNITEGALLERY LITE--><\/div><div class=\"nav fusion-mobile-tab-nav\"><ul class=\"nav-tabs\"><li><a class=\"tab-link\" data-toggle=\"tab\" role=\"tab\" aria-controls=\"tab-a3d9997f354dc213569\" aria-selected=\"false\" tabindex=\"-1\" id=\"mobile-fusion-tab-dampfsauna\" href=\"#tab-a3d9997f354dc213569\"><h4 class=\"fusion-tab-heading\">Dampfsauna<\/h4><\/a><\/li><\/ul><\/div><div class=\"tab-pane fade fusion-clearfix\" role=\"tabpanel\" tabindex=\"0\" aria-labelledby=\"fusion-tab-dampfsauna\" id=\"tab-a3d9997f354dc213569\">Es handelt sich um eine Sauna, in der die Temperatur max. 60 \u00b0 C bei bis zu 100% Feuchtigkeit erreicht, womit sie eine geringere Belastung des Organismus erreicht, deshalb k\u00f6nnen sie sich auch Menschen leisten (nach Beratung mit dem Arzt) , die gesundheitliche Probleme haben, weswegen sie sonst die klassische Sauna meiden m\u00fcssen.<\/p>\n<p>Der hei\u00dfe Dampf lockert die Muskulatur, stimuliert den Blutkreislauf und verschafft Linderung bei manchem Leiden. Das Atmen in der Dampfsauna wirkt positiv auf die mit Schnupfern verstopften Atmungswege. Mit dem Aufenthalt in der Dampfsauna l\u00e4sst der Stress rapide nach, die Stimmung wird freier, was f\u00fcr die Probleme mit dem Schlafen eine ausdr\u00fcckliche Genesung zur Folge haben kann. Die Dampfsauna hat nachweisbare Auswirkungen auf den menschlichen Organismus. Neben den Auswirkungen auf die physische Gesundheit hilft sie beim Stressabbau und erweckt das Gef\u00fchl der inneren Erleichterung. Die Besuche der Dampfsauna reinigen und verj\u00fcngen die Haut, mildern die Zellulitis und reduzieren das \u00dcbergewicht.<\/div><div class=\"nav fusion-mobile-tab-nav\"><ul class=\"nav-tabs\"><li><a class=\"tab-link\" data-toggle=\"tab\" role=\"tab\" aria-controls=\"tab-53861fd64fd3381e401\" aria-selected=\"false\" tabindex=\"-1\" id=\"mobile-fusion-tab-derkneipp-steg\" href=\"#tab-53861fd64fd3381e401\"><h4 class=\"fusion-tab-heading\">Der Kneipp-Steg<\/h4><\/a><\/li><\/ul><\/div><div class=\"tab-pane fade fusion-clearfix\" role=\"tabpanel\" tabindex=\"0\" aria-labelledby=\"fusion-tab-derkneipp-steg\" id=\"tab-53861fd64fd3381e401\">Der Kneipp-Steg besteht aus zwei Beh\u00e4ltern: meistens sind es zwei speziell errichtete Wassertroge mit Kieselsteinen. In dem einen hat das Wasser eine Temperatur von ca. 40 \u00b0C, in dem anderen ca. 12&nbsp;\u00b0C.<\/p>\n<p>Die Prozedur wird so praktiziert, dass der Patient im Trog mit dem warmen Wasser etwa eine Minute lang von einem Bein aufs andere tritt und dann tritt er f\u00fcr etwa 5 Sekunden in den Trog mit dem kalten Wasser hin\u00fcber.<\/p>\n<p>Dieser Zyklus wird mehrmals wiederholt. Zuletzt muss die Bewegung im kalten Wasser sein und danach schnell Beine trocken reiben.<\/p>\n\r\n\t\t\t\t\t\n\r\n\t\t\t\t\t<!-- START UNITE GALLERY LITE 1.7.54 -->\r\n\t\t\t\t\t\r\n\t\t\t\t\n\t\t\t<div id='unitegallery_22_4' class='unite-gallery' style='margin:0px auto;'>\n\t\t\t\t\n\n\t\t\t\t\t\t<img alt=\"Kneipp\u016fv chodn\u00edk\"\n\t\t\t\t\t\t     src=\"\" data-image=\"https:\/\/skalkabenecko.cz\/wp-content\/uploads\/2017\/07\/kneippuv-chodnik-2.jpg\"\n\t\t\t\t\t\t     data-thumb=\"https:\/\/skalkabenecko.cz\/wp-content\/uploads\/2017\/07\/kneippuv-chodnik-2-300x200.jpg\"\n\t\t\t\t\t\t     title=\"\"\n\t\t\t\t\t\t     style=\"display:none\">\n\t\t\t<\/div>\n\n\n\t\t\t<!-- END UNITEGALLERY LITE--><\/div><div class=\"nav fusion-mobile-tab-nav\"><ul class=\"nav-tabs\"><li><a class=\"tab-link\" data-toggle=\"tab\" role=\"tab\" aria-controls=\"tab-2b0f0eb65f13b35a715\" aria-selected=\"false\" tabindex=\"-1\" id=\"mobile-fusion-tab-relax+massagen\" href=\"#tab-2b0f0eb65f13b35a715\"><h4 class=\"fusion-tab-heading\">Relax + Massagen<\/h4><\/a><\/li><\/ul><\/div><div class=\"tab-pane fade fusion-clearfix\" role=\"tabpanel\" tabindex=\"0\" aria-labelledby=\"fusion-tab-relax+massagen\" id=\"tab-2b0f0eb65f13b35a715\">Erholung mit allem darum und dran.<\/p>\n<p>Massage werden von einer externer Arbeiter geboten. Bitte informieren Sie \u00fcber die Erreichbarkeit.<\/div><\/div><\/div><div class=\"fusion-clearfix\"><\/div><\/div><\/div><\/div><\/div>\n","protected":false},"excerpt":{"rendered":"","protected":false},"author":3,"featured_media":0,"parent":0,"menu_order":0,"comment_status":"closed","ping_status":"closed","template":"","meta":[],"yoast_head":"<!-- This site is optimized with the Yoast SEO plugin v17.7.1 - https:\/\/yoast.com\/wordpress\/plugins\/seo\/ -->\n<title>Wellness + Spa - Wellness hotel SKALKA<\/title>\n<meta name=\"robots\" content=\"index, follow, max-snippet:-1, max-image-preview:large, max-video-preview:-1\" \/>\n<link rel=\"canonical\" href=\"https:\/\/skalkabenecko.cz\/de\/wellness-spa\/\" \/>\n<meta property=\"og:locale\" content=\"de_DE\" \/>\n<meta property=\"og:type\" content=\"article\" \/>\n<meta property=\"og:title\" content=\"Wellness + Spa - Wellness hotel SKALKA\" \/>\n<meta property=\"og:url\" content=\"https:\/\/skalkabenecko.cz\/de\/wellness-spa\/\" \/>\n<meta property=\"og:site_name\" content=\"Wellness hotel SKALKA\" \/>\n<meta property=\"article:modified_time\" content=\"2017-08-15T09:14:46+00:00\" \/>\n<meta property=\"og:image\" content=\"http:\/\/skalkabenecko.cz\/wp-content\/uploads\/2017\/02\/nahled_for_fb_skalka.jpg\" \/>\n<meta name=\"twitter:card\" content=\"summary\" \/>\n<meta name=\"twitter:label1\" content=\"Gesch\u00e4tzte Lesezeit\" \/>\n\t<meta name=\"twitter:data1\" content=\"4 Minuten\" \/>\n<script type=\"application\/ld+json\" class=\"yoast-schema-graph\">{\"@context\":\"https:\/\/schema.org\",\"@graph\":[{\"@type\":\"WebSite\",\"@id\":\"https:\/\/skalkabenecko.cz\/#website\",\"url\":\"https:\/\/skalkabenecko.cz\/\",\"name\":\"Wellness hotel SKALKA\",\"description\":\"Wellness, ubytov\\u00e1n\\u00ed, restaurace, sport\",\"potentialAction\":[{\"@type\":\"SearchAction\",\"target\":{\"@type\":\"EntryPoint\",\"urlTemplate\":\"https:\/\/skalkabenecko.cz\/?s={search_term_string}\"},\"query-input\":\"required name=search_term_string\"}],\"inLanguage\":\"de-DE\"},{\"@type\":\"WebPage\",\"@id\":\"https:\/\/skalkabenecko.cz\/de\/wellness-spa\/#webpage\",\"url\":\"https:\/\/skalkabenecko.cz\/de\/wellness-spa\/\",\"name\":\"Wellness + Spa - Wellness hotel SKALKA\",\"isPartOf\":{\"@id\":\"https:\/\/skalkabenecko.cz\/#website\"},\"datePublished\":\"2017-03-09T12:21:06+00:00\",\"dateModified\":\"2017-08-15T09:14:46+00:00\",\"breadcrumb\":{\"@id\":\"https:\/\/skalkabenecko.cz\/de\/wellness-spa\/#breadcrumb\"},\"inLanguage\":\"de-DE\",\"potentialAction\":[{\"@type\":\"ReadAction\",\"target\":[\"https:\/\/skalkabenecko.cz\/de\/wellness-spa\/\"]}]},{\"@type\":\"BreadcrumbList\",\"@id\":\"https:\/\/skalkabenecko.cz\/de\/wellness-spa\/#breadcrumb\",\"itemListElement\":[{\"@type\":\"ListItem\",\"position\":1,\"name\":\"Home\",\"item\":\"https:\/\/skalkabenecko.cz\/de\/\"},{\"@type\":\"ListItem\",\"position\":2,\"name\":\"Wellness + Spa\"}]}]}<\/script>\n<!-- \/ Yoast SEO plugin. -->","yoast_head_json":{"title":"Wellness + Spa - Wellness hotel SKALKA","robots":{"index":"index","follow":"follow","max-snippet":"max-snippet:-1","max-image-preview":"max-image-preview:large","max-video-preview":"max-video-preview:-1"},"canonical":"https:\/\/skalkabenecko.cz\/de\/wellness-spa\/","og_locale":"de_DE","og_type":"article","og_title":"Wellness + Spa - Wellness hotel SKALKA","og_url":"https:\/\/skalkabenecko.cz\/de\/wellness-spa\/","og_site_name":"Wellness hotel SKALKA","article_modified_time":"2017-08-15T09:14:46+00:00","og_image":[{"url":"http:\/\/skalkabenecko.cz\/wp-content\/uploads\/2017\/02\/nahled_for_fb_skalka.jpg"}],"twitter_card":"summary","twitter_misc":{"Gesch\u00e4tzte Lesezeit":"4 Minuten"},"schema":{"@context":"https:\/\/schema.org","@graph":[{"@type":"WebSite","@id":"https:\/\/skalkabenecko.cz\/#website","url":"https:\/\/skalkabenecko.cz\/","name":"Wellness hotel SKALKA","description":"Wellness, ubytov\u00e1n\u00ed, restaurace, sport","potentialAction":[{"@type":"SearchAction","target":{"@type":"EntryPoint","urlTemplate":"https:\/\/skalkabenecko.cz\/?s={search_term_string}"},"query-input":"required name=search_term_string"}],"inLanguage":"de-DE"},{"@type":"WebPage","@id":"https:\/\/skalkabenecko.cz\/de\/wellness-spa\/#webpage","url":"https:\/\/skalkabenecko.cz\/de\/wellness-spa\/","name":"Wellness + Spa - Wellness hotel SKALKA","isPartOf":{"@id":"https:\/\/skalkabenecko.cz\/#website"},"datePublished":"2017-03-09T12:21:06+00:00","dateModified":"2017-08-15T09:14:46+00:00","breadcrumb":{"@id":"https:\/\/skalkabenecko.cz\/de\/wellness-spa\/#breadcrumb"},"inLanguage":"de-DE","potentialAction":[{"@type":"ReadAction","target":["https:\/\/skalkabenecko.cz\/de\/wellness-spa\/"]}]},{"@type":"BreadcrumbList","@id":"https:\/\/skalkabenecko.cz\/de\/wellness-spa\/#breadcrumb","itemListElement":[{"@type":"ListItem","position":1,"name":"Home","item":"https:\/\/skalkabenecko.cz\/de\/"},{"@type":"ListItem","position":2,"name":"Wellness + Spa"}]}]}},"_links":{"self":[{"href":"https:\/\/skalkabenecko.cz\/de\/wp-json\/wp\/v2\/pages\/535"}],"collection":[{"href":"https:\/\/skalkabenecko.cz\/de\/wp-json\/wp\/v2\/pages"}],"about":[{"href":"https:\/\/skalkabenecko.cz\/de\/wp-json\/wp\/v2\/types\/page"}],"author":[{"embeddable":true,"href":"https:\/\/skalkabenecko.cz\/de\/wp-json\/wp\/v2\/users\/3"}],"replies":[{"embeddable":true,"href":"https:\/\/skalkabenecko.cz\/de\/wp-json\/wp\/v2\/comments?post=535"}],"version-history":[{"count":3,"href":"https:\/\/skalkabenecko.cz\/de\/wp-json\/wp\/v2\/pages\/535\/revisions"}],"predecessor-version":[{"id":688,"href":"https:\/\/skalkabenecko.cz\/de\/wp-json\/wp\/v2\/pages\/535\/revisions\/688"}],"wp:attachment":[{"href":"https:\/\/skalkabenecko.cz\/de\/wp-json\/wp\/v2\/media?parent=535"}],"curies":[{"name":"wp","href":"https:\/\/api.w.org\/{rel}","templated":true}]}}