{"id":538,"date":"2017-03-09T13:06:55","date_gmt":"2017-03-09T12:06:55","guid":{"rendered":"http:\/\/skalkabenecko.cz\/apartman\/"},"modified":"2021-12-10T13:42:18","modified_gmt":"2021-12-10T12:42:18","slug":"appartements","status":"publish","type":"page","link":"https:\/\/skalkabenecko.cz\/de\/appartements\/","title":{"rendered":"Appartements"},"content":{"rendered":"<div class=\"fusion-fullwidth fullwidth-box fusion-builder-row-1 nonhundred-percent-fullwidth non-hundred-percent-height-scrolling\" style=\"background-color: rgba(255,255,255,0);background-position: center center;background-repeat: no-repeat;padding-top:20px;padding-right:0px;padding-bottom:20px;padding-left:0px;margin-bottom: 0px;margin-top: 0px;border-width: 0px 0px 0px 0px;border-color:#eae9e9;border-style:solid;\" ><div class=\"fusion-builder-row fusion-row\"><div class=\"fusion-layout-column fusion_builder_column fusion-builder-column-0 fusion_builder_column_2_3 2_3 fusion-two-third fusion-column-first fusion-animated\" style=\"width:66.6666666667%;width:calc(66.6666666667% - ( ( 4% ) * 0.666666666667 ) );margin-right: 4%;margin-top:0px;margin-bottom:20px;\" data-animationType=\"fadeInRight\" data-animationDuration=\"0.3\" data-animationOffset=\"top-into-view\"><div class=\"fusion-column-wrapper fusion-flex-column-wrapper-legacy\" style=\"background-position:left top;background-repeat:no-repeat;-webkit-background-size:cover;-moz-background-size:cover;-o-background-size:cover;background-size:cover;padding: 0px 0px 0px 0px;\"><style type=\"text\/css\"><\/style><div class=\"fusion-title title fusion-title-1 fusion-sep-none fusion-title-text fusion-title-size-three\" style=\"margin-top:0px;margin-right:0px;margin-bottom:31px;margin-left:0px;\"><h3 class=\"title-heading-left\" style=\"margin:0;\">Appartement Nr. 117 hotel Skalka<\/h3><\/div><div class=\"fusion-text fusion-text-1\"><p>Das Appartement Nr. 117 ist in unmittelbarer N\u00e4he des Hotels Skalka. Es nimmt den gesamten zweiten Stock eines Einfamilienhauses ein und verf\u00fcgt \u00fcber ein Schlafzimmer, eine ausgestattete K\u00fcche mit Esszimmer und separates WC vom Badezimmer. Es ist f\u00fcr die G\u00e4ste geeignet, die Privates Wohnen mit der M\u00f6glichkeit etwas f\u00fcr sich selbst zu kochen bevorzugen. Die Wohnung mit der Kapazit\u00e4t 3-4 Personen befindet sich gerade im Stadtzentrum und liegt nur wenige Gehminuten von Skipisten und anderen Winterattraktionen.<\/p>\n<\/div><div class=\"fusion-clearfix\"><\/div><\/div><\/div><div class=\"fusion-layout-column fusion_builder_column fusion-builder-column-1 fusion_builder_column_1_3 1_3 fusion-one-third fusion-column-last fusion-animated\" style=\"width:33.3333333333%;width:calc(33.3333333333% - ( ( 4% ) * 0.333333333333 ) );margin-top:0px;margin-bottom:20px;\" data-animationType=\"fadeInLeft\" data-animationDuration=\"0.3\" data-animationOffset=\"top-into-view\"><div class=\"fusion-column-wrapper fusion-flex-column-wrapper-legacy\" style=\"background-position:left top;background-repeat:no-repeat;-webkit-background-size:cover;-moz-background-size:cover;-o-background-size:cover;background-size:cover;padding: 0px 0px 0px 0px;\"><span class=\" fusion-imageframe imageframe-none imageframe-1 hover-type-none obrazeksestinem\" style=\"border-radius:25px;\"><img width=\"1200\" height=\"794\" title=\"apartman-117\" src=\"http:\/\/skalkabenecko.cz\/wp-content\/uploads\/2021\/12\/apartman-117.jpg\" class=\"img-responsive wp-image-1012\" srcset=\"https:\/\/skalkabenecko.cz\/wp-content\/uploads\/2021\/12\/apartman-117-200x132.jpg 200w, https:\/\/skalkabenecko.cz\/wp-content\/uploads\/2021\/12\/apartman-117-400x265.jpg 400w, https:\/\/skalkabenecko.cz\/wp-content\/uploads\/2021\/12\/apartman-117-600x397.jpg 600w, https:\/\/skalkabenecko.cz\/wp-content\/uploads\/2021\/12\/apartman-117-800x529.jpg 800w, https:\/\/skalkabenecko.cz\/wp-content\/uploads\/2021\/12\/apartman-117.jpg 1200w\" sizes=\"(max-width: 800px) 100vw, 400px\" \/><\/span><div class=\"fusion-clearfix\"><\/div><\/div><\/div><div class=\"fusion-layout-column fusion_builder_column fusion-builder-column-2 fusion_builder_column_1_1 1_1 fusion-one-full fusion-column-first fusion-column-last\" style=\"margin-top:50px!important;margin-bottom:20px;\"><div class=\"fusion-column-wrapper fusion-flex-column-wrapper-legacy\" style=\"background-position:left top;background-repeat:no-repeat;-webkit-background-size:cover;-moz-background-size:cover;-o-background-size:cover;background-size:cover;padding: 0px 0px 0px 0px;\"><style type=\"text\/css\">.fusion-gallery-1 .fusion-gallery-image {border:0px solid #e2e2e2;}<\/style><div class=\"fusion-gallery fusion-gallery-container fusion-grid-4 fusion-columns-total-4 fusion-gallery-layout-grid fusion-gallery-1\" style=\"margin:-5px;\"><div style=\"padding:5px;\" class=\"fusion-grid-column fusion-gallery-column fusion-gallery-column-4 hover-type-none\"><div class=\"fusion-gallery-image\"><a href=\"https:\/\/skalkabenecko.cz\/wp-content\/uploads\/2021\/12\/app-cp.-117-6.jpg\" rel=\"noreferrer\" data-rel=\"iLightbox[gallery_image_1]\" class=\"fusion-lightbox\" target=\"_self\"><img src=\"https:\/\/skalkabenecko.cz\/wp-content\/uploads\/2021\/12\/app-cp.-117-6.jpg\" width=\"1200\" height=\"800\" alt=\"\" title=\"app \u010dp. 117 (6)\" aria-label=\"app \u010dp. 117 (6)\" class=\"img-responsive wp-image-1054\" srcset=\"https:\/\/skalkabenecko.cz\/wp-content\/uploads\/2021\/12\/app-cp.-117-6-200x133.jpg 200w, https:\/\/skalkabenecko.cz\/wp-content\/uploads\/2021\/12\/app-cp.-117-6-400x267.jpg 400w, https:\/\/skalkabenecko.cz\/wp-content\/uploads\/2021\/12\/app-cp.-117-6-600x400.jpg 600w, https:\/\/skalkabenecko.cz\/wp-content\/uploads\/2021\/12\/app-cp.-117-6-800x533.jpg 800w, https:\/\/skalkabenecko.cz\/wp-content\/uploads\/2021\/12\/app-cp.-117-6.jpg 1200w\" sizes=\"(min-width: 2200px) 100vw, (min-width: 856px) 271px, (min-width: 784px) 362px, (min-width: 712px) 543px, (min-width: 640px) 712px, \" \/><\/a><\/div><\/div><div style=\"padding:5px;\" class=\"fusion-grid-column fusion-gallery-column fusion-gallery-column-4 hover-type-none\"><div class=\"fusion-gallery-image\"><a href=\"https:\/\/skalkabenecko.cz\/wp-content\/uploads\/2021\/12\/app-cp.-117-3.jpg\" rel=\"noreferrer\" data-rel=\"iLightbox[gallery_image_1]\" class=\"fusion-lightbox\" target=\"_self\"><img src=\"https:\/\/skalkabenecko.cz\/wp-content\/uploads\/2021\/12\/app-cp.-117-3.jpg\" width=\"1200\" height=\"800\" alt=\"\" title=\"app \u010dp. 117 (3)\" aria-label=\"app \u010dp. 117 (3)\" class=\"img-responsive wp-image-1053\" srcset=\"https:\/\/skalkabenecko.cz\/wp-content\/uploads\/2021\/12\/app-cp.-117-3-200x133.jpg 200w, https:\/\/skalkabenecko.cz\/wp-content\/uploads\/2021\/12\/app-cp.-117-3-400x267.jpg 400w, https:\/\/skalkabenecko.cz\/wp-content\/uploads\/2021\/12\/app-cp.-117-3-600x400.jpg 600w, https:\/\/skalkabenecko.cz\/wp-content\/uploads\/2021\/12\/app-cp.-117-3-800x533.jpg 800w, https:\/\/skalkabenecko.cz\/wp-content\/uploads\/2021\/12\/app-cp.-117-3.jpg 1200w\" sizes=\"(min-width: 2200px) 100vw, (min-width: 856px) 271px, (min-width: 784px) 362px, (min-width: 712px) 543px, (min-width: 640px) 712px, \" \/><\/a><\/div><\/div><div style=\"padding:5px;\" class=\"fusion-grid-column fusion-gallery-column fusion-gallery-column-4 hover-type-none\"><div class=\"fusion-gallery-image\"><a href=\"https:\/\/skalkabenecko.cz\/wp-content\/uploads\/2021\/12\/app-cp.-117-2.jpg\" rel=\"noreferrer\" data-rel=\"iLightbox[gallery_image_1]\" class=\"fusion-lightbox\" target=\"_self\"><img src=\"https:\/\/skalkabenecko.cz\/wp-content\/uploads\/2021\/12\/app-cp.-117-2.jpg\" width=\"1200\" height=\"800\" alt=\"\" title=\"app \u010dp. 117 (2)\" aria-label=\"app \u010dp. 117 (2)\" class=\"img-responsive wp-image-1052\" srcset=\"https:\/\/skalkabenecko.cz\/wp-content\/uploads\/2021\/12\/app-cp.-117-2-200x133.jpg 200w, https:\/\/skalkabenecko.cz\/wp-content\/uploads\/2021\/12\/app-cp.-117-2-400x267.jpg 400w, https:\/\/skalkabenecko.cz\/wp-content\/uploads\/2021\/12\/app-cp.-117-2-600x400.jpg 600w, https:\/\/skalkabenecko.cz\/wp-content\/uploads\/2021\/12\/app-cp.-117-2-800x533.jpg 800w, https:\/\/skalkabenecko.cz\/wp-content\/uploads\/2021\/12\/app-cp.-117-2.jpg 1200w\" sizes=\"(min-width: 2200px) 100vw, (min-width: 856px) 271px, (min-width: 784px) 362px, (min-width: 712px) 543px, (min-width: 640px) 712px, \" \/><\/a><\/div><\/div><div style=\"padding:5px;\" class=\"fusion-grid-column fusion-gallery-column fusion-gallery-column-4 hover-type-none\"><div class=\"fusion-gallery-image\"><a href=\"https:\/\/skalkabenecko.cz\/wp-content\/uploads\/2021\/12\/app-cp.-117-1.jpg\" rel=\"noreferrer\" data-rel=\"iLightbox[gallery_image_1]\" class=\"fusion-lightbox\" target=\"_self\"><img src=\"https:\/\/skalkabenecko.cz\/wp-content\/uploads\/2021\/12\/app-cp.-117-1.jpg\" width=\"1200\" height=\"800\" alt=\"\" title=\"app \u010dp. 117 (1)\" aria-label=\"app \u010dp. 117 (1)\" class=\"img-responsive wp-image-1051\" srcset=\"https:\/\/skalkabenecko.cz\/wp-content\/uploads\/2021\/12\/app-cp.-117-1-200x133.jpg 200w, https:\/\/skalkabenecko.cz\/wp-content\/uploads\/2021\/12\/app-cp.-117-1-400x267.jpg 400w, https:\/\/skalkabenecko.cz\/wp-content\/uploads\/2021\/12\/app-cp.-117-1-600x400.jpg 600w, https:\/\/skalkabenecko.cz\/wp-content\/uploads\/2021\/12\/app-cp.-117-1-800x533.jpg 800w, https:\/\/skalkabenecko.cz\/wp-content\/uploads\/2021\/12\/app-cp.-117-1.jpg 1200w\" sizes=\"(min-width: 2200px) 100vw, (min-width: 856px) 271px, (min-width: 784px) 362px, (min-width: 712px) 543px, (min-width: 640px) 712px, \" \/><\/a><\/div><\/div><div class=\"clearfix\"><\/div><\/div><div class=\"fusion-clearfix\"><\/div><\/div><\/div><\/div><\/div>\n","protected":false},"excerpt":{"rendered":"","protected":false},"author":3,"featured_media":0,"parent":0,"menu_order":0,"comment_status":"closed","ping_status":"closed","template":"","meta":[],"yoast_head":"<!-- This site is optimized with the Yoast SEO plugin v17.7.1 - https:\/\/yoast.com\/wordpress\/plugins\/seo\/ -->\n<title>Appartements - Wellness hotel SKALKA<\/title>\n<meta name=\"robots\" content=\"index, follow, max-snippet:-1, max-image-preview:large, max-video-preview:-1\" \/>\n<link rel=\"canonical\" href=\"https:\/\/skalkabenecko.cz\/de\/appartements\/\" \/>\n<meta property=\"og:locale\" content=\"de_DE\" \/>\n<meta property=\"og:type\" content=\"article\" \/>\n<meta property=\"og:title\" content=\"Appartements - Wellness hotel SKALKA\" \/>\n<meta property=\"og:url\" content=\"https:\/\/skalkabenecko.cz\/de\/appartements\/\" \/>\n<meta property=\"og:site_name\" content=\"Wellness hotel SKALKA\" \/>\n<meta property=\"article:modified_time\" content=\"2021-12-10T12:42:18+00:00\" \/>\n<meta property=\"og:image\" content=\"http:\/\/skalkabenecko.cz\/wp-content\/uploads\/2017\/02\/nahled_for_fb_skalka.jpg\" \/>\n<meta name=\"twitter:card\" content=\"summary\" \/>\n<meta name=\"twitter:label1\" content=\"Gesch\u00e4tzte Lesezeit\" \/>\n\t<meta name=\"twitter:data1\" content=\"3 Minuten\" \/>\n<script type=\"application\/ld+json\" class=\"yoast-schema-graph\">{\"@context\":\"https:\/\/schema.org\",\"@graph\":[{\"@type\":\"WebSite\",\"@id\":\"https:\/\/skalkabenecko.cz\/#website\",\"url\":\"https:\/\/skalkabenecko.cz\/\",\"name\":\"Wellness hotel SKALKA\",\"description\":\"Wellness, ubytov\\u00e1n\\u00ed, restaurace, sport\",\"potentialAction\":[{\"@type\":\"SearchAction\",\"target\":{\"@type\":\"EntryPoint\",\"urlTemplate\":\"https:\/\/skalkabenecko.cz\/?s={search_term_string}\"},\"query-input\":\"required name=search_term_string\"}],\"inLanguage\":\"de-DE\"},{\"@type\":\"WebPage\",\"@id\":\"https:\/\/skalkabenecko.cz\/de\/appartements\/#webpage\",\"url\":\"https:\/\/skalkabenecko.cz\/de\/appartements\/\",\"name\":\"Appartements - Wellness hotel SKALKA\",\"isPartOf\":{\"@id\":\"https:\/\/skalkabenecko.cz\/#website\"},\"datePublished\":\"2017-03-09T12:06:55+00:00\",\"dateModified\":\"2021-12-10T12:42:18+00:00\",\"breadcrumb\":{\"@id\":\"https:\/\/skalkabenecko.cz\/de\/appartements\/#breadcrumb\"},\"inLanguage\":\"de-DE\",\"potentialAction\":[{\"@type\":\"ReadAction\",\"target\":[\"https:\/\/skalkabenecko.cz\/de\/appartements\/\"]}]},{\"@type\":\"BreadcrumbList\",\"@id\":\"https:\/\/skalkabenecko.cz\/de\/appartements\/#breadcrumb\",\"itemListElement\":[{\"@type\":\"ListItem\",\"position\":1,\"name\":\"Home\",\"item\":\"https:\/\/skalkabenecko.cz\/de\/\"},{\"@type\":\"ListItem\",\"position\":2,\"name\":\"Appartements\"}]}]}<\/script>\n<!-- \/ Yoast SEO plugin. -->","yoast_head_json":{"title":"Appartements - Wellness hotel SKALKA","robots":{"index":"index","follow":"follow","max-snippet":"max-snippet:-1","max-image-preview":"max-image-preview:large","max-video-preview":"max-video-preview:-1"},"canonical":"https:\/\/skalkabenecko.cz\/de\/appartements\/","og_locale":"de_DE","og_type":"article","og_title":"Appartements - Wellness hotel SKALKA","og_url":"https:\/\/skalkabenecko.cz\/de\/appartements\/","og_site_name":"Wellness hotel SKALKA","article_modified_time":"2021-12-10T12:42:18+00:00","og_image":[{"url":"http:\/\/skalkabenecko.cz\/wp-content\/uploads\/2017\/02\/nahled_for_fb_skalka.jpg"}],"twitter_card":"summary","twitter_misc":{"Gesch\u00e4tzte Lesezeit":"3 Minuten"},"schema":{"@context":"https:\/\/schema.org","@graph":[{"@type":"WebSite","@id":"https:\/\/skalkabenecko.cz\/#website","url":"https:\/\/skalkabenecko.cz\/","name":"Wellness hotel SKALKA","description":"Wellness, ubytov\u00e1n\u00ed, restaurace, sport","potentialAction":[{"@type":"SearchAction","target":{"@type":"EntryPoint","urlTemplate":"https:\/\/skalkabenecko.cz\/?s={search_term_string}"},"query-input":"required name=search_term_string"}],"inLanguage":"de-DE"},{"@type":"WebPage","@id":"https:\/\/skalkabenecko.cz\/de\/appartements\/#webpage","url":"https:\/\/skalkabenecko.cz\/de\/appartements\/","name":"Appartements - Wellness hotel SKALKA","isPartOf":{"@id":"https:\/\/skalkabenecko.cz\/#website"},"datePublished":"2017-03-09T12:06:55+00:00","dateModified":"2021-12-10T12:42:18+00:00","breadcrumb":{"@id":"https:\/\/skalkabenecko.cz\/de\/appartements\/#breadcrumb"},"inLanguage":"de-DE","potentialAction":[{"@type":"ReadAction","target":["https:\/\/skalkabenecko.cz\/de\/appartements\/"]}]},{"@type":"BreadcrumbList","@id":"https:\/\/skalkabenecko.cz\/de\/appartements\/#breadcrumb","itemListElement":[{"@type":"ListItem","position":1,"name":"Home","item":"https:\/\/skalkabenecko.cz\/de\/"},{"@type":"ListItem","position":2,"name":"Appartements"}]}]}},"_links":{"self":[{"href":"https:\/\/skalkabenecko.cz\/de\/wp-json\/wp\/v2\/pages\/538"}],"collection":[{"href":"https:\/\/skalkabenecko.cz\/de\/wp-json\/wp\/v2\/pages"}],"about":[{"href":"https:\/\/skalkabenecko.cz\/de\/wp-json\/wp\/v2\/types\/page"}],"author":[{"embeddable":true,"href":"https:\/\/skalkabenecko.cz\/de\/wp-json\/wp\/v2\/users\/3"}],"replies":[{"embeddable":true,"href":"https:\/\/skalkabenecko.cz\/de\/wp-json\/wp\/v2\/comments?post=538"}],"version-history":[{"count":8,"href":"https:\/\/skalkabenecko.cz\/de\/wp-json\/wp\/v2\/pages\/538\/revisions"}],"predecessor-version":[{"id":1061,"href":"https:\/\/skalkabenecko.cz\/de\/wp-json\/wp\/v2\/pages\/538\/revisions\/1061"}],"wp:attachment":[{"href":"https:\/\/skalkabenecko.cz\/de\/wp-json\/wp\/v2\/media?parent=538"}],"curies":[{"name":"wp","href":"https:\/\/api.w.org\/{rel}","templated":true}]}}