{"id":541,"date":"2017-04-24T11:01:47","date_gmt":"2017-04-24T09:01:47","guid":{"rendered":"http:\/\/skalkabenecko.cz\/sport-a-deti\/"},"modified":"2017-09-07T09:21:37","modified_gmt":"2017-09-07T07:21:37","slug":"kindersport","status":"publish","type":"page","link":"https:\/\/skalkabenecko.cz\/de\/kindersport\/","title":{"rendered":"Kindersport"},"content":{"rendered":"<div class=\"fusion-fullwidth fullwidth-box fusion-builder-row-1 nonhundred-percent-fullwidth non-hundred-percent-height-scrolling\" style=\"background-color: rgba(255,255,255,0);background-position: center center;background-repeat: no-repeat;padding-top:20px;padding-right:0px;padding-bottom:20px;padding-left:0px;margin-bottom: 0px;margin-top: 0px;border-width: 0px 0px 0px 0px;border-color:#eae9e9;border-style:solid;\" ><div class=\"fusion-builder-row fusion-row\"><div class=\"fusion-layout-column fusion_builder_column fusion-builder-column-0 fusion_builder_column_1_1 1_1 fusion-one-full fusion-column-first fusion-column-last\" style=\"margin-top:0px;margin-bottom:20px;\"><div class=\"fusion-column-wrapper fusion-flex-column-wrapper-legacy\" style=\"background-position:left top;background-repeat:no-repeat;-webkit-background-size:cover;-moz-background-size:cover;-o-background-size:cover;background-size:cover;padding: 0px 0px 0px 0px;\"><style type=\"text\/css\"><\/style><div class=\"fusion-title title fusion-title-1 fusion-sep-none fusion-title-center fusion-title-text fusion-title-size-two\" style=\"margin-top:0px;margin-right:0px;margin-bottom:31px;margin-left:0px;\"><h2 class=\"title-heading-center\" style=\"margin:0;\">Kindersport<\/h2><\/div><div class=\"fusion-sep-clear\"><\/div><div class=\"fusion-separator fusion-has-icon fusion-full-width-sep\" style=\"margin-left: auto;margin-right: auto;width:100%;\"><div class=\"fusion-separator-border sep-single sep-solid\" style=\"border-color:#474040;border-top-width:1px;\"><\/div><span class=\"icon-wrapper\" style=\"border-color:#474040;background-color:rgba(255,255,255,0);font-size:16px;width: 1.75em; height: 1.75em;border-width:1px;padding:1px;margin-top:-0.5px\"><i class=\" fa fa-bicycle\" style=\"font-size: inherit;color:#474040;\" aria-hidden=\"true\"><\/i><\/span><div class=\"fusion-separator-border sep-single sep-solid\" style=\"border-color:#474040;border-top-width:1px;\"><\/div><\/div><div class=\"fusion-sep-clear\"><\/div><div class=\"fusion-sep-clear\"><\/div><div class=\"fusion-separator fusion-full-width-sep\" style=\"margin-left: auto;margin-right: auto;margin-top:20px;margin-bottom:20px;width:100%;\"><\/div><div class=\"fusion-sep-clear\"><\/div><div class=\"fusion-tabs fusion-tabs-1 clean vertical-tabs icon-position-left\"><style type=\"text\/css\">#wrapper .fusion-tabs.fusion-tabs-1.clean .nav-tabs li a.tab-link{border-color:#ebeaea;}.fusion-tabs.fusion-tabs-1 .nav-tabs li a.tab-link{background-color:#ebeaea;}.fusion-tabs.fusion-tabs-1 .nav-tabs li.active a.tab-link,.fusion-tabs.fusion-tabs-1 .nav-tabs li.active a.tab-link:hover,.fusion-tabs.fusion-tabs-1 .nav-tabs li.active a.tab-link:focus{background-color:#ffffff;}.fusion-tabs.fusion-tabs-1 .nav-tabs li a:hover{background-color:#ffffff;border-top-color:#ffffff;}.fusion-tabs.fusion-tabs-1 .tab-pane{background-color:#ffffff;}.fusion-tabs.fusion-tabs-1 .nav,.fusion-tabs.fusion-tabs-1 .nav-tabs,.fusion-tabs.fusion-tabs-1 .tab-content .tab-pane{border-color:#ebeaea;}<\/style><div class=\"nav\"><ul class=\"nav-tabs\" role=\"tablist\"><li class=\"active\"><a class=\"tab-link\" data-toggle=\"tab\" role=\"tab\" aria-controls=\"tab-e4d04dc2087d8a365b9\" aria-selected=\"true\" id=\"fusion-tab-informationen\u00fcbersportpl\u00e4tze\" href=\"#tab-e4d04dc2087d8a365b9\"><h4 class=\"fusion-tab-heading\">Informationen \u00fcber Sportpl\u00e4tze<\/h4><\/a><\/li><li><a class=\"tab-link\" data-toggle=\"tab\" role=\"tab\" aria-controls=\"tab-6722de0e5a4a64d338f\" aria-selected=\"false\" tabindex=\"-1\" id=\"fusion-tab-kinderinnenundau\u00dfen\" href=\"#tab-6722de0e5a4a64d338f\"><h4 class=\"fusion-tab-heading\">Kinder innen und au\u00dfen<\/h4><\/a><\/li><li><a class=\"tab-link\" data-toggle=\"tab\" role=\"tab\" aria-controls=\"tab-ca6adb5bf5c6735c30d\" aria-selected=\"false\" tabindex=\"-1\" id=\"fusion-tab-turn\u00fcbungennichtnurf\u00fcrdiedamen\" href=\"#tab-ca6adb5bf5c6735c30d\"><h4 class=\"fusion-tab-heading\">Turn\u00fcbungen nicht nur f\u00fcr die Damen<\/h4><\/a><\/li><li><a class=\"tab-link\" data-toggle=\"tab\" role=\"tab\" aria-controls=\"tab-4f08078ecce33bfb757\" aria-selected=\"false\" tabindex=\"-1\" id=\"fusion-tab-golfacademy\" href=\"#tab-4f08078ecce33bfb757\"><h4 class=\"fusion-tab-heading\">Golf academy<\/h4><\/a><\/li><li><a class=\"tab-link\" data-toggle=\"tab\" role=\"tab\" aria-controls=\"tab-b8d6e358701d6280cf9\" aria-selected=\"false\" tabindex=\"-1\" id=\"fusion-tab-fu\u00dfballundvolleyball\" href=\"#tab-b8d6e358701d6280cf9\"><h4 class=\"fusion-tab-heading\">Fu\u00dfball und Volleyball<\/h4><\/a><\/li><li><a class=\"tab-link\" data-toggle=\"tab\" role=\"tab\" aria-controls=\"tab-841aa191961576d7e7a\" aria-selected=\"false\" tabindex=\"-1\" id=\"fusion-tab-willkommenf\u00fcrdieradfahrer\" href=\"#tab-841aa191961576d7e7a\"><h4 class=\"fusion-tab-heading\">Willkommen f\u00fcr die Radfahrer<\/h4><\/a><\/li><\/ul><\/div><div class=\"tab-content\"><div class=\"nav fusion-mobile-tab-nav\"><ul class=\"nav-tabs\"><li class=\"active\"><a class=\"tab-link\" data-toggle=\"tab\" role=\"tab\" aria-controls=\"tab-e4d04dc2087d8a365b9\" aria-selected=\"true\" id=\"mobile-fusion-tab-informationen\u00fcbersportpl\u00e4tze\" href=\"#tab-e4d04dc2087d8a365b9\"><h4 class=\"fusion-tab-heading\">Informationen \u00fcber Sportpl\u00e4tze<\/h4><\/a><\/li><\/ul><\/div><div class=\"tab-pane fade fusion-clearfix in active\" role=\"tabpanel\" tabindex=\"0\" aria-labelledby=\"fusion-tab-informationen\u00fcbersportpl\u00e4tze\" id=\"tab-e4d04dc2087d8a365b9\">Ein Sportplatz im Innen des Hotels steht ab 10&nbsp;00 bis 21&nbsp;00  Uhr f\u00fcr aller Alterskategorien zur Verf\u00fcgung. Die Kinder bis 15 Jahre haben den Zutritt lediglich mit einem Erwachsenen \u00e4lter als 18 Jahre frei. Wegen einem einwandfreien Betrieb liegt den Besuchern eine Hotelordnung  vor.<\/p>\n<p>Jegliche Ausstattung und Sportger\u00e4te sind vor Ort zu haben. Sie nehmen mit lediglich die Sportbekleidung, indoor-Schuchwerk  sowie ein Handtuch. Die Innensportpl\u00e4tze des Hotels  Skalka sind f\u00fcr die Hotelg\u00e4ste unentgeltlich, f\u00fcr die \u00d6ffentlichkeit gegen Entgelt.<\/p>\n\r\n\t\t\t\t\t\n\r\n\t\t\t\t\t<!-- START UNITE GALLERY LITE 1.7.54 -->\r\n\t\t\t\t\t\r\n\t\t\t\t\n\t\t\t<div id='unitegallery_15_1' class='unite-gallery' style='margin:0px auto;'>\n\t\t\t\t\n\n\t\t\t\t\t\t<img alt=\"Golf\"\n\t\t\t\t\t\t     src=\"\" data-image=\"https:\/\/skalkabenecko.cz\/wp-content\/uploads\/2017\/03\/golf-reklama-12.jpg\"\n\t\t\t\t\t\t     data-thumb=\"https:\/\/skalkabenecko.cz\/wp-content\/uploads\/2017\/03\/golf-reklama-12-300x200.jpg\"\n\t\t\t\t\t\t     title=\"\"\n\t\t\t\t\t\t     style=\"display:none\">\n\n\t\t\t\t\t\t<img alt=\"V\u00fd\u0159ivka\"\n\t\t\t\t\t\t     src=\"\" data-image=\"https:\/\/skalkabenecko.cz\/wp-content\/uploads\/2017\/03\/vyrivka-4.jpg\"\n\t\t\t\t\t\t     data-thumb=\"https:\/\/skalkabenecko.cz\/wp-content\/uploads\/2017\/03\/vyrivka-4-300x200.jpg\"\n\t\t\t\t\t\t     title=\"\"\n\t\t\t\t\t\t     style=\"display:none\">\n\n\t\t\t\t\t\t<img alt=\"ErgoCycling\"\n\t\t\t\t\t\t     src=\"\" data-image=\"https:\/\/skalkabenecko.cz\/wp-content\/uploads\/2017\/03\/VE0T5927.jpg\"\n\t\t\t\t\t\t     data-thumb=\"https:\/\/skalkabenecko.cz\/wp-content\/uploads\/2017\/03\/VE0T5927-300x200.jpg\"\n\t\t\t\t\t\t     title=\"\"\n\t\t\t\t\t\t     style=\"display:none\">\n\n\t\t\t\t\t\t<img alt=\"Cvi\u010den\u00ed\"\n\t\t\t\t\t\t     src=\"\" data-image=\"https:\/\/skalkabenecko.cz\/wp-content\/uploads\/2017\/03\/telocvicna-2.jpg\"\n\t\t\t\t\t\t     data-thumb=\"https:\/\/skalkabenecko.cz\/wp-content\/uploads\/2017\/03\/telocvicna-2-300x200.jpg\"\n\t\t\t\t\t\t     title=\"\"\n\t\t\t\t\t\t     style=\"display:none\">\n\t\t\t<\/div>\n\n\t\t\t<script type='text\/javascript'>\n\t\t\t\twindow.onload = function(e) {\n\t\t\t\t\tif(typeof ugCheckForErrors == \"undefined\"){\n\t\t\t\t\t\tdocument.getElementById(\"unitegallery_15_1\").innerHTML = \"<span style='color:red'>Unite Gallery Error - gallery js and css files not included in the footer. Please make sure that wp_footer() function is added to your theme.<\/span>\";}\n\t\t\t\t\telse{ ugCheckForErrors(\"unitegallery_15_1\", \"jquery\");}\n\t\t\t\t};\n\t\t\t<\/script>\n\n\t\t\t<!-- END UNITEGALLERY LITE--><\/div><div class=\"nav fusion-mobile-tab-nav\"><ul class=\"nav-tabs\"><li><a class=\"tab-link\" data-toggle=\"tab\" role=\"tab\" aria-controls=\"tab-6722de0e5a4a64d338f\" aria-selected=\"false\" tabindex=\"-1\" id=\"mobile-fusion-tab-kinderinnenundau\u00dfen\" href=\"#tab-6722de0e5a4a64d338f\"><h4 class=\"fusion-tab-heading\">Kinder innen und au\u00dfen<\/h4><\/a><\/li><\/ul><\/div><div class=\"tab-pane fade fusion-clearfix\" role=\"tabpanel\" tabindex=\"0\" aria-labelledby=\"fusion-tab-kinderinnenundau\u00dfen\" id=\"tab-6722de0e5a4a64d338f\">Der Kinderspielraum besteht aus einem ger\u00e4umigen beschallten Raum mit den Ma\u00dfen 9x 6,5m, wo solche Sportarten betrieben werden k\u00f6nnen wie Tischtennis oder Federball.<\/p>\n<p>Die Schaukeln und Buddelkasten befinden sich dort, wo lediglich die Hotelg\u00e4ste mit ihren Kindern freien Zugang haben.<\/div><div class=\"nav fusion-mobile-tab-nav\"><ul class=\"nav-tabs\"><li><a class=\"tab-link\" data-toggle=\"tab\" role=\"tab\" aria-controls=\"tab-ca6adb5bf5c6735c30d\" aria-selected=\"false\" tabindex=\"-1\" id=\"mobile-fusion-tab-turn\u00fcbungennichtnurf\u00fcrdiedamen\" href=\"#tab-ca6adb5bf5c6735c30d\"><h4 class=\"fusion-tab-heading\">Turn\u00fcbungen nicht nur f\u00fcr die Damen<\/h4><\/a><\/li><\/ul><\/div><div class=\"tab-pane fade fusion-clearfix\" role=\"tabpanel\" tabindex=\"0\" aria-labelledby=\"fusion-tab-turn\u00fcbungennichtnurf\u00fcrdiedamen\" id=\"tab-ca6adb5bf5c6735c30d\">F\u00fcr die Gruppen\u00fcbungen oder auch sonstige Aktivit\u00e4ten gibt es hier eine beschallte Turnhalle mit einer Spiegelwand. Angenehme sportliche Erlebnisse werden unterm Einfluss von Lichteffekten mit einer drehbaren Spiegelkugel noch st\u00e4rker. Die Turnhalle hat eine Kapazit\u00e4t von ca. 20 \u2013 25 Personen. F\u00fcr \u00dcbungen einer gr\u00f6\u00dferen Gruppe kann auch der Kinderspielraum mit genutzt werden Auf Wunsch kann auch eine Vorturnerin oder ein Fachinstrukteur engagiert werden. In der Turnhalle finden Sie Kissen unter den R\u00fccken, auch sonstige \u00dcbungshilfsmittel k\u00f6nnen Sie mitnehmen. F\u00fcr den Fall eines sch\u00f6nen Wetters k\u00f6nnen auch Au\u00dfenfl\u00e4chen in Anspruch genommen werden.<\/p>\n\r\n\t\t\t\t\t\n\r\n\t\t\t\t\t<!-- START UNITE GALLERY LITE 1.7.54 -->\r\n\t\t\t\t\t\r\n\t\t\t\t\n\t\t\t<div id='unitegallery_13_2' class='unite-gallery' style='margin:0px auto;'>\n\t\t\t\t\n\n\t\t\t\t\t\t<img alt=\"1\"\n\t\t\t\t\t\t     src=\"\" data-image=\"https:\/\/skalkabenecko.cz\/wp-content\/uploads\/2017\/08\/1-2.jpg\"\n\t\t\t\t\t\t     data-thumb=\"https:\/\/skalkabenecko.cz\/wp-content\/uploads\/2017\/08\/1-2-300x225.jpg\"\n\t\t\t\t\t\t     title=\"\"\n\t\t\t\t\t\t     style=\"display:none\">\n\n\t\t\t\t\t\t<img alt=\"2\"\n\t\t\t\t\t\t     src=\"\" data-image=\"https:\/\/skalkabenecko.cz\/wp-content\/uploads\/2017\/08\/2-2.jpg\"\n\t\t\t\t\t\t     data-thumb=\"https:\/\/skalkabenecko.cz\/wp-content\/uploads\/2017\/08\/2-2-300x200.jpg\"\n\t\t\t\t\t\t     title=\"\"\n\t\t\t\t\t\t     style=\"display:none\">\n\t\t\t<\/div>\n\n\n\t\t\t<!-- END UNITEGALLERY LITE--><\/div><div class=\"nav fusion-mobile-tab-nav\"><ul class=\"nav-tabs\"><li><a class=\"tab-link\" data-toggle=\"tab\" role=\"tab\" aria-controls=\"tab-4f08078ecce33bfb757\" aria-selected=\"false\" tabindex=\"-1\" id=\"mobile-fusion-tab-golfacademy\" href=\"#tab-4f08078ecce33bfb757\"><h4 class=\"fusion-tab-heading\">Golf academy<\/h4><\/a><\/li><\/ul><\/div><div class=\"tab-pane fade fusion-clearfix\" role=\"tabpanel\" tabindex=\"0\" aria-labelledby=\"fusion-tab-golfacademy\" id=\"tab-4f08078ecce33bfb757\">Professionelle Oberfl\u00e4che \u2013 (nicht nur) Spielgelegenheit f\u00fcr Amateursportler.<\/p>\n<p>Auf dem Rasengolfplatz k\u00f6nnen Sie Ihre Golfkunst testen, oder die Grundlagen dieser immer mehr beliebten Sportart erlernen, die nicht mehr die Bezeichnung \u201eSport f\u00fcr die Reichen\u201c tr\u00e4gt, sondern eher f\u00fcr diejenigen bestimmt ist, die ihre Freizeit richtig geniessen und gern etwas Neues und Ungew\u00f6hnliches ausprobieren wollen. Ihre Urlaubszeit ist f\u00fcr solch eine \u201eKostprobe\u201c wie geschaffen.<\/p>\n<p>M\u00f6chten Sie lieber als ein Zuschauer aus einer Sommergartenlaube beobachten, wie sich die Golflaien \u2013 Anf\u00e4nger anstrengen und die Profis ihre Form auf die bevorstehenden Wettk\u00e4mpfe einstellen, dann tun Sie es vor der pr\u00e4chtigen Szenerie des Riesengebirges im Hintergrund.<\/p>\n\r\n\t\t\t\t\t\n\r\n\t\t\t\t\t<!-- START UNITE GALLERY LITE 1.7.54 -->\r\n\t\t\t\t\t\r\n\t\t\t\t\n\t\t\t<div id='unitegallery_12_3' class='unite-gallery' style='margin:0px auto;'>\n\t\t\t\t\n\n\t\t\t\t\t\t<img alt=\"Golf\"\n\t\t\t\t\t\t     src=\"\" data-image=\"https:\/\/skalkabenecko.cz\/wp-content\/uploads\/2017\/03\/golf-reklama.jpg\"\n\t\t\t\t\t\t     data-thumb=\"https:\/\/skalkabenecko.cz\/wp-content\/uploads\/2017\/03\/golf-reklama-300x200.jpg\"\n\t\t\t\t\t\t     title=\"\"\n\t\t\t\t\t\t     style=\"display:none\">\n\n\t\t\t\t\t\t<img alt=\"Golf\"\n\t\t\t\t\t\t     src=\"\" data-image=\"https:\/\/skalkabenecko.cz\/wp-content\/uploads\/2017\/03\/golf-reklama-3.jpg\"\n\t\t\t\t\t\t     data-thumb=\"https:\/\/skalkabenecko.cz\/wp-content\/uploads\/2017\/03\/golf-reklama-3-300x200.jpg\"\n\t\t\t\t\t\t     title=\"\"\n\t\t\t\t\t\t     style=\"display:none\">\n\n\t\t\t\t\t\t<img alt=\"Golf\"\n\t\t\t\t\t\t     src=\"\" data-image=\"https:\/\/skalkabenecko.cz\/wp-content\/uploads\/2017\/03\/golf-reklama-7.jpg\"\n\t\t\t\t\t\t     data-thumb=\"https:\/\/skalkabenecko.cz\/wp-content\/uploads\/2017\/03\/golf-reklama-7-300x200.jpg\"\n\t\t\t\t\t\t     title=\"\"\n\t\t\t\t\t\t     style=\"display:none\">\n\n\t\t\t\t\t\t<img alt=\"Golf\"\n\t\t\t\t\t\t     src=\"\" data-image=\"https:\/\/skalkabenecko.cz\/wp-content\/uploads\/2017\/03\/golf-reklama-12.jpg\"\n\t\t\t\t\t\t     data-thumb=\"https:\/\/skalkabenecko.cz\/wp-content\/uploads\/2017\/03\/golf-reklama-12-300x200.jpg\"\n\t\t\t\t\t\t     title=\"\"\n\t\t\t\t\t\t     style=\"display:none\">\n\n\t\t\t\t\t\t<img alt=\"Golf\"\n\t\t\t\t\t\t     src=\"\" data-image=\"https:\/\/skalkabenecko.cz\/wp-content\/uploads\/2017\/03\/golf-reklama-9.jpg\"\n\t\t\t\t\t\t     data-thumb=\"https:\/\/skalkabenecko.cz\/wp-content\/uploads\/2017\/03\/golf-reklama-9-300x200.jpg\"\n\t\t\t\t\t\t     title=\"\"\n\t\t\t\t\t\t     style=\"display:none\">\n\n\t\t\t\t\t\t<img alt=\"Golf\"\n\t\t\t\t\t\t     src=\"\" data-image=\"https:\/\/skalkabenecko.cz\/wp-content\/uploads\/2017\/03\/golf-reklama-13.jpg\"\n\t\t\t\t\t\t     data-thumb=\"https:\/\/skalkabenecko.cz\/wp-content\/uploads\/2017\/03\/golf-reklama-13-300x200.jpg\"\n\t\t\t\t\t\t     title=\"\"\n\t\t\t\t\t\t     style=\"display:none\">\n\t\t\t<\/div>\n\n\n\t\t\t<!-- END UNITEGALLERY LITE--><\/div><div class=\"nav fusion-mobile-tab-nav\"><ul class=\"nav-tabs\"><li><a class=\"tab-link\" data-toggle=\"tab\" role=\"tab\" aria-controls=\"tab-b8d6e358701d6280cf9\" aria-selected=\"false\" tabindex=\"-1\" id=\"mobile-fusion-tab-fu\u00dfballundvolleyball\" href=\"#tab-b8d6e358701d6280cf9\"><h4 class=\"fusion-tab-heading\">Fu\u00dfball und Volleyball<\/h4><\/a><\/li><\/ul><\/div><div class=\"tab-pane fade fusion-clearfix\" role=\"tabpanel\" tabindex=\"0\" aria-labelledby=\"fusion-tab-fu\u00dfballundvolleyball\" id=\"tab-b8d6e358701d6280cf9\">Diese zwei Rasenspielpl\u00e4tze sind lediglich f\u00fcr die Hotelg\u00e4ste zug\u00e4nglich.<\/p>\n<p>Aus Gr\u00fcnden der aufwendigen Pflege der gr\u00fcnen Spielpl\u00e4tze sind diese f\u00fcr die \u00d6ffentlichkeit lediglich w\u00e4hrend der Wettspiele zug\u00e4nglich.<\/div><div class=\"nav fusion-mobile-tab-nav\"><ul class=\"nav-tabs\"><li><a class=\"tab-link\" data-toggle=\"tab\" role=\"tab\" aria-controls=\"tab-841aa191961576d7e7a\" aria-selected=\"false\" tabindex=\"-1\" id=\"mobile-fusion-tab-willkommenf\u00fcrdieradfahrer\" href=\"#tab-841aa191961576d7e7a\"><h4 class=\"fusion-tab-heading\">Willkommen f\u00fcr die Radfahrer<\/h4><\/a><\/li><\/ul><\/div><div class=\"tab-pane fade fusion-clearfix\" role=\"tabpanel\" tabindex=\"0\" aria-labelledby=\"fusion-tab-willkommenf\u00fcrdieradfahrer\" id=\"tab-841aa191961576d7e7a\">Hotel Skalka \u2013 Unterk\u00fcnfte in Benecko erf\u00fcllen folgende Erwartungen:<\/p>\n<ul>\n<li>M\u00f6glichkeit einer N\u00e4chtigung<\/li>\n<li>Angebot eines kr\u00e4ftigen und doch fettarmen Fr\u00fchst\u00fccks<\/li>\n<li>Abschlie\u00dfbarer Raum\/Aufbewahrungskasten f\u00fcr unentgeltliche Aufbewahrung von Fahrr\u00e4dern<\/li>\n<li>Zur-Verf\u00fcgung-Stellen eines Ger\u00e4tesatzes f\u00fcr einfache Fahrradreparaturen<\/li>\n<li>Aufladungsgelegenheit f\u00fcr elektrische Fahrr\u00e4der<\/li>\n<li>Verbandskasten<\/li>\n<li>Informationstafel Willkommen f\u00fcr die Radfahrer<\/li>\n<li>Zertifizierungsvertrag<\/li>\n<\/ul>\n<p>Dar\u00fcber hinaus findet man hier auch:<\/p>\n<ul>\n<li>Sicherstellung von Abtransport und Gep\u00e4cktransport f\u00fcr die Radfahrer<\/li>\n<li>Vermittlung des Versleihs von qualitativen Fahrr\u00e4dern<\/li>\n<li>Kauf von Mittagsp\u00e4ckchen<\/li>\n<li>Verkauf von grunds\u00e4tzlichen Ersatzteilen f\u00fcr die Fahrr\u00e4der<\/li>\n<li>Verkauf von lokalen Landkarten mit Radwegen und Wanderwegen<\/li>\n<li>Angebot von empfohlenen Eintagsfahrradausfl\u00fcgen in der Umgebung<\/li>\n<li>Verzeichnis von Unterk\u00fcnften in der Region, die f\u00fcr die Radfahrer geeignet sind<\/li>\n<li>Internet-Anschluss<\/li>\n<li>Fremdsprachige Informationsunterlagen<\/li>\n<li><img src=\"\/wp-content\/uploads\/2017\/08\/ikona-elektrokola.jpg\" \/><\/li>\n<\/ul>\n<\/div><\/div><\/div><div class=\"fusion-clearfix\"><\/div><\/div><\/div><\/div><\/div>\n","protected":false},"excerpt":{"rendered":"","protected":false},"author":3,"featured_media":0,"parent":0,"menu_order":0,"comment_status":"closed","ping_status":"closed","template":"100-width.php","meta":[],"yoast_head":"<!-- This site is optimized with the Yoast SEO plugin v17.7.1 - https:\/\/yoast.com\/wordpress\/plugins\/seo\/ -->\n<title>Kindersport - Wellness hotel SKALKA<\/title>\n<meta name=\"robots\" content=\"index, follow, max-snippet:-1, max-image-preview:large, max-video-preview:-1\" \/>\n<link rel=\"canonical\" href=\"https:\/\/skalkabenecko.cz\/de\/kindersport\/\" \/>\n<meta property=\"og:locale\" content=\"de_DE\" \/>\n<meta property=\"og:type\" content=\"article\" \/>\n<meta property=\"og:title\" content=\"Kindersport - Wellness hotel SKALKA\" \/>\n<meta property=\"og:url\" content=\"https:\/\/skalkabenecko.cz\/de\/kindersport\/\" \/>\n<meta property=\"og:site_name\" content=\"Wellness hotel SKALKA\" \/>\n<meta property=\"article:modified_time\" content=\"2017-09-07T07:21:37+00:00\" \/>\n<meta property=\"og:image\" content=\"https:\/\/skalkabenecko.cz\/wp-content\/uploads\/2017\/08\/ikona-elektrokola.jpg\" \/>\n<meta name=\"twitter:card\" content=\"summary\" \/>\n<meta name=\"twitter:label1\" content=\"Gesch\u00e4tzte Lesezeit\" \/>\n\t<meta name=\"twitter:data1\" content=\"4 Minuten\" \/>\n<script type=\"application\/ld+json\" class=\"yoast-schema-graph\">{\"@context\":\"https:\/\/schema.org\",\"@graph\":[{\"@type\":\"WebSite\",\"@id\":\"https:\/\/skalkabenecko.cz\/#website\",\"url\":\"https:\/\/skalkabenecko.cz\/\",\"name\":\"Wellness hotel SKALKA\",\"description\":\"Wellness, ubytov\\u00e1n\\u00ed, restaurace, sport\",\"potentialAction\":[{\"@type\":\"SearchAction\",\"target\":{\"@type\":\"EntryPoint\",\"urlTemplate\":\"https:\/\/skalkabenecko.cz\/?s={search_term_string}\"},\"query-input\":\"required name=search_term_string\"}],\"inLanguage\":\"de-DE\"},{\"@type\":\"ImageObject\",\"@id\":\"https:\/\/skalkabenecko.cz\/de\/kindersport\/#primaryimage\",\"inLanguage\":\"de-DE\",\"url\":\"\/wp-content\/uploads\/2017\/08\/ikona-elektrokola.jpg\",\"contentUrl\":\"\/wp-content\/uploads\/2017\/08\/ikona-elektrokola.jpg\"},{\"@type\":\"WebPage\",\"@id\":\"https:\/\/skalkabenecko.cz\/de\/kindersport\/#webpage\",\"url\":\"https:\/\/skalkabenecko.cz\/de\/kindersport\/\",\"name\":\"Kindersport - Wellness hotel SKALKA\",\"isPartOf\":{\"@id\":\"https:\/\/skalkabenecko.cz\/#website\"},\"primaryImageOfPage\":{\"@id\":\"https:\/\/skalkabenecko.cz\/de\/kindersport\/#primaryimage\"},\"datePublished\":\"2017-04-24T09:01:47+00:00\",\"dateModified\":\"2017-09-07T07:21:37+00:00\",\"breadcrumb\":{\"@id\":\"https:\/\/skalkabenecko.cz\/de\/kindersport\/#breadcrumb\"},\"inLanguage\":\"de-DE\",\"potentialAction\":[{\"@type\":\"ReadAction\",\"target\":[\"https:\/\/skalkabenecko.cz\/de\/kindersport\/\"]}]},{\"@type\":\"BreadcrumbList\",\"@id\":\"https:\/\/skalkabenecko.cz\/de\/kindersport\/#breadcrumb\",\"itemListElement\":[{\"@type\":\"ListItem\",\"position\":1,\"name\":\"Home\",\"item\":\"https:\/\/skalkabenecko.cz\/de\/\"},{\"@type\":\"ListItem\",\"position\":2,\"name\":\"Kindersport\"}]}]}<\/script>\n<!-- \/ Yoast SEO plugin. -->","yoast_head_json":{"title":"Kindersport - Wellness hotel SKALKA","robots":{"index":"index","follow":"follow","max-snippet":"max-snippet:-1","max-image-preview":"max-image-preview:large","max-video-preview":"max-video-preview:-1"},"canonical":"https:\/\/skalkabenecko.cz\/de\/kindersport\/","og_locale":"de_DE","og_type":"article","og_title":"Kindersport - Wellness hotel SKALKA","og_url":"https:\/\/skalkabenecko.cz\/de\/kindersport\/","og_site_name":"Wellness hotel SKALKA","article_modified_time":"2017-09-07T07:21:37+00:00","og_image":[{"url":"https:\/\/skalkabenecko.cz\/wp-content\/uploads\/2017\/08\/ikona-elektrokola.jpg"}],"twitter_card":"summary","twitter_misc":{"Gesch\u00e4tzte Lesezeit":"4 Minuten"},"schema":{"@context":"https:\/\/schema.org","@graph":[{"@type":"WebSite","@id":"https:\/\/skalkabenecko.cz\/#website","url":"https:\/\/skalkabenecko.cz\/","name":"Wellness hotel SKALKA","description":"Wellness, ubytov\u00e1n\u00ed, restaurace, sport","potentialAction":[{"@type":"SearchAction","target":{"@type":"EntryPoint","urlTemplate":"https:\/\/skalkabenecko.cz\/?s={search_term_string}"},"query-input":"required name=search_term_string"}],"inLanguage":"de-DE"},{"@type":"ImageObject","@id":"https:\/\/skalkabenecko.cz\/de\/kindersport\/#primaryimage","inLanguage":"de-DE","url":"\/wp-content\/uploads\/2017\/08\/ikona-elektrokola.jpg","contentUrl":"\/wp-content\/uploads\/2017\/08\/ikona-elektrokola.jpg"},{"@type":"WebPage","@id":"https:\/\/skalkabenecko.cz\/de\/kindersport\/#webpage","url":"https:\/\/skalkabenecko.cz\/de\/kindersport\/","name":"Kindersport - Wellness hotel SKALKA","isPartOf":{"@id":"https:\/\/skalkabenecko.cz\/#website"},"primaryImageOfPage":{"@id":"https:\/\/skalkabenecko.cz\/de\/kindersport\/#primaryimage"},"datePublished":"2017-04-24T09:01:47+00:00","dateModified":"2017-09-07T07:21:37+00:00","breadcrumb":{"@id":"https:\/\/skalkabenecko.cz\/de\/kindersport\/#breadcrumb"},"inLanguage":"de-DE","potentialAction":[{"@type":"ReadAction","target":["https:\/\/skalkabenecko.cz\/de\/kindersport\/"]}]},{"@type":"BreadcrumbList","@id":"https:\/\/skalkabenecko.cz\/de\/kindersport\/#breadcrumb","itemListElement":[{"@type":"ListItem","position":1,"name":"Home","item":"https:\/\/skalkabenecko.cz\/de\/"},{"@type":"ListItem","position":2,"name":"Kindersport"}]}]}},"_links":{"self":[{"href":"https:\/\/skalkabenecko.cz\/de\/wp-json\/wp\/v2\/pages\/541"}],"collection":[{"href":"https:\/\/skalkabenecko.cz\/de\/wp-json\/wp\/v2\/pages"}],"about":[{"href":"https:\/\/skalkabenecko.cz\/de\/wp-json\/wp\/v2\/types\/page"}],"author":[{"embeddable":true,"href":"https:\/\/skalkabenecko.cz\/de\/wp-json\/wp\/v2\/users\/3"}],"replies":[{"embeddable":true,"href":"https:\/\/skalkabenecko.cz\/de\/wp-json\/wp\/v2\/comments?post=541"}],"version-history":[{"count":4,"href":"https:\/\/skalkabenecko.cz\/de\/wp-json\/wp\/v2\/pages\/541\/revisions"}],"predecessor-version":[{"id":733,"href":"https:\/\/skalkabenecko.cz\/de\/wp-json\/wp\/v2\/pages\/541\/revisions\/733"}],"wp:attachment":[{"href":"https:\/\/skalkabenecko.cz\/de\/wp-json\/wp\/v2\/media?parent=541"}],"curies":[{"name":"wp","href":"https:\/\/api.w.org\/{rel}","templated":true}]}}