{"id":544,"date":"2017-04-24T11:23:46","date_gmt":"2017-04-24T09:23:46","guid":{"rendered":"http:\/\/skalkabenecko.cz\/obchod\/"},"modified":"2017-08-23T09:55:40","modified_gmt":"2017-08-23T07:55:40","slug":"geschaefte","status":"publish","type":"page","link":"https:\/\/skalkabenecko.cz\/de\/geschaefte\/","title":{"rendered":"Gesch\u00e4fte"},"content":{"rendered":"<div class=\"fusion-fullwidth fullwidth-box fusion-builder-row-1 nonhundred-percent-fullwidth non-hundred-percent-height-scrolling\" style=\"background-color: rgba(255,255,255,0);background-position: center center;background-repeat: no-repeat;padding-top:20px;padding-right:0px;padding-bottom:20px;padding-left:0px;margin-bottom: 0px;margin-top: 0px;border-width: 0px 0px 0px 0px;border-color:#eae9e9;border-style:solid;\" ><div class=\"fusion-builder-row fusion-row\"><div class=\"fusion-layout-column fusion_builder_column fusion-builder-column-0 fusion_builder_column_1_1 1_1 fusion-one-full fusion-column-first fusion-column-last\" style=\"margin-top:0px;margin-bottom:20px;\"><div class=\"fusion-column-wrapper fusion-flex-column-wrapper-legacy\" style=\"background-position:left top;background-repeat:no-repeat;-webkit-background-size:cover;-moz-background-size:cover;-o-background-size:cover;background-size:cover;padding: 0px 0px 0px 0px;\"><style type=\"text\/css\"><\/style><div class=\"fusion-title title fusion-title-1 fusion-sep-none fusion-title-center fusion-title-text fusion-title-size-two\" style=\"margin-top:0px;margin-right:0px;margin-bottom:31px;margin-left:0px;\"><h2 class=\"title-heading-center\" style=\"margin:0;\">Gesch\u00e4fte<\/h2><\/div><div class=\"fusion-sep-clear\"><\/div><div class=\"fusion-separator fusion-has-icon fusion-full-width-sep\" style=\"margin-left: auto;margin-right: auto;width:100%;\"><div class=\"fusion-separator-border sep-single sep-solid\" style=\"border-color:#474040;border-top-width:1px;\"><\/div><span class=\"icon-wrapper\" style=\"border-color:#474040;background-color:rgba(255,255,255,0);font-size:16px;width: 1.75em; height: 1.75em;border-width:1px;padding:1px;margin-top:-0.5px\"><i class=\" fa fa-shopping-cart\" style=\"font-size: inherit;color:#474040;\" aria-hidden=\"true\"><\/i><\/span><div class=\"fusion-separator-border sep-single sep-solid\" style=\"border-color:#474040;border-top-width:1px;\"><\/div><\/div><div class=\"fusion-sep-clear\"><\/div><div class=\"fusion-sep-clear\"><\/div><div class=\"fusion-separator fusion-full-width-sep\" style=\"margin-left: auto;margin-right: auto;margin-top:20px;margin-bottom:20px;width:100%;\"><\/div><div class=\"fusion-sep-clear\"><\/div><div class=\"fusion-tabs fusion-tabs-1 clean vertical-tabs icon-position-left\"><style type=\"text\/css\">#wrapper .fusion-tabs.fusion-tabs-1.clean .nav-tabs li a.tab-link{border-color:#ebeaea;}.fusion-tabs.fusion-tabs-1 .nav-tabs li a.tab-link{background-color:#ebeaea;}.fusion-tabs.fusion-tabs-1 .nav-tabs li.active a.tab-link,.fusion-tabs.fusion-tabs-1 .nav-tabs li.active a.tab-link:hover,.fusion-tabs.fusion-tabs-1 .nav-tabs li.active a.tab-link:focus{background-color:#ffffff;}.fusion-tabs.fusion-tabs-1 .nav-tabs li a:hover{background-color:#ffffff;border-top-color:#ffffff;}.fusion-tabs.fusion-tabs-1 .tab-pane{background-color:#ffffff;}.fusion-tabs.fusion-tabs-1 .nav,.fusion-tabs.fusion-tabs-1 .nav-tabs,.fusion-tabs.fusion-tabs-1 .tab-content .tab-pane{border-color:#ebeaea;}<\/style><div class=\"nav\"><ul class=\"nav-tabs\" role=\"tablist\"><li class=\"active\"><a class=\"tab-link\" data-toggle=\"tab\" role=\"tab\" aria-controls=\"tab-96dcf77bfb4d684d17f\" aria-selected=\"true\" id=\"fusion-tab-lebensmittel\" href=\"#tab-96dcf77bfb4d684d17f\"><h4 class=\"fusion-tab-heading\">Lebensmittel<\/h4><\/a><\/li><li><a class=\"tab-link\" data-toggle=\"tab\" role=\"tab\" aria-controls=\"tab-0f32f2fee083f352bf5\" aria-selected=\"false\" tabindex=\"-1\" id=\"fusion-tab-spielzeug,sport,souvenirs\" href=\"#tab-0f32f2fee083f352bf5\"><h4 class=\"fusion-tab-heading\">Spielzeug, Sport, Souvenirs<\/h4><\/a><\/li><li><a class=\"tab-link\" data-toggle=\"tab\" role=\"tab\" aria-controls=\"tab-279ca8597aea68735e6\" aria-selected=\"false\" tabindex=\"-1\" id=\"fusion-tab-wechselstube\" href=\"#tab-279ca8597aea68735e6\"><h4 class=\"fusion-tab-heading\">Wechselstube<\/h4><\/a><\/li><\/ul><\/div><div class=\"tab-content\"><div class=\"nav fusion-mobile-tab-nav\"><ul class=\"nav-tabs\"><li class=\"active\"><a class=\"tab-link\" data-toggle=\"tab\" role=\"tab\" aria-controls=\"tab-96dcf77bfb4d684d17f\" aria-selected=\"true\" id=\"mobile-fusion-tab-lebensmittel\" href=\"#tab-96dcf77bfb4d684d17f\"><h4 class=\"fusion-tab-heading\">Lebensmittel<\/h4><\/a><\/li><\/ul><\/div><div class=\"tab-pane fade fusion-clearfix in active\" role=\"tabpanel\" tabindex=\"0\" aria-labelledby=\"fusion-tab-lebensmittel\" id=\"tab-96dcf77bfb4d684d17f\">Im Erdgeschoss des Hauptgeb\u00e4udes befindet sich ein Selbstbedienungsgesch\u00e4ft mit Lebensmitteln, Spielzeug, Sportartikeln, Souvenirs und ebenfalls einer Wechselstube.<\/p>\n\r\n\t\t\t\t\t\n\r\n\t\t\t\t\t<!-- START UNITE GALLERY LITE 1.7.54 -->\r\n\t\t\t\t\t\r\n\t\t\t\t\n\t\t\t<div id='unitegallery_23_1' class='unite-gallery' style='margin:0px auto;'>\n\t\t\t\t\n\n\t\t\t\t\t\t<img alt=\"1\"\n\t\t\t\t\t\t     src=\"\" data-image=\"https:\/\/skalkabenecko.cz\/wp-content\/uploads\/2017\/08\/1-1.jpg\"\n\t\t\t\t\t\t     data-thumb=\"https:\/\/skalkabenecko.cz\/wp-content\/uploads\/2017\/08\/1-1-300x200.jpg\"\n\t\t\t\t\t\t     title=\"\"\n\t\t\t\t\t\t     style=\"display:none\">\n\n\t\t\t\t\t\t<img alt=\"2\"\n\t\t\t\t\t\t     src=\"\" data-image=\"https:\/\/skalkabenecko.cz\/wp-content\/uploads\/2017\/08\/2-1.jpg\"\n\t\t\t\t\t\t     data-thumb=\"https:\/\/skalkabenecko.cz\/wp-content\/uploads\/2017\/08\/2-1-300x200.jpg\"\n\t\t\t\t\t\t     title=\"\"\n\t\t\t\t\t\t     style=\"display:none\">\n\n\t\t\t\t\t\t<img alt=\"3\"\n\t\t\t\t\t\t     src=\"\" data-image=\"https:\/\/skalkabenecko.cz\/wp-content\/uploads\/2017\/08\/3-1.jpg\"\n\t\t\t\t\t\t     data-thumb=\"https:\/\/skalkabenecko.cz\/wp-content\/uploads\/2017\/08\/3-1-300x200.jpg\"\n\t\t\t\t\t\t     title=\"\"\n\t\t\t\t\t\t     style=\"display:none\">\n\n\t\t\t\t\t\t<img alt=\"4\"\n\t\t\t\t\t\t     src=\"\" data-image=\"https:\/\/skalkabenecko.cz\/wp-content\/uploads\/2017\/08\/4-1.jpg\"\n\t\t\t\t\t\t     data-thumb=\"https:\/\/skalkabenecko.cz\/wp-content\/uploads\/2017\/08\/4-1-300x202.jpg\"\n\t\t\t\t\t\t     title=\"\"\n\t\t\t\t\t\t     style=\"display:none\">\n\t\t\t<\/div>\n\n\t\t\t<script type='text\/javascript'>\n\t\t\t\twindow.onload = function(e) {\n\t\t\t\t\tif(typeof ugCheckForErrors == \"undefined\"){\n\t\t\t\t\t\tdocument.getElementById(\"unitegallery_23_1\").innerHTML = \"<span style='color:red'>Unite Gallery Error - gallery js and css files not included in the footer. Please make sure that wp_footer() function is added to your theme.<\/span>\";}\n\t\t\t\t\telse{ ugCheckForErrors(\"unitegallery_23_1\", \"jquery\");}\n\t\t\t\t};\n\t\t\t<\/script>\n\n\t\t\t<!-- END UNITEGALLERY LITE--><\/div><div class=\"nav fusion-mobile-tab-nav\"><ul class=\"nav-tabs\"><li><a class=\"tab-link\" data-toggle=\"tab\" role=\"tab\" aria-controls=\"tab-0f32f2fee083f352bf5\" aria-selected=\"false\" tabindex=\"-1\" id=\"mobile-fusion-tab-spielzeug,sport,souvenirs\" href=\"#tab-0f32f2fee083f352bf5\"><h4 class=\"fusion-tab-heading\">Spielzeug, Sport, Souvenirs<\/h4><\/a><\/li><\/ul><\/div><div class=\"tab-pane fade fusion-clearfix\" role=\"tabpanel\" tabindex=\"0\" aria-labelledby=\"fusion-tab-spielzeug,sport,souvenirs\" id=\"tab-0f32f2fee083f352bf5\">Im Erdgeschoss des Hauptgeb\u00e4udes befindet sich ein Selbstbedienungsgesch\u00e4ft mit Lebensmitteln, Spielzeug, Sportartikeln, Souvenirs und ebenfalls einer Wechselstube.<\/p>\n\r\n\t\t\t\t\t\n\r\n\t\t\t\t\t<!-- START UNITE GALLERY LITE 1.7.54 -->\r\n\t\t\t\t\t\r\n\t\t\t\t\n\t\t\t<div id='unitegallery_23_2' class='unite-gallery' style='margin:0px auto;'>\n\t\t\t\t\n\n\t\t\t\t\t\t<img alt=\"1\"\n\t\t\t\t\t\t     src=\"\" data-image=\"https:\/\/skalkabenecko.cz\/wp-content\/uploads\/2017\/08\/1-1.jpg\"\n\t\t\t\t\t\t     data-thumb=\"https:\/\/skalkabenecko.cz\/wp-content\/uploads\/2017\/08\/1-1-300x200.jpg\"\n\t\t\t\t\t\t     title=\"\"\n\t\t\t\t\t\t     style=\"display:none\">\n\n\t\t\t\t\t\t<img alt=\"2\"\n\t\t\t\t\t\t     src=\"\" data-image=\"https:\/\/skalkabenecko.cz\/wp-content\/uploads\/2017\/08\/2-1.jpg\"\n\t\t\t\t\t\t     data-thumb=\"https:\/\/skalkabenecko.cz\/wp-content\/uploads\/2017\/08\/2-1-300x200.jpg\"\n\t\t\t\t\t\t     title=\"\"\n\t\t\t\t\t\t     style=\"display:none\">\n\n\t\t\t\t\t\t<img alt=\"3\"\n\t\t\t\t\t\t     src=\"\" data-image=\"https:\/\/skalkabenecko.cz\/wp-content\/uploads\/2017\/08\/3-1.jpg\"\n\t\t\t\t\t\t     data-thumb=\"https:\/\/skalkabenecko.cz\/wp-content\/uploads\/2017\/08\/3-1-300x200.jpg\"\n\t\t\t\t\t\t     title=\"\"\n\t\t\t\t\t\t     style=\"display:none\">\n\n\t\t\t\t\t\t<img alt=\"4\"\n\t\t\t\t\t\t     src=\"\" data-image=\"https:\/\/skalkabenecko.cz\/wp-content\/uploads\/2017\/08\/4-1.jpg\"\n\t\t\t\t\t\t     data-thumb=\"https:\/\/skalkabenecko.cz\/wp-content\/uploads\/2017\/08\/4-1-300x202.jpg\"\n\t\t\t\t\t\t     title=\"\"\n\t\t\t\t\t\t     style=\"display:none\">\n\t\t\t<\/div>\n\n\n\t\t\t<!-- END UNITEGALLERY LITE--><\/div><div class=\"nav fusion-mobile-tab-nav\"><ul class=\"nav-tabs\"><li><a class=\"tab-link\" data-toggle=\"tab\" role=\"tab\" aria-controls=\"tab-279ca8597aea68735e6\" aria-selected=\"false\" tabindex=\"-1\" id=\"mobile-fusion-tab-wechselstube\" href=\"#tab-279ca8597aea68735e6\"><h4 class=\"fusion-tab-heading\">Wechselstube<\/h4><\/a><\/li><\/ul><\/div><div class=\"tab-pane fade fusion-clearfix\" role=\"tabpanel\" tabindex=\"0\" aria-labelledby=\"fusion-tab-wechselstube\" id=\"tab-279ca8597aea68735e6\">\n<p>Sm\u011bn\u00e1rensk\u00fd kurz ve form\u011b\u00a0<a href=\"http:\/\/skalkabenecko.cz\/wp-content\/uploads\/2017\/08\/Sm%C4%9Bn%C3%A1rna.pdf\"><strong>PDF<\/strong>\u00a0zde<\/a>.<\/p>\n<\/div><\/div><\/div><div class=\"fusion-clearfix\"><\/div><\/div><\/div><\/div><\/div>\n","protected":false},"excerpt":{"rendered":"","protected":false},"author":3,"featured_media":0,"parent":0,"menu_order":0,"comment_status":"closed","ping_status":"closed","template":"100-width.php","meta":[],"yoast_head":"<!-- This site is optimized with the Yoast SEO plugin v17.7.1 - https:\/\/yoast.com\/wordpress\/plugins\/seo\/ -->\n<title>Gesch\u00e4fte - Wellness hotel SKALKA<\/title>\n<meta name=\"robots\" content=\"index, follow, max-snippet:-1, max-image-preview:large, max-video-preview:-1\" \/>\n<link rel=\"canonical\" href=\"https:\/\/skalkabenecko.cz\/de\/geschaefte\/\" \/>\n<meta property=\"og:locale\" content=\"de_DE\" \/>\n<meta property=\"og:type\" content=\"article\" \/>\n<meta property=\"og:title\" content=\"Gesch\u00e4fte - Wellness hotel SKALKA\" \/>\n<meta property=\"og:url\" content=\"https:\/\/skalkabenecko.cz\/de\/geschaefte\/\" \/>\n<meta property=\"og:site_name\" content=\"Wellness hotel SKALKA\" \/>\n<meta property=\"article:modified_time\" content=\"2017-08-23T07:55:40+00:00\" \/>\n<meta property=\"og:image\" content=\"http:\/\/skalkabenecko.cz\/wp-content\/uploads\/2017\/02\/nahled_for_fb_skalka.jpg\" \/>\n<meta name=\"twitter:card\" content=\"summary\" \/>\n<meta name=\"twitter:label1\" content=\"Gesch\u00e4tzte Lesezeit\" \/>\n\t<meta name=\"twitter:data1\" content=\"2 Minuten\" \/>\n<script type=\"application\/ld+json\" class=\"yoast-schema-graph\">{\"@context\":\"https:\/\/schema.org\",\"@graph\":[{\"@type\":\"WebSite\",\"@id\":\"https:\/\/skalkabenecko.cz\/#website\",\"url\":\"https:\/\/skalkabenecko.cz\/\",\"name\":\"Wellness hotel SKALKA\",\"description\":\"Wellness, ubytov\\u00e1n\\u00ed, restaurace, sport\",\"potentialAction\":[{\"@type\":\"SearchAction\",\"target\":{\"@type\":\"EntryPoint\",\"urlTemplate\":\"https:\/\/skalkabenecko.cz\/?s={search_term_string}\"},\"query-input\":\"required name=search_term_string\"}],\"inLanguage\":\"de-DE\"},{\"@type\":\"WebPage\",\"@id\":\"https:\/\/skalkabenecko.cz\/de\/geschaefte\/#webpage\",\"url\":\"https:\/\/skalkabenecko.cz\/de\/geschaefte\/\",\"name\":\"Gesch\\u00e4fte - Wellness hotel SKALKA\",\"isPartOf\":{\"@id\":\"https:\/\/skalkabenecko.cz\/#website\"},\"datePublished\":\"2017-04-24T09:23:46+00:00\",\"dateModified\":\"2017-08-23T07:55:40+00:00\",\"breadcrumb\":{\"@id\":\"https:\/\/skalkabenecko.cz\/de\/geschaefte\/#breadcrumb\"},\"inLanguage\":\"de-DE\",\"potentialAction\":[{\"@type\":\"ReadAction\",\"target\":[\"https:\/\/skalkabenecko.cz\/de\/geschaefte\/\"]}]},{\"@type\":\"BreadcrumbList\",\"@id\":\"https:\/\/skalkabenecko.cz\/de\/geschaefte\/#breadcrumb\",\"itemListElement\":[{\"@type\":\"ListItem\",\"position\":1,\"name\":\"Home\",\"item\":\"https:\/\/skalkabenecko.cz\/de\/\"},{\"@type\":\"ListItem\",\"position\":2,\"name\":\"Gesch\\u00e4fte\"}]}]}<\/script>\n<!-- \/ Yoast SEO plugin. -->","yoast_head_json":{"title":"Gesch\u00e4fte - Wellness hotel SKALKA","robots":{"index":"index","follow":"follow","max-snippet":"max-snippet:-1","max-image-preview":"max-image-preview:large","max-video-preview":"max-video-preview:-1"},"canonical":"https:\/\/skalkabenecko.cz\/de\/geschaefte\/","og_locale":"de_DE","og_type":"article","og_title":"Gesch\u00e4fte - Wellness hotel SKALKA","og_url":"https:\/\/skalkabenecko.cz\/de\/geschaefte\/","og_site_name":"Wellness hotel SKALKA","article_modified_time":"2017-08-23T07:55:40+00:00","og_image":[{"url":"http:\/\/skalkabenecko.cz\/wp-content\/uploads\/2017\/02\/nahled_for_fb_skalka.jpg"}],"twitter_card":"summary","twitter_misc":{"Gesch\u00e4tzte Lesezeit":"2 Minuten"},"schema":{"@context":"https:\/\/schema.org","@graph":[{"@type":"WebSite","@id":"https:\/\/skalkabenecko.cz\/#website","url":"https:\/\/skalkabenecko.cz\/","name":"Wellness hotel SKALKA","description":"Wellness, ubytov\u00e1n\u00ed, restaurace, sport","potentialAction":[{"@type":"SearchAction","target":{"@type":"EntryPoint","urlTemplate":"https:\/\/skalkabenecko.cz\/?s={search_term_string}"},"query-input":"required name=search_term_string"}],"inLanguage":"de-DE"},{"@type":"WebPage","@id":"https:\/\/skalkabenecko.cz\/de\/geschaefte\/#webpage","url":"https:\/\/skalkabenecko.cz\/de\/geschaefte\/","name":"Gesch\u00e4fte - Wellness hotel SKALKA","isPartOf":{"@id":"https:\/\/skalkabenecko.cz\/#website"},"datePublished":"2017-04-24T09:23:46+00:00","dateModified":"2017-08-23T07:55:40+00:00","breadcrumb":{"@id":"https:\/\/skalkabenecko.cz\/de\/geschaefte\/#breadcrumb"},"inLanguage":"de-DE","potentialAction":[{"@type":"ReadAction","target":["https:\/\/skalkabenecko.cz\/de\/geschaefte\/"]}]},{"@type":"BreadcrumbList","@id":"https:\/\/skalkabenecko.cz\/de\/geschaefte\/#breadcrumb","itemListElement":[{"@type":"ListItem","position":1,"name":"Home","item":"https:\/\/skalkabenecko.cz\/de\/"},{"@type":"ListItem","position":2,"name":"Gesch\u00e4fte"}]}]}},"_links":{"self":[{"href":"https:\/\/skalkabenecko.cz\/de\/wp-json\/wp\/v2\/pages\/544"}],"collection":[{"href":"https:\/\/skalkabenecko.cz\/de\/wp-json\/wp\/v2\/pages"}],"about":[{"href":"https:\/\/skalkabenecko.cz\/de\/wp-json\/wp\/v2\/types\/page"}],"author":[{"embeddable":true,"href":"https:\/\/skalkabenecko.cz\/de\/wp-json\/wp\/v2\/users\/3"}],"replies":[{"embeddable":true,"href":"https:\/\/skalkabenecko.cz\/de\/wp-json\/wp\/v2\/comments?post=544"}],"version-history":[{"count":4,"href":"https:\/\/skalkabenecko.cz\/de\/wp-json\/wp\/v2\/pages\/544\/revisions"}],"predecessor-version":[{"id":720,"href":"https:\/\/skalkabenecko.cz\/de\/wp-json\/wp\/v2\/pages\/544\/revisions\/720"}],"wp:attachment":[{"href":"https:\/\/skalkabenecko.cz\/de\/wp-json\/wp\/v2\/media?parent=544"}],"curies":[{"name":"wp","href":"https:\/\/api.w.org\/{rel}","templated":true}]}}