{"id":552,"date":"2017-04-27T12:16:28","date_gmt":"2017-04-27T10:16:28","guid":{"rendered":"http:\/\/skalkabenecko.cz\/na-kole\/"},"modified":"2017-07-18T09:49:11","modified_gmt":"2017-07-18T07:49:11","slug":"fahrrad","status":"publish","type":"page","link":"https:\/\/skalkabenecko.cz\/de\/fahrrad\/","title":{"rendered":"Auf dem Fahrrad oder auf Wandertouren"},"content":{"rendered":"<div class=\"fusion-fullwidth fullwidth-box fusion-builder-row-1 nonhundred-percent-fullwidth non-hundred-percent-height-scrolling\" style=\"background-color: rgba(255,255,255,0);background-position: center center;background-repeat: no-repeat;padding-top:20px;padding-right:0px;padding-bottom:20px;padding-left:0px;margin-bottom: 0px;margin-top: 0px;border-width: 0px 0px 0px 0px;border-color:#eae9e9;border-style:solid;\" ><div class=\"fusion-builder-row fusion-row\"><div class=\"fusion-layout-column fusion_builder_column fusion-builder-column-0 fusion_builder_column_1_1 1_1 fusion-one-full fusion-column-first fusion-column-last\" style=\"margin-top:0px;margin-bottom:20px;\"><div class=\"fusion-column-wrapper fusion-flex-column-wrapper-legacy\" style=\"background-position:left top;background-repeat:no-repeat;-webkit-background-size:cover;-moz-background-size:cover;-o-background-size:cover;background-size:cover;padding: 0px 0px 0px 0px;\"><style type=\"text\/css\"><\/style><div class=\"fusion-title title fusion-title-1 fusion-sep-none fusion-title-center fusion-title-text fusion-title-size-two\" style=\"margin-top:0px;margin-right:0px;margin-bottom:31px;margin-left:0px;\"><h2 class=\"title-heading-center\" style=\"margin:0;\">Auf dem Fahrrad oder auf Wandertouren<\/h2><\/div><div class=\"fusion-sep-clear\"><\/div><div class=\"fusion-separator fusion-has-icon fusion-full-width-sep\" style=\"margin-left: auto;margin-right: auto;width:100%;\"><div class=\"fusion-separator-border sep-single sep-solid\" style=\"border-color:#474040;border-top-width:1px;\"><\/div><span class=\"icon-wrapper\" style=\"border-color:#474040;background-color:rgba(255,255,255,0);font-size:16px;width: 1.75em; height: 1.75em;border-width:1px;padding:1px;margin-top:-0.5px\"><i class=\" fa fa-camera-retro\" style=\"font-size: inherit;color:#474040;\" aria-hidden=\"true\"><\/i><\/span><div class=\"fusion-separator-border sep-single sep-solid\" style=\"border-color:#474040;border-top-width:1px;\"><\/div><\/div><div class=\"fusion-sep-clear\"><\/div><div class=\"fusion-sep-clear\"><\/div><div class=\"fusion-separator fusion-full-width-sep\" style=\"margin-left: auto;margin-right: auto;margin-top:20px;margin-bottom:20px;width:100%;\"><\/div><div class=\"fusion-sep-clear\"><\/div><div class=\"fusion-text fusion-text-1\"><p>Das Wellness Hotel Skalka ist Bestandteil des Elbe-Wanderweges. Um Benecko herum f\u00fchrt ein Netz von Stra\u00dfen und Wegen, die f\u00fcr den Sport und die Wanderungen wie geschaffen ist. Auf dem Fahrrad oder zu Fu\u00df k\u00f6nnen Sie von Pec pod Sn\u011b\u017ekou aus, \u00fcber \u0160pindler\u016fv Ml\u00fdn, Rokytnice nad Jizerou bis hin zu Harrachov viel Interessantes erforschen. Immer mehr an Beliebtheit gewinnen die sog. Riesengebirgs-Zykloomnibusse, die  alle Riesengebirgsziele miteinander verbinden. Fr\u00fch morgens bringen Sie diese  an das ausgew\u00e4hlte Ziel und abends wieder zur\u00fcck nach Benecko. Man kann auch Sessellifte sowohl von Wanderern  als auch den Radfahrern in Anspruch nehmen. Achtung!!! Nicht alle Wege d\u00fcrfen in der gesch\u00fctzten Riesengebirgslandschaftsregion KRNAP wegen dem Umweltschutz von Radfahrern befahren werden.<\/p>\n<\/div><div class=\"fusion-clearfix\"><\/div><\/div><\/div><div class=\"fusion-layout-column fusion_builder_column fusion-builder-column-1 fusion_builder_column_1_3 1_3 fusion-one-third fusion-column-first fusion-animated\" style=\"width:33.3333333333%;width:calc(33.3333333333% - ( ( 4% ) * 0.333333333333 ) );margin-right: 4%;margin-top:0px;margin-bottom:20px;\" data-animationType=\"fadeInLeft\" data-animationDuration=\"0.3\" data-animationOffset=\"top-into-view\"><div class=\"fusion-column-wrapper fusion-flex-column-wrapper-legacy\" style=\"background-position:left top;background-repeat:no-repeat;-webkit-background-size:cover;-moz-background-size:cover;-o-background-size:cover;background-size:cover;padding: 0px 0px 0px 0px;\"><span class=\" fusion-imageframe imageframe-none imageframe-1 hover-type-none obrazeksestinem\" style=\"border-radius:25px;\"><img width=\"1000\" height=\"750\" title=\"pramen-labe\" src=\"http:\/\/skalkabenecko.cz\/wp-content\/uploads\/2017\/04\/pramen-labe.jpg\" class=\"img-responsive wp-image-401\" srcset=\"https:\/\/skalkabenecko.cz\/wp-content\/uploads\/2017\/04\/pramen-labe-200x150.jpg 200w, https:\/\/skalkabenecko.cz\/wp-content\/uploads\/2017\/04\/pramen-labe-400x300.jpg 400w, https:\/\/skalkabenecko.cz\/wp-content\/uploads\/2017\/04\/pramen-labe-600x450.jpg 600w, https:\/\/skalkabenecko.cz\/wp-content\/uploads\/2017\/04\/pramen-labe-800x600.jpg 800w, https:\/\/skalkabenecko.cz\/wp-content\/uploads\/2017\/04\/pramen-labe.jpg 1000w\" sizes=\"(max-width: 800px) 100vw, 400px\" \/><\/span><div class=\"fusion-clearfix\"><\/div><\/div><\/div><div class=\"fusion-layout-column fusion_builder_column fusion-builder-column-2 fusion_builder_column_2_3 2_3 fusion-two-third fusion-column-last fusion-animated\" style=\"width:66.6666666667%;width:calc(66.6666666667% - ( ( 4% ) * 0.666666666667 ) );margin-top:0px;margin-bottom:20px;\" data-animationType=\"fadeInRight\" data-animationDuration=\"0.3\" data-animationOffset=\"top-into-view\"><div class=\"fusion-column-wrapper fusion-flex-column-wrapper-legacy\" style=\"background-position:left top;background-repeat:no-repeat;-webkit-background-size:cover;-moz-background-size:cover;-o-background-size:cover;background-size:cover;padding: 0px 0px 0px 0px;\"><style type=\"text\/css\"><\/style><div class=\"fusion-title title fusion-title-2 fusion-sep-none fusion-title-text fusion-title-size-three\" style=\"margin-top:0px;margin-right:0px;margin-bottom:31px;margin-left:0px;\"><h3 class=\"title-heading-left\" style=\"margin:0;\">Elbequelle<\/h3><\/div><div class=\"fusion-text fusion-text-2\"><p>Unser gr\u00f6\u00dfte Strom Elbe entspringt in.386&nbsp;m.\u00fc.d.M im Hochmoor auf der Elbewiese.<\/p>\n<p>1684 wurde die Elbequelle von dem Bischof aus Hradec Kr\u00e1lov\u00e9 Jan aus Talemberk eingeweiht und damit befand sich die umstrittene Elbewiese endg\u00fcltig in B\u00f6hmen.<\/p>\n<p>Die Elbequelle befindet sich in der 1. Schutzzone des Nationalparks von Riesengebirge (KRNAP).<\/p>\n<\/div><div class=\"fusion-clearfix\"><\/div><\/div><\/div><div class=\"fusion-layout-column fusion_builder_column fusion-builder-column-3 fusion_builder_column_1_1 1_1 fusion-one-full fusion-column-first fusion-column-last\" style=\"margin-top:0px;margin-bottom:20px;\"><div class=\"fusion-column-wrapper fusion-flex-column-wrapper-legacy\" style=\"background-position:left top;background-repeat:no-repeat;-webkit-background-size:cover;-moz-background-size:cover;-o-background-size:cover;background-size:cover;padding: 0px 0px 0px 0px;\"><div class=\"fusion-sep-clear\"><\/div><div class=\"fusion-separator fusion-full-width-sep oddelovac\" style=\"margin-left: auto;margin-right: auto;width:100%;\"><div class=\"fusion-separator-border sep-single sep-solid\" style=\"border-color:#e0dede;border-top-width:1px;\"><\/div><\/div><div class=\"fusion-sep-clear\"><\/div><div class=\"fusion-clearfix\"><\/div><\/div><\/div><div class=\"fusion-layout-column fusion_builder_column fusion-builder-column-4 fusion_builder_column_1_3 1_3 fusion-one-third fusion-column-first fusion-animated\" style=\"width:33.3333333333%;width:calc(33.3333333333% - ( ( 4% ) * 0.333333333333 ) );margin-right: 4%;margin-top:0px;margin-bottom:20px;\" data-animationType=\"fadeInLeft\" data-animationDuration=\"0.3\" data-animationOffset=\"top-into-view\"><div class=\"fusion-column-wrapper fusion-flex-column-wrapper-legacy\" style=\"background-position:left top;background-repeat:no-repeat;-webkit-background-size:cover;-moz-background-size:cover;-o-background-size:cover;background-size:cover;padding: 0px 0px 0px 0px;\"><span class=\" fusion-imageframe imageframe-none imageframe-2 hover-type-none obrazeksestinem\" style=\"border-radius:25px;\"><img width=\"1000\" height=\"750\" title=\"mohyla\" src=\"http:\/\/skalkabenecko.cz\/wp-content\/uploads\/2017\/04\/mohyla.jpg\" class=\"img-responsive wp-image-405\" srcset=\"https:\/\/skalkabenecko.cz\/wp-content\/uploads\/2017\/04\/mohyla-200x150.jpg 200w, https:\/\/skalkabenecko.cz\/wp-content\/uploads\/2017\/04\/mohyla-400x300.jpg 400w, https:\/\/skalkabenecko.cz\/wp-content\/uploads\/2017\/04\/mohyla-600x450.jpg 600w, https:\/\/skalkabenecko.cz\/wp-content\/uploads\/2017\/04\/mohyla-800x600.jpg 800w, https:\/\/skalkabenecko.cz\/wp-content\/uploads\/2017\/04\/mohyla.jpg 1000w\" sizes=\"(max-width: 800px) 100vw, 400px\" \/><\/span><div class=\"fusion-clearfix\"><\/div><\/div><\/div><div class=\"fusion-layout-column fusion_builder_column fusion-builder-column-5 fusion_builder_column_2_3 2_3 fusion-two-third fusion-column-last fusion-animated\" style=\"width:66.6666666667%;width:calc(66.6666666667% - ( ( 4% ) * 0.666666666667 ) );margin-top:0px;margin-bottom:20px;\" data-animationType=\"fadeInRight\" data-animationDuration=\"0.3\" data-animationOffset=\"top-into-view\"><div class=\"fusion-column-wrapper fusion-flex-column-wrapper-legacy\" style=\"background-position:left top;background-repeat:no-repeat;-webkit-background-size:cover;-moz-background-size:cover;-o-background-size:cover;background-size:cover;padding: 0px 0px 0px 0px;\"><style type=\"text\/css\"><\/style><div class=\"fusion-title title fusion-title-3 fusion-sep-none fusion-title-text fusion-title-size-three\" style=\"margin-top:0px;margin-right:0px;margin-bottom:31px;margin-left:0px;\"><h3 class=\"title-heading-left\" style=\"margin:0;\">H\u00fcgelgrab von Han\u010d und Vrbata<\/h3><\/div><div class=\"fusion-text fusion-text-3\"><p>Erbaut wurde es in Erinnerung an den tragischen  Tod von V\u00e1clav Vrbata und Bohumil Han\u010d w\u00e4hrend des internationalen Skiwettkampfes am 24.&nbsp;3.&nbsp;1913.<\/p>\n<\/div><div class=\"fusion-clearfix\"><\/div><\/div><\/div><\/div><\/div>\n","protected":false},"excerpt":{"rendered":"","protected":false},"author":3,"featured_media":0,"parent":0,"menu_order":0,"comment_status":"closed","ping_status":"closed","template":"100-width.php","meta":[],"yoast_head":"<!-- This site is optimized with the Yoast SEO plugin v17.7.1 - https:\/\/yoast.com\/wordpress\/plugins\/seo\/ -->\n<title>Auf dem Fahrrad oder auf Wandertouren - Wellness hotel SKALKA<\/title>\n<meta name=\"robots\" content=\"index, follow, max-snippet:-1, max-image-preview:large, max-video-preview:-1\" \/>\n<link rel=\"canonical\" href=\"https:\/\/skalkabenecko.cz\/de\/fahrrad\/\" \/>\n<meta property=\"og:locale\" content=\"de_DE\" \/>\n<meta property=\"og:type\" content=\"article\" \/>\n<meta property=\"og:title\" content=\"Auf dem Fahrrad oder auf Wandertouren - Wellness hotel SKALKA\" \/>\n<meta property=\"og:url\" content=\"https:\/\/skalkabenecko.cz\/de\/fahrrad\/\" \/>\n<meta property=\"og:site_name\" content=\"Wellness hotel SKALKA\" \/>\n<meta property=\"article:modified_time\" content=\"2017-07-18T07:49:11+00:00\" \/>\n<meta property=\"og:image\" content=\"http:\/\/skalkabenecko.cz\/wp-content\/uploads\/2017\/02\/nahled_for_fb_skalka.jpg\" \/>\n<meta name=\"twitter:card\" content=\"summary\" \/>\n<meta name=\"twitter:label1\" content=\"Gesch\u00e4tzte Lesezeit\" \/>\n\t<meta name=\"twitter:data1\" content=\"5 minutes\" \/>\n<script type=\"application\/ld+json\" class=\"yoast-schema-graph\">{\"@context\":\"https:\/\/schema.org\",\"@graph\":[{\"@type\":\"WebSite\",\"@id\":\"https:\/\/skalkabenecko.cz\/#website\",\"url\":\"https:\/\/skalkabenecko.cz\/\",\"name\":\"Wellness hotel SKALKA\",\"description\":\"Wellness, ubytov\\u00e1n\\u00ed, restaurace, sport\",\"potentialAction\":[{\"@type\":\"SearchAction\",\"target\":{\"@type\":\"EntryPoint\",\"urlTemplate\":\"https:\/\/skalkabenecko.cz\/?s={search_term_string}\"},\"query-input\":\"required name=search_term_string\"}],\"inLanguage\":\"de-DE\"},{\"@type\":\"WebPage\",\"@id\":\"https:\/\/skalkabenecko.cz\/de\/fahrrad\/#webpage\",\"url\":\"https:\/\/skalkabenecko.cz\/de\/fahrrad\/\",\"name\":\"Auf dem Fahrrad oder auf Wandertouren - Wellness hotel SKALKA\",\"isPartOf\":{\"@id\":\"https:\/\/skalkabenecko.cz\/#website\"},\"datePublished\":\"2017-04-27T10:16:28+00:00\",\"dateModified\":\"2017-07-18T07:49:11+00:00\",\"breadcrumb\":{\"@id\":\"https:\/\/skalkabenecko.cz\/de\/fahrrad\/#breadcrumb\"},\"inLanguage\":\"de-DE\",\"potentialAction\":[{\"@type\":\"ReadAction\",\"target\":[\"https:\/\/skalkabenecko.cz\/de\/fahrrad\/\"]}]},{\"@type\":\"BreadcrumbList\",\"@id\":\"https:\/\/skalkabenecko.cz\/de\/fahrrad\/#breadcrumb\",\"itemListElement\":[{\"@type\":\"ListItem\",\"position\":1,\"name\":\"Home\",\"item\":\"https:\/\/skalkabenecko.cz\/de\/\"},{\"@type\":\"ListItem\",\"position\":2,\"name\":\"Auf dem Fahrrad oder auf Wandertouren\"}]}]}<\/script>\n<!-- \/ Yoast SEO plugin. -->","yoast_head_json":{"title":"Auf dem Fahrrad oder auf Wandertouren - Wellness hotel SKALKA","robots":{"index":"index","follow":"follow","max-snippet":"max-snippet:-1","max-image-preview":"max-image-preview:large","max-video-preview":"max-video-preview:-1"},"canonical":"https:\/\/skalkabenecko.cz\/de\/fahrrad\/","og_locale":"de_DE","og_type":"article","og_title":"Auf dem Fahrrad oder auf Wandertouren - Wellness hotel SKALKA","og_url":"https:\/\/skalkabenecko.cz\/de\/fahrrad\/","og_site_name":"Wellness hotel SKALKA","article_modified_time":"2017-07-18T07:49:11+00:00","og_image":[{"url":"http:\/\/skalkabenecko.cz\/wp-content\/uploads\/2017\/02\/nahled_for_fb_skalka.jpg"}],"twitter_card":"summary","twitter_misc":{"Gesch\u00e4tzte Lesezeit":"5 minutes"},"schema":{"@context":"https:\/\/schema.org","@graph":[{"@type":"WebSite","@id":"https:\/\/skalkabenecko.cz\/#website","url":"https:\/\/skalkabenecko.cz\/","name":"Wellness hotel SKALKA","description":"Wellness, ubytov\u00e1n\u00ed, restaurace, sport","potentialAction":[{"@type":"SearchAction","target":{"@type":"EntryPoint","urlTemplate":"https:\/\/skalkabenecko.cz\/?s={search_term_string}"},"query-input":"required name=search_term_string"}],"inLanguage":"de-DE"},{"@type":"WebPage","@id":"https:\/\/skalkabenecko.cz\/de\/fahrrad\/#webpage","url":"https:\/\/skalkabenecko.cz\/de\/fahrrad\/","name":"Auf dem Fahrrad oder auf Wandertouren - Wellness hotel SKALKA","isPartOf":{"@id":"https:\/\/skalkabenecko.cz\/#website"},"datePublished":"2017-04-27T10:16:28+00:00","dateModified":"2017-07-18T07:49:11+00:00","breadcrumb":{"@id":"https:\/\/skalkabenecko.cz\/de\/fahrrad\/#breadcrumb"},"inLanguage":"de-DE","potentialAction":[{"@type":"ReadAction","target":["https:\/\/skalkabenecko.cz\/de\/fahrrad\/"]}]},{"@type":"BreadcrumbList","@id":"https:\/\/skalkabenecko.cz\/de\/fahrrad\/#breadcrumb","itemListElement":[{"@type":"ListItem","position":1,"name":"Home","item":"https:\/\/skalkabenecko.cz\/de\/"},{"@type":"ListItem","position":2,"name":"Auf dem Fahrrad oder auf Wandertouren"}]}]}},"_links":{"self":[{"href":"https:\/\/skalkabenecko.cz\/de\/wp-json\/wp\/v2\/pages\/552"}],"collection":[{"href":"https:\/\/skalkabenecko.cz\/de\/wp-json\/wp\/v2\/pages"}],"about":[{"href":"https:\/\/skalkabenecko.cz\/de\/wp-json\/wp\/v2\/types\/page"}],"author":[{"embeddable":true,"href":"https:\/\/skalkabenecko.cz\/de\/wp-json\/wp\/v2\/users\/3"}],"replies":[{"embeddable":true,"href":"https:\/\/skalkabenecko.cz\/de\/wp-json\/wp\/v2\/comments?post=552"}],"version-history":[{"count":2,"href":"https:\/\/skalkabenecko.cz\/de\/wp-json\/wp\/v2\/pages\/552\/revisions"}],"predecessor-version":[{"id":554,"href":"https:\/\/skalkabenecko.cz\/de\/wp-json\/wp\/v2\/pages\/552\/revisions\/554"}],"wp:attachment":[{"href":"https:\/\/skalkabenecko.cz\/de\/wp-json\/wp\/v2\/media?parent=552"}],"curies":[{"name":"wp","href":"https:\/\/api.w.org\/{rel}","templated":true}]}}