{"id":555,"date":"2017-03-06T09:32:59","date_gmt":"2017-03-06T08:32:59","guid":{"rendered":"http:\/\/skalkabenecko.cz\/autem\/"},"modified":"2017-07-18T09:52:28","modified_gmt":"2017-07-18T07:52:28","slug":"per-auto","status":"publish","type":"page","link":"https:\/\/skalkabenecko.cz\/de\/per-auto\/","title":{"rendered":"Per Auto"},"content":{"rendered":"<div class=\"fusion-fullwidth fullwidth-box fusion-builder-row-1 nonhundred-percent-fullwidth non-hundred-percent-height-scrolling\" style=\"background-color: rgba(255,255,255,0);background-position: center center;background-repeat: no-repeat;padding-top:20px;padding-right:0px;padding-bottom:20px;padding-left:0px;margin-bottom: 0px;margin-top: 0px;border-width: 0px 0px 0px 0px;border-color:#eae9e9;border-style:solid;\" ><div class=\"fusion-builder-row fusion-row\"><div class=\"fusion-layout-column fusion_builder_column fusion-builder-column-0 fusion_builder_column_1_1 1_1 fusion-one-full fusion-column-first fusion-column-last\" style=\"margin-top:0px;margin-bottom:20px;\"><div class=\"fusion-column-wrapper fusion-flex-column-wrapper-legacy\" style=\"background-position:left top;background-repeat:no-repeat;-webkit-background-size:cover;-moz-background-size:cover;-o-background-size:cover;background-size:cover;padding: 0px 0px 0px 0px;\"><style type=\"text\/css\"><\/style><div class=\"fusion-title title fusion-title-1 fusion-sep-none fusion-title-center fusion-title-text fusion-title-size-two\" style=\"margin-top:0px;margin-right:0px;margin-bottom:31px;margin-left:0px;\"><h2 class=\"title-heading-center\" style=\"margin:0;\">Per Auto<\/h2><\/div><div class=\"fusion-sep-clear\"><\/div><div class=\"fusion-separator fusion-has-icon fusion-full-width-sep\" style=\"margin-left: auto;margin-right: auto;width:100%;\"><div class=\"fusion-separator-border sep-single sep-solid\" style=\"border-color:#474040;border-top-width:1px;\"><\/div><span class=\"icon-wrapper\" style=\"border-color:#474040;background-color:rgba(255,255,255,0);font-size:16px;width: 1.75em; height: 1.75em;border-width:1px;padding:1px;margin-top:-0.5px\"><i class=\" fa fa-camera-retro\" style=\"font-size: inherit;color:#474040;\" aria-hidden=\"true\"><\/i><\/span><div class=\"fusion-separator-border sep-single sep-solid\" style=\"border-color:#474040;border-top-width:1px;\"><\/div><\/div><div class=\"fusion-sep-clear\"><\/div><div class=\"fusion-sep-clear\"><\/div><div class=\"fusion-separator fusion-full-width-sep\" style=\"margin-left: auto;margin-right: auto;margin-top:20px;margin-bottom:20px;width:100%;\"><\/div><div class=\"fusion-sep-clear\"><\/div><div class=\"fusion-clearfix\"><\/div><\/div><\/div><div class=\"fusion-layout-column fusion_builder_column fusion-builder-column-1 fusion_builder_column_1_3 1_3 fusion-one-third fusion-column-first fusion-animated\" style=\"width:33.3333333333%;width:calc(33.3333333333% - ( ( 4% ) * 0.333333333333 ) );margin-right: 4%;margin-top:0px;margin-bottom:20px;\" data-animationType=\"fadeInLeft\" data-animationDuration=\"0.3\" data-animationOffset=\"top-into-view\"><div class=\"fusion-column-wrapper fusion-flex-column-wrapper-legacy\" style=\"background-position:left top;background-repeat:no-repeat;-webkit-background-size:cover;-moz-background-size:cover;-o-background-size:cover;background-size:cover;padding: 0px 0px 0px 0px;\"><span class=\" fusion-imageframe imageframe-none imageframe-1 hover-type-none obrazeksestinem\" style=\"border-radius:25px;\"><img width=\"1000\" height=\"750\" title=\"vrchlabi\" src=\"http:\/\/skalkabenecko.cz\/wp-content\/uploads\/2017\/03\/vrchlabi.jpg\" class=\"img-responsive wp-image-374\" srcset=\"https:\/\/skalkabenecko.cz\/wp-content\/uploads\/2017\/03\/vrchlabi-200x150.jpg 200w, https:\/\/skalkabenecko.cz\/wp-content\/uploads\/2017\/03\/vrchlabi-400x300.jpg 400w, https:\/\/skalkabenecko.cz\/wp-content\/uploads\/2017\/03\/vrchlabi-600x450.jpg 600w, https:\/\/skalkabenecko.cz\/wp-content\/uploads\/2017\/03\/vrchlabi-800x600.jpg 800w, https:\/\/skalkabenecko.cz\/wp-content\/uploads\/2017\/03\/vrchlabi.jpg 1000w\" sizes=\"(max-width: 800px) 100vw, 400px\" \/><\/span><div class=\"fusion-clearfix\"><\/div><\/div><\/div><div class=\"fusion-layout-column fusion_builder_column fusion-builder-column-2 fusion_builder_column_2_3 2_3 fusion-two-third fusion-column-last fusion-animated\" style=\"width:66.6666666667%;width:calc(66.6666666667% - ( ( 4% ) * 0.666666666667 ) );margin-top:0px;margin-bottom:20px;\" data-animationType=\"fadeInRight\" data-animationDuration=\"0.3\" data-animationOffset=\"top-into-view\"><div class=\"fusion-column-wrapper fusion-flex-column-wrapper-legacy\" style=\"background-position:left top;background-repeat:no-repeat;-webkit-background-size:cover;-moz-background-size:cover;-o-background-size:cover;background-size:cover;padding: 0px 0px 0px 0px;\"><style type=\"text\/css\"><\/style><div class=\"fusion-title title fusion-title-2 fusion-sep-none fusion-title-text fusion-title-size-three\" style=\"margin-top:0px;margin-right:0px;margin-bottom:31px;margin-left:0px;\"><h3 class=\"title-heading-left\" style=\"margin:0;\">Vrchlab\u00ed &#8211; 10 km<\/h3><\/div><div class=\"fusion-text fusion-text-1\"><p>Vrchlab\u00ed ist die Eingangspforte ins Riesengebirge.  Im Sommer geht es nicht anders als einen der vielz\u00e4hligen Vorg\u00e4rten an zahlreichen Restaurants aufzusuchen, im Winter geht man die Kaffestuben oder diverse Frisiersalons besuchen, oder einfach einkaufen. Die Ziele f\u00fcr die  Liebhaber von Denkm\u00e4lern sind hier der Kloster in Vrchlab\u00ed, die Kirche und das Riesengebirgsmuseum. Und f\u00fcr die abenteuerlichen Typen sind Ausflugsfliege \u00fcber dem Riesengebirge von dem Flughafen in Vrchlab\u00ed aus vorbereitet.<\/p>\n<\/div><div class=\"fusion-clearfix\"><\/div><\/div><\/div><div class=\"fusion-layout-column fusion_builder_column fusion-builder-column-3 fusion_builder_column_1_1 1_1 fusion-one-full fusion-column-first fusion-column-last\" style=\"margin-top:0px;margin-bottom:20px;\"><div class=\"fusion-column-wrapper fusion-flex-column-wrapper-legacy\" style=\"background-position:left top;background-repeat:no-repeat;-webkit-background-size:cover;-moz-background-size:cover;-o-background-size:cover;background-size:cover;padding: 0px 0px 0px 0px;\"><div class=\"fusion-sep-clear\"><\/div><div class=\"fusion-separator fusion-full-width-sep oddelovac\" style=\"margin-left: auto;margin-right: auto;width:100%;\"><div class=\"fusion-separator-border sep-single sep-solid\" style=\"border-color:#e0dede;border-top-width:1px;\"><\/div><\/div><div class=\"fusion-sep-clear\"><\/div><div class=\"fusion-clearfix\"><\/div><\/div><\/div><div class=\"fusion-layout-column fusion_builder_column fusion-builder-column-4 fusion_builder_column_1_3 1_3 fusion-one-third fusion-column-first fusion-animated\" style=\"width:33.3333333333%;width:calc(33.3333333333% - ( ( 4% ) * 0.333333333333 ) );margin-right: 4%;margin-top:0px;margin-bottom:20px;\" data-animationType=\"fadeInLeft\" data-animationDuration=\"0.3\" data-animationOffset=\"top-into-view\"><div class=\"fusion-column-wrapper fusion-flex-column-wrapper-legacy\" style=\"background-position:left top;background-repeat:no-repeat;-webkit-background-size:cover;-moz-background-size:cover;-o-background-size:cover;background-size:cover;padding: 0px 0px 0px 0px;\"><span class=\" fusion-imageframe imageframe-none imageframe-2 hover-type-none obrazeksestinem\" style=\"border-radius:25px;\"><img width=\"1000\" height=\"750\" title=\"jilemnice\" src=\"http:\/\/skalkabenecko.cz\/wp-content\/uploads\/2017\/03\/jilemnice.jpg\" class=\"img-responsive wp-image-376\" srcset=\"https:\/\/skalkabenecko.cz\/wp-content\/uploads\/2017\/03\/jilemnice-200x150.jpg 200w, https:\/\/skalkabenecko.cz\/wp-content\/uploads\/2017\/03\/jilemnice-400x300.jpg 400w, https:\/\/skalkabenecko.cz\/wp-content\/uploads\/2017\/03\/jilemnice-600x450.jpg 600w, https:\/\/skalkabenecko.cz\/wp-content\/uploads\/2017\/03\/jilemnice-800x600.jpg 800w, https:\/\/skalkabenecko.cz\/wp-content\/uploads\/2017\/03\/jilemnice.jpg 1000w\" sizes=\"(max-width: 800px) 100vw, 400px\" \/><\/span><div class=\"fusion-clearfix\"><\/div><\/div><\/div><div class=\"fusion-layout-column fusion_builder_column fusion-builder-column-5 fusion_builder_column_2_3 2_3 fusion-two-third fusion-column-last fusion-animated\" style=\"width:66.6666666667%;width:calc(66.6666666667% - ( ( 4% ) * 0.666666666667 ) );margin-top:0px;margin-bottom:20px;\" data-animationType=\"fadeInRight\" data-animationDuration=\"0.3\" data-animationOffset=\"top-into-view\"><div class=\"fusion-column-wrapper fusion-flex-column-wrapper-legacy\" style=\"background-position:left top;background-repeat:no-repeat;-webkit-background-size:cover;-moz-background-size:cover;-o-background-size:cover;background-size:cover;padding: 0px 0px 0px 0px;\"><style type=\"text\/css\"><\/style><div class=\"fusion-title title fusion-title-3 fusion-sep-none fusion-title-text fusion-title-size-three\" style=\"margin-top:0px;margin-right:0px;margin-bottom:31px;margin-left:0px;\"><h3 class=\"title-heading-left\" style=\"margin:0;\">Jilemnice &#8211; 10 km<\/h3><\/div><div class=\"fusion-text fusion-text-2\"><p>Jilemnice ist eine kleine Vorgebirgsstadt, die ihren B\u00fcrgern ein ziemlich ruhiges Leben anbietet. Hier findet man ein Riesengebirgsmuseum, den Stadtplatz mit einem Springbrunnen und im Winter schm\u00fcckt den Stadtplatz eine Statue des Bergk\u00f6nigs R\u00fcbezahl aus dem Schnee gebaut. Vom Rathausturm erblickt man die echte Vorgebirgsnatur. Das hiesige Sportgymnasium  haben etliche Spitzensportler und Medaillentr\u00e4ger zahlreicher Weltbewerbe besucht.<\/p>\n<\/div><div class=\"fusion-clearfix\"><\/div><\/div><\/div><div class=\"fusion-layout-column fusion_builder_column fusion-builder-column-6 fusion_builder_column_1_1 1_1 fusion-one-full fusion-column-first fusion-column-last\" style=\"margin-top:0px;margin-bottom:20px;\"><div class=\"fusion-column-wrapper fusion-flex-column-wrapper-legacy\" style=\"background-position:left top;background-repeat:no-repeat;-webkit-background-size:cover;-moz-background-size:cover;-o-background-size:cover;background-size:cover;padding: 0px 0px 0px 0px;\"><div class=\"fusion-sep-clear\"><\/div><div class=\"fusion-separator fusion-full-width-sep oddelovac\" style=\"margin-left: auto;margin-right: auto;width:100%;\"><div class=\"fusion-separator-border sep-single sep-solid\" style=\"border-color:#e0dede;border-top-width:1px;\"><\/div><\/div><div class=\"fusion-sep-clear\"><\/div><div class=\"fusion-clearfix\"><\/div><\/div><\/div><div class=\"fusion-layout-column fusion_builder_column fusion-builder-column-7 fusion_builder_column_1_3 1_3 fusion-one-third fusion-column-first fusion-animated\" style=\"width:33.3333333333%;width:calc(33.3333333333% - ( ( 4% ) * 0.333333333333 ) );margin-right: 4%;margin-top:0px;margin-bottom:20px;\" data-animationType=\"fadeInLeft\" data-animationDuration=\"0.3\" data-animationOffset=\"top-into-view\"><div class=\"fusion-column-wrapper fusion-flex-column-wrapper-legacy\" style=\"background-position:left top;background-repeat:no-repeat;-webkit-background-size:cover;-moz-background-size:cover;-o-background-size:cover;background-size:cover;padding: 0px 0px 0px 0px;\"><span class=\" fusion-imageframe imageframe-none imageframe-3 hover-type-none obrazeksestinem\" style=\"border-radius:25px;\"><img width=\"1000\" height=\"750\" title=\"spindleruv-mlyn\" src=\"http:\/\/skalkabenecko.cz\/wp-content\/uploads\/2017\/03\/spindleruv-mlyn.jpg\" class=\"img-responsive wp-image-377\" srcset=\"https:\/\/skalkabenecko.cz\/wp-content\/uploads\/2017\/03\/spindleruv-mlyn-200x150.jpg 200w, https:\/\/skalkabenecko.cz\/wp-content\/uploads\/2017\/03\/spindleruv-mlyn-400x300.jpg 400w, https:\/\/skalkabenecko.cz\/wp-content\/uploads\/2017\/03\/spindleruv-mlyn-600x450.jpg 600w, https:\/\/skalkabenecko.cz\/wp-content\/uploads\/2017\/03\/spindleruv-mlyn-800x600.jpg 800w, https:\/\/skalkabenecko.cz\/wp-content\/uploads\/2017\/03\/spindleruv-mlyn.jpg 1000w\" sizes=\"(max-width: 800px) 100vw, 400px\" \/><\/span><div class=\"fusion-clearfix\"><\/div><\/div><\/div><div class=\"fusion-layout-column fusion_builder_column fusion-builder-column-8 fusion_builder_column_2_3 2_3 fusion-two-third fusion-column-last fusion-animated\" style=\"width:66.6666666667%;width:calc(66.6666666667% - ( ( 4% ) * 0.666666666667 ) );margin-top:0px;margin-bottom:20px;\" data-animationType=\"fadeInRight\" data-animationDuration=\"0.3\" data-animationOffset=\"top-into-view\"><div class=\"fusion-column-wrapper fusion-flex-column-wrapper-legacy\" style=\"background-position:left top;background-repeat:no-repeat;-webkit-background-size:cover;-moz-background-size:cover;-o-background-size:cover;background-size:cover;padding: 0px 0px 0px 0px;\"><style type=\"text\/css\"><\/style><div class=\"fusion-title title fusion-title-4 fusion-sep-none fusion-title-text fusion-title-size-three\" style=\"margin-top:0px;margin-right:0px;margin-bottom:31px;margin-left:0px;\"><h3 class=\"title-heading-left\" style=\"margin:0;\">Spindlerm\u00fchle &#8211; auf dem Rad 8 km, per Auto 25 km<\/h3><\/div><div class=\"fusion-text fusion-text-3\"><p>Das gr\u00f6\u00dfte Skizentrum in der Tschechischen\u00a0Republik mit zahlreichen Sport- und Adrenalinattraktionen, z.B. Bobbahn, Monkey Park, Aquapark, Paragliding \u2013 Tandemfallschirmspringen, Bungee jumping\u2026<\/p>\n<p>Spindlerm\u00fchle kennt man dank den anspruchsvollen Abfahrtpisten. Allj\u00e4hrlich im Monat M\u00e4rz  finden in Spindlerm\u00fchle  Abfahrtwettk\u00e4mpfe auf dem Weltniveau statt.<\/p>\n<\/div><div class=\"fusion-clearfix\"><\/div><\/div><\/div><div class=\"fusion-layout-column fusion_builder_column fusion-builder-column-9 fusion_builder_column_1_1 1_1 fusion-one-full fusion-column-first fusion-column-last\" style=\"margin-top:0px;margin-bottom:20px;\"><div class=\"fusion-column-wrapper fusion-flex-column-wrapper-legacy\" style=\"background-position:left top;background-repeat:no-repeat;-webkit-background-size:cover;-moz-background-size:cover;-o-background-size:cover;background-size:cover;padding: 0px 0px 0px 0px;\"><div class=\"fusion-sep-clear\"><\/div><div class=\"fusion-separator fusion-full-width-sep oddelovac\" style=\"margin-left: auto;margin-right: auto;width:100%;\"><div class=\"fusion-separator-border sep-single sep-solid\" style=\"border-color:#e0dede;border-top-width:1px;\"><\/div><\/div><div class=\"fusion-sep-clear\"><\/div><div class=\"fusion-clearfix\"><\/div><\/div><\/div><div class=\"fusion-layout-column fusion_builder_column fusion-builder-column-10 fusion_builder_column_1_3 1_3 fusion-one-third fusion-column-first fusion-animated\" style=\"width:33.3333333333%;width:calc(33.3333333333% - ( ( 4% ) * 0.333333333333 ) );margin-right: 4%;margin-top:0px;margin-bottom:20px;\" data-animationType=\"fadeInLeft\" data-animationDuration=\"0.3\" data-animationOffset=\"top-into-view\"><div class=\"fusion-column-wrapper fusion-flex-column-wrapper-legacy\" style=\"background-position:left top;background-repeat:no-repeat;-webkit-background-size:cover;-moz-background-size:cover;-o-background-size:cover;background-size:cover;padding: 0px 0px 0px 0px;\"><span class=\" fusion-imageframe imageframe-none imageframe-4 hover-type-none obrazeksestinem\" style=\"border-radius:25px;\"><img width=\"640\" height=\"478\" title=\"jeskyne\" src=\"http:\/\/skalkabenecko.cz\/wp-content\/uploads\/2017\/03\/jeskyne.jpg\" class=\"img-responsive wp-image-381\" srcset=\"https:\/\/skalkabenecko.cz\/wp-content\/uploads\/2017\/03\/jeskyne-200x149.jpg 200w, https:\/\/skalkabenecko.cz\/wp-content\/uploads\/2017\/03\/jeskyne-400x299.jpg 400w, https:\/\/skalkabenecko.cz\/wp-content\/uploads\/2017\/03\/jeskyne-600x448.jpg 600w, https:\/\/skalkabenecko.cz\/wp-content\/uploads\/2017\/03\/jeskyne.jpg 640w\" sizes=\"(max-width: 800px) 100vw, 400px\" \/><\/span><div class=\"fusion-clearfix\"><\/div><\/div><\/div><div class=\"fusion-layout-column fusion_builder_column fusion-builder-column-11 fusion_builder_column_2_3 2_3 fusion-two-third fusion-column-last fusion-animated\" style=\"width:66.6666666667%;width:calc(66.6666666667% - ( ( 4% ) * 0.666666666667 ) );margin-top:0px;margin-bottom:20px;\" data-animationType=\"fadeInRight\" data-animationDuration=\"0.3\" data-animationOffset=\"top-into-view\"><div class=\"fusion-column-wrapper fusion-flex-column-wrapper-legacy\" style=\"background-position:left top;background-repeat:no-repeat;-webkit-background-size:cover;-moz-background-size:cover;-o-background-size:cover;background-size:cover;padding: 0px 0px 0px 0px;\"><style type=\"text\/css\"><\/style><div class=\"fusion-title title fusion-title-5 fusion-sep-none fusion-title-text fusion-title-size-three\" style=\"margin-top:0px;margin-right:0px;margin-bottom:31px;margin-left:0px;\"><h3 class=\"title-heading-left\" style=\"margin:0;\">H\u00f6hle in Bozkovice &#8211; 20 km<\/h3><\/div><div class=\"fusion-text fusion-text-4\"><p>Eine H\u00f6hle mit pr\u00e4chtigem Tropfsteingebilde.<\/p>\n<\/div><div class=\"fusion-clearfix\"><\/div><\/div><\/div><div class=\"fusion-layout-column fusion_builder_column fusion-builder-column-12 fusion_builder_column_1_1 1_1 fusion-one-full fusion-column-first fusion-column-last\" style=\"margin-top:0px;margin-bottom:20px;\"><div class=\"fusion-column-wrapper fusion-flex-column-wrapper-legacy\" style=\"background-position:left top;background-repeat:no-repeat;-webkit-background-size:cover;-moz-background-size:cover;-o-background-size:cover;background-size:cover;padding: 0px 0px 0px 0px;\"><div class=\"fusion-sep-clear\"><\/div><div class=\"fusion-separator fusion-full-width-sep oddelovac\" style=\"margin-left: auto;margin-right: auto;width:100%;\"><div class=\"fusion-separator-border sep-single sep-solid\" style=\"border-color:#e0dede;border-top-width:1px;\"><\/div><\/div><div class=\"fusion-sep-clear\"><\/div><div class=\"fusion-clearfix\"><\/div><\/div><\/div><div class=\"fusion-layout-column fusion_builder_column fusion-builder-column-13 fusion_builder_column_1_3 1_3 fusion-one-third fusion-column-first fusion-animated\" style=\"width:33.3333333333%;width:calc(33.3333333333% - ( ( 4% ) * 0.333333333333 ) );margin-right: 4%;margin-top:0px;margin-bottom:20px;\" data-animationType=\"fadeInLeft\" data-animationDuration=\"0.3\" data-animationOffset=\"top-into-view\"><div class=\"fusion-column-wrapper fusion-flex-column-wrapper-legacy\" style=\"background-position:left top;background-repeat:no-repeat;-webkit-background-size:cover;-moz-background-size:cover;-o-background-size:cover;background-size:cover;padding: 0px 0px 0px 0px;\"><span class=\" fusion-imageframe imageframe-none imageframe-5 hover-type-none obrazeksestinem\" style=\"border-radius:25px;\"><img width=\"660\" height=\"495\" title=\"zoo\" src=\"http:\/\/skalkabenecko.cz\/wp-content\/uploads\/2017\/03\/zoo.jpg\" class=\"img-responsive wp-image-379\" srcset=\"https:\/\/skalkabenecko.cz\/wp-content\/uploads\/2017\/03\/zoo-200x150.jpg 200w, https:\/\/skalkabenecko.cz\/wp-content\/uploads\/2017\/03\/zoo-400x300.jpg 400w, https:\/\/skalkabenecko.cz\/wp-content\/uploads\/2017\/03\/zoo-600x450.jpg 600w, https:\/\/skalkabenecko.cz\/wp-content\/uploads\/2017\/03\/zoo.jpg 660w\" sizes=\"(max-width: 800px) 100vw, 400px\" \/><\/span><div class=\"fusion-clearfix\"><\/div><\/div><\/div><div class=\"fusion-layout-column fusion_builder_column fusion-builder-column-14 fusion_builder_column_2_3 2_3 fusion-two-third fusion-column-last fusion-animated\" style=\"width:66.6666666667%;width:calc(66.6666666667% - ( ( 4% ) * 0.666666666667 ) );margin-top:0px;margin-bottom:20px;\" data-animationType=\"fadeInRight\" data-animationDuration=\"0.3\" data-animationOffset=\"top-into-view\"><div class=\"fusion-column-wrapper fusion-flex-column-wrapper-legacy\" style=\"background-position:left top;background-repeat:no-repeat;-webkit-background-size:cover;-moz-background-size:cover;-o-background-size:cover;background-size:cover;padding: 0px 0px 0px 0px;\"><style type=\"text\/css\"><\/style><div class=\"fusion-title title fusion-title-6 fusion-sep-none fusion-title-text fusion-title-size-three\" style=\"margin-top:0px;margin-right:0px;margin-bottom:31px;margin-left:0px;\"><h3 class=\"title-heading-left\" style=\"margin:0;\">ZOO-Garten  Dv\u016fr Kr\u00e1lov\u00e9 nad Labem &#8211; 35 km<\/h3><\/div><div class=\"fusion-text fusion-text-5\"><p>Ein Ausflug in den\u00a0ZOO-Garten Dv\u016fr Kr\u00e1lov\u00e9 erfreut die ganze Familie.  Frisch geborene junge Tiere, der offene Afrika-Safari mit frei sich bewegenden Tieren, die Fahrt mit der Kleinspurbahn, jedes afrikanische Tier, an das Sie sich erinnern, ist da, ebenso wie begehrte Attraktionen. \u201eAfrika wie auf der Hand\u201c, ein idealer Ausflug  f\u00fcr Sie und Ihre Kinder.<\/p>\n<\/div><div class=\"fusion-clearfix\"><\/div><\/div><\/div><\/div><\/div>\n","protected":false},"excerpt":{"rendered":"","protected":false},"author":3,"featured_media":0,"parent":0,"menu_order":0,"comment_status":"closed","ping_status":"closed","template":"100-width.php","meta":[],"yoast_head":"<!-- This site is optimized with the Yoast SEO plugin v17.7.1 - https:\/\/yoast.com\/wordpress\/plugins\/seo\/ -->\n<title>Per Auto - Wellness hotel SKALKA<\/title>\n<meta name=\"robots\" content=\"index, follow, max-snippet:-1, max-image-preview:large, max-video-preview:-1\" \/>\n<link rel=\"canonical\" href=\"https:\/\/skalkabenecko.cz\/de\/per-auto\/\" \/>\n<meta property=\"og:locale\" content=\"de_DE\" \/>\n<meta property=\"og:type\" content=\"article\" \/>\n<meta property=\"og:title\" content=\"Per Auto - Wellness hotel SKALKA\" \/>\n<meta property=\"og:url\" content=\"https:\/\/skalkabenecko.cz\/de\/per-auto\/\" \/>\n<meta property=\"og:site_name\" content=\"Wellness hotel SKALKA\" \/>\n<meta property=\"article:modified_time\" content=\"2017-07-18T07:52:28+00:00\" \/>\n<meta property=\"og:image\" content=\"http:\/\/skalkabenecko.cz\/wp-content\/uploads\/2017\/02\/nahled_for_fb_skalka.jpg\" \/>\n<meta name=\"twitter:card\" content=\"summary\" \/>\n<meta name=\"twitter:label1\" content=\"Gesch\u00e4tzte Lesezeit\" \/>\n\t<meta name=\"twitter:data1\" content=\"10 minutes\" \/>\n<script type=\"application\/ld+json\" class=\"yoast-schema-graph\">{\"@context\":\"https:\/\/schema.org\",\"@graph\":[{\"@type\":\"WebSite\",\"@id\":\"https:\/\/skalkabenecko.cz\/#website\",\"url\":\"https:\/\/skalkabenecko.cz\/\",\"name\":\"Wellness hotel SKALKA\",\"description\":\"Wellness, ubytov\\u00e1n\\u00ed, restaurace, sport\",\"potentialAction\":[{\"@type\":\"SearchAction\",\"target\":{\"@type\":\"EntryPoint\",\"urlTemplate\":\"https:\/\/skalkabenecko.cz\/?s={search_term_string}\"},\"query-input\":\"required name=search_term_string\"}],\"inLanguage\":\"de-DE\"},{\"@type\":\"WebPage\",\"@id\":\"https:\/\/skalkabenecko.cz\/de\/per-auto\/#webpage\",\"url\":\"https:\/\/skalkabenecko.cz\/de\/per-auto\/\",\"name\":\"Per Auto - Wellness hotel SKALKA\",\"isPartOf\":{\"@id\":\"https:\/\/skalkabenecko.cz\/#website\"},\"datePublished\":\"2017-03-06T08:32:59+00:00\",\"dateModified\":\"2017-07-18T07:52:28+00:00\",\"breadcrumb\":{\"@id\":\"https:\/\/skalkabenecko.cz\/de\/per-auto\/#breadcrumb\"},\"inLanguage\":\"de-DE\",\"potentialAction\":[{\"@type\":\"ReadAction\",\"target\":[\"https:\/\/skalkabenecko.cz\/de\/per-auto\/\"]}]},{\"@type\":\"BreadcrumbList\",\"@id\":\"https:\/\/skalkabenecko.cz\/de\/per-auto\/#breadcrumb\",\"itemListElement\":[{\"@type\":\"ListItem\",\"position\":1,\"name\":\"Home\",\"item\":\"https:\/\/skalkabenecko.cz\/de\/\"},{\"@type\":\"ListItem\",\"position\":2,\"name\":\"Per Auto\"}]}]}<\/script>\n<!-- \/ Yoast SEO plugin. -->","yoast_head_json":{"title":"Per Auto - Wellness hotel SKALKA","robots":{"index":"index","follow":"follow","max-snippet":"max-snippet:-1","max-image-preview":"max-image-preview:large","max-video-preview":"max-video-preview:-1"},"canonical":"https:\/\/skalkabenecko.cz\/de\/per-auto\/","og_locale":"de_DE","og_type":"article","og_title":"Per Auto - Wellness hotel SKALKA","og_url":"https:\/\/skalkabenecko.cz\/de\/per-auto\/","og_site_name":"Wellness hotel SKALKA","article_modified_time":"2017-07-18T07:52:28+00:00","og_image":[{"url":"http:\/\/skalkabenecko.cz\/wp-content\/uploads\/2017\/02\/nahled_for_fb_skalka.jpg"}],"twitter_card":"summary","twitter_misc":{"Gesch\u00e4tzte Lesezeit":"10 minutes"},"schema":{"@context":"https:\/\/schema.org","@graph":[{"@type":"WebSite","@id":"https:\/\/skalkabenecko.cz\/#website","url":"https:\/\/skalkabenecko.cz\/","name":"Wellness hotel SKALKA","description":"Wellness, ubytov\u00e1n\u00ed, restaurace, sport","potentialAction":[{"@type":"SearchAction","target":{"@type":"EntryPoint","urlTemplate":"https:\/\/skalkabenecko.cz\/?s={search_term_string}"},"query-input":"required name=search_term_string"}],"inLanguage":"de-DE"},{"@type":"WebPage","@id":"https:\/\/skalkabenecko.cz\/de\/per-auto\/#webpage","url":"https:\/\/skalkabenecko.cz\/de\/per-auto\/","name":"Per Auto - Wellness hotel SKALKA","isPartOf":{"@id":"https:\/\/skalkabenecko.cz\/#website"},"datePublished":"2017-03-06T08:32:59+00:00","dateModified":"2017-07-18T07:52:28+00:00","breadcrumb":{"@id":"https:\/\/skalkabenecko.cz\/de\/per-auto\/#breadcrumb"},"inLanguage":"de-DE","potentialAction":[{"@type":"ReadAction","target":["https:\/\/skalkabenecko.cz\/de\/per-auto\/"]}]},{"@type":"BreadcrumbList","@id":"https:\/\/skalkabenecko.cz\/de\/per-auto\/#breadcrumb","itemListElement":[{"@type":"ListItem","position":1,"name":"Home","item":"https:\/\/skalkabenecko.cz\/de\/"},{"@type":"ListItem","position":2,"name":"Per Auto"}]}]}},"_links":{"self":[{"href":"https:\/\/skalkabenecko.cz\/de\/wp-json\/wp\/v2\/pages\/555"}],"collection":[{"href":"https:\/\/skalkabenecko.cz\/de\/wp-json\/wp\/v2\/pages"}],"about":[{"href":"https:\/\/skalkabenecko.cz\/de\/wp-json\/wp\/v2\/types\/page"}],"author":[{"embeddable":true,"href":"https:\/\/skalkabenecko.cz\/de\/wp-json\/wp\/v2\/users\/3"}],"replies":[{"embeddable":true,"href":"https:\/\/skalkabenecko.cz\/de\/wp-json\/wp\/v2\/comments?post=555"}],"version-history":[{"count":2,"href":"https:\/\/skalkabenecko.cz\/de\/wp-json\/wp\/v2\/pages\/555\/revisions"}],"predecessor-version":[{"id":557,"href":"https:\/\/skalkabenecko.cz\/de\/wp-json\/wp\/v2\/pages\/555\/revisions\/557"}],"wp:attachment":[{"href":"https:\/\/skalkabenecko.cz\/de\/wp-json\/wp\/v2\/media?parent=555"}],"curies":[{"name":"wp","href":"https:\/\/api.w.org\/{rel}","templated":true}]}}