{"id":514,"date":"2017-05-05T10:14:21","date_gmt":"2017-05-05T08:14:21","guid":{"rendered":"http:\/\/skalkabenecko.cz\/fotogalerie\/"},"modified":"2017-07-18T10:03:04","modified_gmt":"2017-07-18T08:03:04","slug":"photogallery","status":"publish","type":"page","link":"https:\/\/skalkabenecko.cz\/en\/photogallery\/","title":{"rendered":"Photogallery"},"content":{"rendered":"<div class=\"fusion-fullwidth fullwidth-box fusion-builder-row-1 nonhundred-percent-fullwidth non-hundred-percent-height-scrolling\" style=\"background-color: rgba(255,255,255,0);background-position: center center;background-repeat: no-repeat;padding-top:20px;padding-right:0px;padding-bottom:20px;padding-left:0px;margin-bottom: 0px;margin-top: 0px;border-width: 0px 0px 0px 0px;border-color:#eae9e9;border-style:solid;\" ><div class=\"fusion-builder-row fusion-row\"><div class=\"fusion-layout-column fusion_builder_column fusion-builder-column-0 fusion_builder_column_1_1 1_1 fusion-one-full fusion-column-first fusion-column-last\" style=\"margin-top:0px;margin-bottom:20px;\"><div class=\"fusion-column-wrapper fusion-flex-column-wrapper-legacy\" style=\"background-position:left top;background-repeat:no-repeat;-webkit-background-size:cover;-moz-background-size:cover;-o-background-size:cover;background-size:cover;padding: 0px 0px 0px 0px;\"><style type=\"text\/css\"><\/style><div class=\"fusion-title title fusion-title-1 fusion-sep-none fusion-title-center fusion-title-text fusion-title-size-two\" style=\"margin-top:0px;margin-right:0px;margin-bottom:31px;margin-left:0px;\"><h2 class=\"title-heading-center\" style=\"margin:0;\">Photogallery<\/h2><\/div><div class=\"fusion-sep-clear\"><\/div><div class=\"fusion-separator fusion-has-icon fusion-full-width-sep\" style=\"margin-left: auto;margin-right: auto;width:100%;\"><div class=\"fusion-separator-border sep-single sep-solid\" style=\"border-color:#474040;border-top-width:1px;\"><\/div><span class=\"icon-wrapper\" style=\"border-color:#474040;background-color:rgba(255,255,255,0);font-size:16px;width: 1.75em; height: 1.75em;border-width:1px;padding:1px;margin-top:-0.5px\"><i class=\" fa fa-picture-o\" style=\"font-size: inherit;color:#474040;\" aria-hidden=\"true\"><\/i><\/span><div class=\"fusion-separator-border sep-single sep-solid\" style=\"border-color:#474040;border-top-width:1px;\"><\/div><\/div><div class=\"fusion-sep-clear\"><\/div><div class=\"fusion-sep-clear\"><\/div><div class=\"fusion-separator fusion-full-width-sep\" style=\"margin-left: auto;margin-right: auto;margin-top:20px;margin-bottom:20px;width:100%;\"><\/div><div class=\"fusion-sep-clear\"><\/div><div class=\"fusion-clearfix\"><\/div><\/div><\/div><div class=\"fusion-layout-column fusion_builder_column fusion-builder-column-1 fusion_builder_column_1_3 1_3 fusion-one-third fusion-column-first fusion-animated\" style=\"width:33.3333333333%;width:calc(33.3333333333% - ( ( 4% ) * 0.333333333333 ) );margin-right: 4%;margin-top:0px;margin-bottom:20px;\" data-animationType=\"fadeInLeft\" data-animationDuration=\"0.3\" data-animationOffset=\"top-into-view\"><div class=\"fusion-column-wrapper fusion-flex-column-wrapper-legacy\" style=\"background-position:left top;background-repeat:no-repeat;-webkit-background-size:cover;-moz-background-size:cover;-o-background-size:cover;background-size:cover;padding: 0px 0px 0px 0px;\"><span class=\" fusion-imageframe imageframe-none imageframe-1 hover-type-zoomin obrazeksestinem\" style=\"border-radius:25px;\"><a class=\"fusion-no-lightbox\" href=\"\/en\/photo-history\/\" target=\"_self\" aria-label=\"2005\"><img width=\"1493\" height=\"976\" src=\"http:\/\/skalkabenecko.cz\/wp-content\/uploads\/2017\/05\/2005.jpg\" class=\"img-responsive wp-image-415\" srcset=\"https:\/\/skalkabenecko.cz\/wp-content\/uploads\/2017\/05\/2005-200x131.jpg 200w, https:\/\/skalkabenecko.cz\/wp-content\/uploads\/2017\/05\/2005-400x261.jpg 400w, https:\/\/skalkabenecko.cz\/wp-content\/uploads\/2017\/05\/2005-600x392.jpg 600w, https:\/\/skalkabenecko.cz\/wp-content\/uploads\/2017\/05\/2005-800x523.jpg 800w, https:\/\/skalkabenecko.cz\/wp-content\/uploads\/2017\/05\/2005-1200x784.jpg 1200w, https:\/\/skalkabenecko.cz\/wp-content\/uploads\/2017\/05\/2005.jpg 1493w\" sizes=\"(max-width: 800px) 100vw, 400px\" \/><\/a><\/span><div class=\"fusion-clearfix\"><\/div><\/div><\/div><div class=\"fusion-layout-column fusion_builder_column fusion-builder-column-2 fusion_builder_column_2_3 2_3 fusion-two-third fusion-column-last fusion-animated\" style=\"width:66.6666666667%;width:calc(66.6666666667% - ( ( 4% ) * 0.666666666667 ) );margin-top:0px;margin-bottom:20px;\" data-animationType=\"fadeInRight\" data-animationDuration=\"0.3\" data-animationOffset=\"top-into-view\"><div class=\"fusion-column-wrapper fusion-flex-column-wrapper-legacy\" style=\"background-position:left top;background-repeat:no-repeat;-webkit-background-size:cover;-moz-background-size:cover;-o-background-size:cover;background-size:cover;padding: 0px 0px 0px 0px;\"><style type=\"text\/css\"><\/style><div class=\"fusion-title title fusion-title-2 fusion-sep-none fusion-title-text fusion-title-size-three\" style=\"margin-top:0px;margin-right:0px;margin-bottom:31px;margin-left:0px;\"><h3 class=\"title-heading-left\" style=\"margin:0;\">History<\/h3><\/div><div class=\"fusion-text fusion-text-1\"><p>Look at how Skalka was developed.<\/p>\n<\/div><span style=\"float: right;\"><a href=\"\/en\/photo-history\/\">More<\/a><\/span><div class=\"fusion-clearfix\"><\/div><\/div><\/div><div class=\"fusion-layout-column fusion_builder_column fusion-builder-column-3 fusion_builder_column_1_1 1_1 fusion-one-full fusion-column-first fusion-column-last\" style=\"margin-top:0px;margin-bottom:20px;\"><div class=\"fusion-column-wrapper fusion-flex-column-wrapper-legacy\" style=\"background-position:left top;background-repeat:no-repeat;-webkit-background-size:cover;-moz-background-size:cover;-o-background-size:cover;background-size:cover;padding: 0px 0px 0px 0px;\"><div class=\"fusion-sep-clear\"><\/div><div class=\"fusion-separator fusion-full-width-sep oddelovac\" style=\"margin-left: auto;margin-right: auto;width:100%;\"><div class=\"fusion-separator-border sep-single sep-solid\" style=\"border-color:#e0dede;border-top-width:1px;\"><\/div><\/div><div class=\"fusion-sep-clear\"><\/div><div class=\"fusion-clearfix\"><\/div><\/div><\/div><div class=\"fusion-layout-column fusion_builder_column fusion-builder-column-4 fusion_builder_column_1_3 1_3 fusion-one-third fusion-column-first fusion-animated\" style=\"width:33.3333333333%;width:calc(33.3333333333% - ( ( 4% ) * 0.333333333333 ) );margin-right: 4%;margin-top:0px;margin-bottom:20px;\" data-animationType=\"fadeInLeft\" data-animationDuration=\"0.3\" data-animationOffset=\"top-into-view\"><div class=\"fusion-column-wrapper fusion-flex-column-wrapper-legacy\" style=\"background-position:left top;background-repeat:no-repeat;-webkit-background-size:cover;-moz-background-size:cover;-o-background-size:cover;background-size:cover;padding: 0px 0px 0px 0px;\"><span class=\" fusion-imageframe imageframe-none imageframe-2 hover-type-zoomin obrazeksestinem\" style=\"border-radius:25px;\"><a class=\"fusion-no-lightbox\" href=\"\/en\/photo-hotel\/\" target=\"_self\" aria-label=\"V\u00fd\u0159ivka\"><img width=\"1024\" height=\"683\" src=\"http:\/\/skalkabenecko.cz\/wp-content\/uploads\/2017\/03\/vyrivka-4.jpg\" class=\"img-responsive wp-image-249\" srcset=\"https:\/\/skalkabenecko.cz\/wp-content\/uploads\/2017\/03\/vyrivka-4-200x133.jpg 200w, https:\/\/skalkabenecko.cz\/wp-content\/uploads\/2017\/03\/vyrivka-4-400x267.jpg 400w, https:\/\/skalkabenecko.cz\/wp-content\/uploads\/2017\/03\/vyrivka-4-600x400.jpg 600w, https:\/\/skalkabenecko.cz\/wp-content\/uploads\/2017\/03\/vyrivka-4-800x534.jpg 800w, https:\/\/skalkabenecko.cz\/wp-content\/uploads\/2017\/03\/vyrivka-4.jpg 1024w\" sizes=\"(max-width: 800px) 100vw, 400px\" \/><\/a><\/span><div class=\"fusion-clearfix\"><\/div><\/div><\/div><div class=\"fusion-layout-column fusion_builder_column fusion-builder-column-5 fusion_builder_column_2_3 2_3 fusion-two-third fusion-column-last fusion-animated\" style=\"width:66.6666666667%;width:calc(66.6666666667% - ( ( 4% ) * 0.666666666667 ) );margin-top:0px;margin-bottom:20px;\" data-animationType=\"fadeInRight\" data-animationDuration=\"0.3\" data-animationOffset=\"top-into-view\"><div class=\"fusion-column-wrapper fusion-flex-column-wrapper-legacy\" style=\"background-position:left top;background-repeat:no-repeat;-webkit-background-size:cover;-moz-background-size:cover;-o-background-size:cover;background-size:cover;padding: 0px 0px 0px 0px;\"><style type=\"text\/css\"><\/style><div class=\"fusion-title title fusion-title-3 fusion-sep-none fusion-title-text fusion-title-size-three\" style=\"margin-top:0px;margin-right:0px;margin-bottom:31px;margin-left:0px;\"><h3 class=\"title-heading-left\" style=\"margin:0;\">Hotel<\/h3><\/div><div class=\"fusion-text fusion-text-2\"><p>Hotel a v\u0161e co nab\u00edz\u00ed si m\u016f\u017eete prohl\u00e9dnout v&nbsp;t\u00e9to fotogalerii.<\/p>\n<\/div><span style=\"float: right;\"><a href=\"\/en\/photo-hotel\/\">More<\/a><\/span><div class=\"fusion-clearfix\"><\/div><\/div><\/div><div class=\"fusion-layout-column fusion_builder_column fusion-builder-column-6 fusion_builder_column_1_1 1_1 fusion-one-full fusion-column-first fusion-column-last\" style=\"margin-top:0px;margin-bottom:20px;\"><div class=\"fusion-column-wrapper fusion-flex-column-wrapper-legacy\" style=\"background-position:left top;background-repeat:no-repeat;-webkit-background-size:cover;-moz-background-size:cover;-o-background-size:cover;background-size:cover;padding: 0px 0px 0px 0px;\"><div class=\"fusion-sep-clear\"><\/div><div class=\"fusion-separator fusion-full-width-sep oddelovac\" style=\"margin-left: auto;margin-right: auto;width:100%;\"><div class=\"fusion-separator-border sep-single sep-solid\" style=\"border-color:#e0dede;border-top-width:1px;\"><\/div><\/div><div class=\"fusion-sep-clear\"><\/div><div class=\"fusion-clearfix\"><\/div><\/div><\/div><div class=\"fusion-layout-column fusion_builder_column fusion-builder-column-7 fusion_builder_column_1_3 1_3 fusion-one-third fusion-column-first fusion-animated\" style=\"width:33.3333333333%;width:calc(33.3333333333% - ( ( 4% ) * 0.333333333333 ) );margin-right: 4%;margin-top:0px;margin-bottom:20px;\" data-animationType=\"fadeInLeft\" data-animationDuration=\"0.3\" data-animationOffset=\"top-into-view\"><div class=\"fusion-column-wrapper fusion-flex-column-wrapper-legacy\" style=\"background-position:left top;background-repeat:no-repeat;-webkit-background-size:cover;-moz-background-size:cover;-o-background-size:cover;background-size:cover;padding: 0px 0px 0px 0px;\"><span class=\" fusion-imageframe imageframe-none imageframe-3 hover-type-zoomin obrazeksestinem\" style=\"border-radius:25px;\"><a class=\"fusion-no-lightbox\" href=\"\/en\/photo-surroundings\/\" target=\"_self\" aria-label=\"luftakova-stezka\"><img width=\"1000\" height=\"750\" src=\"http:\/\/skalkabenecko.cz\/wp-content\/uploads\/2017\/04\/luftakova-stezka.jpg\" class=\"img-responsive wp-image-390\" srcset=\"https:\/\/skalkabenecko.cz\/wp-content\/uploads\/2017\/04\/luftakova-stezka-200x150.jpg 200w, https:\/\/skalkabenecko.cz\/wp-content\/uploads\/2017\/04\/luftakova-stezka-400x300.jpg 400w, https:\/\/skalkabenecko.cz\/wp-content\/uploads\/2017\/04\/luftakova-stezka-600x450.jpg 600w, https:\/\/skalkabenecko.cz\/wp-content\/uploads\/2017\/04\/luftakova-stezka-800x600.jpg 800w, https:\/\/skalkabenecko.cz\/wp-content\/uploads\/2017\/04\/luftakova-stezka.jpg 1000w\" sizes=\"(max-width: 800px) 100vw, 400px\" \/><\/a><\/span><div class=\"fusion-clearfix\"><\/div><\/div><\/div><div class=\"fusion-layout-column fusion_builder_column fusion-builder-column-8 fusion_builder_column_2_3 2_3 fusion-two-third fusion-column-last fusion-animated\" style=\"width:66.6666666667%;width:calc(66.6666666667% - ( ( 4% ) * 0.666666666667 ) );margin-top:0px;margin-bottom:20px;\" data-animationType=\"fadeInRight\" data-animationDuration=\"0.3\" data-animationOffset=\"top-into-view\"><div class=\"fusion-column-wrapper fusion-flex-column-wrapper-legacy\" style=\"background-position:left top;background-repeat:no-repeat;-webkit-background-size:cover;-moz-background-size:cover;-o-background-size:cover;background-size:cover;padding: 0px 0px 0px 0px;\"><style type=\"text\/css\"><\/style><div class=\"fusion-title title fusion-title-4 fusion-sep-none fusion-title-text fusion-title-size-three\" style=\"margin-top:0px;margin-right:0px;margin-bottom:31px;margin-left:0px;\"><h3 class=\"title-heading-left\" style=\"margin:0;\">Surroundings<\/h3><\/div><div class=\"fusion-text fusion-text-3\"><p>Fotografie z&nbsp;v\u00fdlet\u016f do bl\u00edzk\u00e9ho i vzd\u00e1len\u011bj\u0161\u00edho okol\u00ed.<\/p>\n<\/div><span style=\"float: right;\"><a href=\"\/en\/photo-surroundings\/\">More<\/a><\/span><div class=\"fusion-clearfix\"><\/div><\/div><\/div><\/div><\/div>\n","protected":false},"excerpt":{"rendered":"","protected":false},"author":3,"featured_media":0,"parent":0,"menu_order":0,"comment_status":"closed","ping_status":"closed","template":"100-width.php","meta":[],"yoast_head":"<!-- This site is optimized with the Yoast SEO plugin v17.7.1 - https:\/\/yoast.com\/wordpress\/plugins\/seo\/ -->\n<title>Photogallery - Wellness hotel SKALKA<\/title>\n<meta name=\"robots\" content=\"index, follow, max-snippet:-1, max-image-preview:large, max-video-preview:-1\" \/>\n<link rel=\"canonical\" href=\"https:\/\/skalkabenecko.cz\/en\/photogallery\/\" \/>\n<meta property=\"og:locale\" content=\"en_US\" \/>\n<meta property=\"og:type\" content=\"article\" \/>\n<meta property=\"og:title\" content=\"Photogallery - Wellness hotel SKALKA\" \/>\n<meta property=\"og:url\" content=\"https:\/\/skalkabenecko.cz\/en\/photogallery\/\" \/>\n<meta property=\"og:site_name\" content=\"Wellness hotel SKALKA\" \/>\n<meta property=\"article:modified_time\" content=\"2017-07-18T08:03:04+00:00\" \/>\n<meta property=\"og:image\" content=\"http:\/\/skalkabenecko.cz\/wp-content\/uploads\/2017\/02\/nahled_for_fb_skalka.jpg\" \/>\n<meta name=\"twitter:card\" content=\"summary\" \/>\n<meta name=\"twitter:label1\" content=\"Est. reading time\" \/>\n\t<meta name=\"twitter:data1\" content=\"6 minut\" \/>\n<script type=\"application\/ld+json\" class=\"yoast-schema-graph\">{\"@context\":\"https:\/\/schema.org\",\"@graph\":[{\"@type\":\"WebSite\",\"@id\":\"https:\/\/skalkabenecko.cz\/#website\",\"url\":\"https:\/\/skalkabenecko.cz\/\",\"name\":\"Wellness hotel SKALKA\",\"description\":\"Wellness, ubytov\\u00e1n\\u00ed, restaurace, sport\",\"potentialAction\":[{\"@type\":\"SearchAction\",\"target\":{\"@type\":\"EntryPoint\",\"urlTemplate\":\"https:\/\/skalkabenecko.cz\/?s={search_term_string}\"},\"query-input\":\"required name=search_term_string\"}],\"inLanguage\":\"cs\"},{\"@type\":\"WebPage\",\"@id\":\"https:\/\/skalkabenecko.cz\/en\/photogallery\/#webpage\",\"url\":\"https:\/\/skalkabenecko.cz\/en\/photogallery\/\",\"name\":\"Photogallery - Wellness hotel SKALKA\",\"isPartOf\":{\"@id\":\"https:\/\/skalkabenecko.cz\/#website\"},\"datePublished\":\"2017-05-05T08:14:21+00:00\",\"dateModified\":\"2017-07-18T08:03:04+00:00\",\"breadcrumb\":{\"@id\":\"https:\/\/skalkabenecko.cz\/en\/photogallery\/#breadcrumb\"},\"inLanguage\":\"cs\",\"potentialAction\":[{\"@type\":\"ReadAction\",\"target\":[\"https:\/\/skalkabenecko.cz\/en\/photogallery\/\"]}]},{\"@type\":\"BreadcrumbList\",\"@id\":\"https:\/\/skalkabenecko.cz\/en\/photogallery\/#breadcrumb\",\"itemListElement\":[{\"@type\":\"ListItem\",\"position\":1,\"name\":\"Home\",\"item\":\"https:\/\/skalkabenecko.cz\/en\/\"},{\"@type\":\"ListItem\",\"position\":2,\"name\":\"Photogallery\"}]}]}<\/script>\n<!-- \/ Yoast SEO plugin. -->","yoast_head_json":{"title":"Photogallery - Wellness hotel SKALKA","robots":{"index":"index","follow":"follow","max-snippet":"max-snippet:-1","max-image-preview":"max-image-preview:large","max-video-preview":"max-video-preview:-1"},"canonical":"https:\/\/skalkabenecko.cz\/en\/photogallery\/","og_locale":"en_US","og_type":"article","og_title":"Photogallery - Wellness hotel SKALKA","og_url":"https:\/\/skalkabenecko.cz\/en\/photogallery\/","og_site_name":"Wellness hotel SKALKA","article_modified_time":"2017-07-18T08:03:04+00:00","og_image":[{"url":"http:\/\/skalkabenecko.cz\/wp-content\/uploads\/2017\/02\/nahled_for_fb_skalka.jpg"}],"twitter_card":"summary","twitter_misc":{"Est. reading time":"6 minut"},"schema":{"@context":"https:\/\/schema.org","@graph":[{"@type":"WebSite","@id":"https:\/\/skalkabenecko.cz\/#website","url":"https:\/\/skalkabenecko.cz\/","name":"Wellness hotel SKALKA","description":"Wellness, ubytov\u00e1n\u00ed, restaurace, sport","potentialAction":[{"@type":"SearchAction","target":{"@type":"EntryPoint","urlTemplate":"https:\/\/skalkabenecko.cz\/?s={search_term_string}"},"query-input":"required name=search_term_string"}],"inLanguage":"cs"},{"@type":"WebPage","@id":"https:\/\/skalkabenecko.cz\/en\/photogallery\/#webpage","url":"https:\/\/skalkabenecko.cz\/en\/photogallery\/","name":"Photogallery - Wellness hotel SKALKA","isPartOf":{"@id":"https:\/\/skalkabenecko.cz\/#website"},"datePublished":"2017-05-05T08:14:21+00:00","dateModified":"2017-07-18T08:03:04+00:00","breadcrumb":{"@id":"https:\/\/skalkabenecko.cz\/en\/photogallery\/#breadcrumb"},"inLanguage":"cs","potentialAction":[{"@type":"ReadAction","target":["https:\/\/skalkabenecko.cz\/en\/photogallery\/"]}]},{"@type":"BreadcrumbList","@id":"https:\/\/skalkabenecko.cz\/en\/photogallery\/#breadcrumb","itemListElement":[{"@type":"ListItem","position":1,"name":"Home","item":"https:\/\/skalkabenecko.cz\/en\/"},{"@type":"ListItem","position":2,"name":"Photogallery"}]}]}},"_links":{"self":[{"href":"https:\/\/skalkabenecko.cz\/en\/wp-json\/wp\/v2\/pages\/514"}],"collection":[{"href":"https:\/\/skalkabenecko.cz\/en\/wp-json\/wp\/v2\/pages"}],"about":[{"href":"https:\/\/skalkabenecko.cz\/en\/wp-json\/wp\/v2\/types\/page"}],"author":[{"embeddable":true,"href":"https:\/\/skalkabenecko.cz\/en\/wp-json\/wp\/v2\/users\/3"}],"replies":[{"embeddable":true,"href":"https:\/\/skalkabenecko.cz\/en\/wp-json\/wp\/v2\/comments?post=514"}],"version-history":[{"count":3,"href":"https:\/\/skalkabenecko.cz\/en\/wp-json\/wp\/v2\/pages\/514\/revisions"}],"predecessor-version":[{"id":571,"href":"https:\/\/skalkabenecko.cz\/en\/wp-json\/wp\/v2\/pages\/514\/revisions\/571"}],"wp:attachment":[{"href":"https:\/\/skalkabenecko.cz\/en\/wp-json\/wp\/v2\/media?parent=514"}],"curies":[{"name":"wp","href":"https:\/\/api.w.org\/{rel}","templated":true}]}}